{"id":10866,"date":"2023-12-14T16:58:07","date_gmt":"2023-12-14T15:58:07","guid":{"rendered":"https:\/\/grand-raid-bcvs.ch\/podiumszeremonie\/"},"modified":"2025-10-10T15:36:10","modified_gmt":"2025-10-10T13:36:10","slug":"podiumszeremonie","status":"publish","type":"page","link":"https:\/\/grand-raid-bcvs.ch\/de\/podiumszeremonie\/","title":{"rendered":"Preisverleihung"},"content":{"rendered":"<p>[et_pb_section fb_built=&#8220;1&#8243; fullwidth=&#8220;on&#8220; _builder_version=&#8220;4.21.0&#8243; _module_preset=&#8220;default&#8220; background_enable_image=&#8220;off&#8220; global_colors_info=&#8220;{}&#8220;][et_pb_fullwidth_header title=&#8220;Preisverleihung&#8220; _builder_version=&#8220;4.27.2&#8243; _module_preset=&#8220;default&#8220; title_font=&#8220;|800|||||||&#8220; title_text_align=&#8220;center&#8220; title_line_height=&#8220;1.3em&#8220; background_image=&#8220;https:\/\/grand-raid-bcvs.ch\/wp-content\/uploads\/2023\/08\/GrandRaid-360DSM-samedi-0336-scaled.jpg&#8220; background_position=&#8220;top_center&#8220; background_vertical_offset=&#8220;21%&#8220; transform_translate=&#8220;4px|-128px&#8220; custom_padding=&#8220;15vw||15vw||true|false&#8220; custom_padding_tablet=&#8220;30vw||15vw||false|false&#8220; custom_padding_phone=&#8220;40vw||||false|false&#8220; custom_padding_last_edited=&#8220;on|phone&#8220; title_text_shadow_style=&#8220;preset3&#8243; title_text_shadow_color=&#8220;#000000&#8243; global_colors_info=&#8220;{}&#8220;][\/et_pb_fullwidth_header][\/et_pb_section][et_pb_section fb_built=&#8220;1&#8243; admin_label=&#8220;section&#8220; _builder_version=&#8220;4.16&#8243; global_colors_info=&#8220;{}&#8220;][et_pb_row admin_label=&#8220;row&#8220; _builder_version=&#8220;4.16&#8243; background_size=&#8220;initial&#8220; background_position=&#8220;top_left&#8220; background_repeat=&#8220;repeat&#8220; global_colors_info=&#8220;{}&#8220;][et_pb_column type=&#8220;4_4&#8243; _builder_version=&#8220;4.16&#8243; custom_padding=&#8220;|||&#8220; global_colors_info=&#8220;{}&#8220; custom_padding__hover=&#8220;|||&#8220;][et_pb_text _builder_version=&#8220;4.27.4&#8243; _module_preset=&#8220;default&#8220; hover_enabled=&#8220;0&#8243; global_colors_info=&#8220;{}&#8220; sticky_enabled=&#8220;0&#8243;]<\/p>\n<h1>Zeitplan f\u00fcr die Preisverleihung :<\/h1>\n<p>Die Preisverleihungszeremonien finden am Samstag, den 22. August 2026 in Grimentz statt.<\/p>\n<p>[\/et_pb_text][et_pb_code _builder_version=&#8220;4.27.2&#8243; _module_preset=&#8220;default&#8220; global_colors_info=&#8220;{}&#8220;]\n<table id=\"tablepress-18\" class=\"tablepress tablepress-id-18 tablepress-responsive\">\n<tbody class=\"row-hover\">\n<tr class=\"row-1 odd\">\n\t<td class=\"column-1\"><strong>Evol\u00e8ne<\/strong><\/td><td class=\"column-2\">12:30<\/td>\n<\/tr>\n<tr class=\"row-2 even\">\n\t<td class=\"column-1\"><strong>Raidy Coop<\/strong><\/td><td class=\"column-2\">13:15<\/td>\n<\/tr>\n<tr class=\"row-3 odd\">\n\t<td class=\"column-1\"><strong>H\u00e9r\u00e9mence<\/strong><\/td><td class=\"column-2\">13:30<\/td>\n<\/tr>\n<tr class=\"row-4 even\">\n\t<td class=\"column-1\"><strong>Verbier \u2013 UCI Elites<\/strong><\/td><td class=\"column-2\">14:30<\/td>\n<\/tr>\n<tr class=\"row-5 odd\">\n\t<td class=\"column-1\"><strong>Nendaz<\/strong><\/td><td class=\"column-2\">16:00<\/td>\n<\/tr>\n<tr class=\"row-6 even\">\n\t<td class=\"column-1\"><strong>Verbier \u2013 populaires<\/strong><\/td><td class=\"column-2\">16:30<\/td>\n<\/tr>\n<tr class=\"row-7 odd\">\n\t<td class=\"column-1\"><strong>V\u00e9t\u00e9rans- Gigas H\u00e9ros<\/strong><\/td><td class=\"column-2\">16:40<\/td>\n<\/tr>\n<tr class=\"row-8 even\">\n\t<td class=\"column-1\"><strong>MTB Alpine Cup<\/strong><\/td><td class=\"column-2\">16:45<\/td>\n<\/tr>\n<\/tbody>\n<\/table>\n<!-- #tablepress-18 from cache -->[\/et_pb_code][\/et_pb_column][\/et_pb_row][\/et_pb_section][et_pb_section fb_built=&#8220;1&#8243; disabled_on=&#8220;off|off|off&#8220; admin_label=&#8220;sponsor global&#8220; _builder_version=&#8220;4.25.1&#8243; custom_padding=&#8220;||29px||false|false&#8220; global_module=&#8220;12478&#8243; saved_tabs=&#8220;all&#8220; global_colors_info=&#8220;{}&#8220;][et_pb_row column_structure=&#8220;1_4,1_4,1_4,1_4&#8243; _builder_version=&#8220;4.25.1&#8243; _module_preset=&#8220;default&#8220; max_width=&#8220;1500px&#8220; global_colors_info=&#8220;{}&#8220;][et_pb_column type=&#8220;1_4&#8243; _builder_version=&#8220;4.25.1&#8243; _module_preset=&#8220;default&#8220; global_colors_info=&#8220;{}&#8220;][et_pb_image src=&#8220;https:\/\/grand-raid-bcvs.ch\/wp-content\/uploads\/2025\/02\/logo_coop_farbig_rgb.png&#8220; alt=&#8220;Logo Coop&#8220; url=&#8220;https:\/\/www.coop.ch\/en\/&#8220; url_new_window=&#8220;on&#8220; align=&#8220;center&#8220; _builder_version=&#8220;4.27.4&#8243; _module_preset=&#8220;default&#8220; width=&#8220;71%&#8220; width_tablet=&#8220;83%&#8220; width_phone=&#8220;85%&#8220; width_last_edited=&#8220;on|phone&#8220; global_colors_info=&#8220;{}&#8220;][\/et_pb_image][\/et_pb_column][et_pb_column type=&#8220;1_4&#8243; _builder_version=&#8220;4.16&#8243; _module_preset=&#8220;default&#8220; global_colors_info=&#8220;{}&#8220;][et_pb_image src=&#8220;https:\/\/grand-raid-bcvs.ch\/wp-content\/uploads\/2019\/04\/Loro.jpg&#8220; alt=&#8220;Logo Loterie Romande&#8220; url=&#8220;https:\/\/www.loro.ch\/de&#8220; url_new_window=&#8220;on&#8220; align=&#8220;center&#8220; _builder_version=&#8220;4.27.4&#8243; _module_preset=&#8220;default&#8220; width=&#8220;52%&#8220; width_tablet=&#8220;84%&#8220; width_phone=&#8220;93%&#8220; width_last_edited=&#8220;on|phone&#8220; custom_margin=&#8220;||||false|false&#8220; global_colors_info=&#8220;{}&#8220;][\/et_pb_image][\/et_pb_column][et_pb_column type=&#8220;1_4&#8243; _builder_version=&#8220;4.16&#8243; _module_preset=&#8220;default&#8220; global_colors_info=&#8220;{}&#8220;][et_pb_image src=&#8220;https:\/\/grand-raid-bcvs.ch\/wp-content\/uploads\/2019\/04\/Fonds-du-Sport.png&#8220; alt=&#8220;Logo Fonds du sport &#8211; Loterie Romande&#8220; url=&#8220;https:\/\/fondsdusport.ch\/accueil\/&#8220; url_new_window=&#8220;on&#8220; align=&#8220;center&#8220; _builder_version=&#8220;4.27.4&#8243; _module_preset=&#8220;default&#8220; width=&#8220;65%&#8220; width_tablet=&#8220;94%&#8220; width_phone=&#8220;96%&#8220; width_last_edited=&#8220;on|phone&#8220; custom_margin=&#8220;||||false|false&#8220; global_colors_info=&#8220;{}&#8220;][\/et_pb_image][\/et_pb_column][et_pb_column type=&#8220;1_4&#8243; _builder_version=&#8220;4.16&#8243; _module_preset=&#8220;default&#8220; global_colors_info=&#8220;{}&#8220;][et_pb_image src=&#8220;https:\/\/grand-raid-bcvs.ch\/wp-content\/uploads\/2019\/04\/Valais.jpg&#8220; alt=&#8220;Logo Valais Grav\u00e9 dans mon Coeur&#8220; url=&#8220;https:\/\/www.valais.ch\/en&#8220; url_new_window=&#8220;on&#8220; align=&#8220;center&#8220; _builder_version=&#8220;4.27.4&#8243; _module_preset=&#8220;default&#8220; width=&#8220;24%&#8220; width_tablet=&#8220;58%&#8220; width_phone=&#8220;64%&#8220; width_last_edited=&#8220;on|phone&#8220; custom_margin=&#8220;||||false|false&#8220; global_colors_info=&#8220;{}&#8220;][\/et_pb_image][\/et_pb_column][\/et_pb_row][et_pb_row column_structure=&#8220;1_3,1_3,1_3&#8243; use_custom_gutter=&#8220;on&#8220; gutter_width=&#8220;2&#8243; custom_padding_last_edited=&#8220;on|phone&#8220; _builder_version=&#8220;4.25.1&#8243; _module_preset=&#8220;default&#8220; max_width=&#8220;1500px&#8220; custom_padding_tablet=&#8220;0px||||false|false&#8220; custom_padding_phone=&#8220;&#8220; global_colors_info=&#8220;{}&#8220;][et_pb_column type=&#8220;1_3&#8243; _builder_version=&#8220;4.16&#8243; _module_preset=&#8220;default&#8220; global_colors_info=&#8220;{}&#8220;][et_pb_image src=&#8220;https:\/\/grand-raid-bcvs.ch\/wp-content\/uploads\/2024\/06\/GOLDBACH_NEO.png&#8220; alt=&#8220;Logo Goldbach Neo&#8220; url=&#8220;https:\/\/goldbach.com\/ch\/de\/news-and-insights\/die-neue-aussenwerbevermarkterin-heisst-goldbach-neo&#8220; url_new_window=&#8220;on&#8220; align=&#8220;center&#8220; show_bottom_space_tablet=&#8220;off&#8220; show_bottom_space_phone=&#8220;&#8220; show_bottom_space_last_edited=&#8220;on|phone&#8220; _builder_version=&#8220;4.25.1&#8243; _module_preset=&#8220;default&#8220; transform_scale=&#8220;214%|214%&#8220; transform_translate=&#8220;2px|12px&#8220; width=&#8220;30%&#8220; width_tablet=&#8220;30%&#8220; width_phone=&#8220;48%&#8220; width_last_edited=&#8220;on|phone&#8220; global_colors_info=&#8220;{}&#8220;][\/et_pb_image][\/et_pb_column][et_pb_column type=&#8220;1_3&#8243; _builder_version=&#8220;4.16&#8243; _module_preset=&#8220;default&#8220; global_colors_info=&#8220;{}&#8220;][et_pb_image src=&#8220;https:\/\/grand-raid-bcvs.ch\/wp-content\/uploads\/2020\/12\/OIKEN_NB_CMJN.png&#8220; alt=&#8220;Logo Oiken&#8220; url=&#8220;https:\/\/oiken.ch\/&#8220; url_new_window=&#8220;on&#8220; align=&#8220;center&#8220; _builder_version=&#8220;4.25.1&#8243; _module_preset=&#8220;default&#8220; width=&#8220;38%&#8220; width_tablet=&#8220;53%&#8220; width_phone=&#8220;76%&#8220; width_last_edited=&#8220;on|tablet&#8220; custom_margin=&#8220;22px||||false|false&#8220; custom_margin_tablet=&#8220;50px||||false|false&#8220; custom_margin_phone=&#8220;&#8220; custom_margin_last_edited=&#8220;on|phone&#8220; global_colors_info=&#8220;{}&#8220;][\/et_pb_image][\/et_pb_column][et_pb_column type=&#8220;1_3&#8243; _builder_version=&#8220;4.16&#8243; _module_preset=&#8220;default&#8220; global_colors_info=&#8220;{}&#8220;][et_pb_image src=&#8220;https:\/\/grand-raid-bcvs.ch\/wp-content\/uploads\/2022\/12\/8Fichier-22x.png&#8220; alt=&#8220;Logo UCI 2025&#8243; url=&#8220;https:\/\/uci.org\/&#8220; url_new_window=&#8220;on&#8220; align=&#8220;center&#8220; _builder_version=&#8220;4.25.1&#8243; _module_preset=&#8220;default&#8220; width=&#8220;55%&#8220; width_tablet=&#8220;53%&#8220; width_phone=&#8220;81%&#8220; width_last_edited=&#8220;on|phone&#8220; custom_margin=&#8220;10px||||false|false&#8220; custom_margin_tablet=&#8220;40px||||false|false&#8220; custom_margin_phone=&#8220;&#8220; custom_margin_last_edited=&#8220;on|phone&#8220; global_colors_info=&#8220;{}&#8220;][\/et_pb_image][\/et_pb_column][\/et_pb_row][\/et_pb_section]<\/p>\n","protected":false},"excerpt":{"rendered":"<p>Zeitplan f\u00fcr die Preisverleihung : Die Preisverleihungszeremonien finden am Samstag, den 22. August 2026 in Grimentz statt.\n<table id=\"tablepress-18-no-2\" class=\"tablepress tablepress-id-18 tablepress-responsive\">\n<tbody class=\"row-hover\">\n<tr class=\"row-1 odd\">\n\t<td class=\"column-1\"><strong>Evol\u00e8ne<\/strong><\/td><td class=\"column-2\">12:30<\/td>\n<\/tr>\n<tr class=\"row-2 even\">\n\t<td class=\"column-1\"><strong>Raidy Coop<\/strong><\/td><td class=\"column-2\">13:15<\/td>\n<\/tr>\n<tr class=\"row-3 odd\">\n\t<td class=\"column-1\"><strong>H\u00e9r\u00e9mence<\/strong><\/td><td class=\"column-2\">13:30<\/td>\n<\/tr>\n<tr class=\"row-4 even\">\n\t<td class=\"column-1\"><strong>Verbier \u2013 UCI Elites<\/strong><\/td><td class=\"column-2\">14:30<\/td>\n<\/tr>\n<tr class=\"row-5 odd\">\n\t<td class=\"column-1\"><strong>Nendaz<\/strong><\/td><td class=\"column-2\">16:00<\/td>\n<\/tr>\n<tr class=\"row-6 even\">\n\t<td class=\"column-1\"><strong>Verbier \u2013 populaires<\/strong><\/td><td class=\"column-2\">16:30<\/td>\n<\/tr>\n<tr class=\"row-7 odd\">\n\t<td class=\"column-1\"><strong>V\u00e9t\u00e9rans- Gigas H\u00e9ros<\/strong><\/td><td class=\"column-2\">16:40<\/td>\n<\/tr>\n<tr class=\"row-8 even\">\n\t<td class=\"column-1\"><strong>MTB Alpine Cup<\/strong><\/td><td class=\"column-2\">16:45<\/td>\n<\/tr>\n<\/tbody>\n<\/table>\n<\/p>\n","protected":false},"author":3,"featured_media":0,"parent":0,"menu_order":0,"comment_status":"closed","ping_status":"closed","template":"","meta":{"_et_pb_use_builder":"on","_et_pb_old_content":"","_et_gb_content_width":"","_monsterinsights_skip_tracking":false,"_monsterinsights_sitenote_active":false,"_monsterinsights_sitenote_note":"","_monsterinsights_sitenote_category":0,"footnotes":""},"class_list":["post-10866","page","type-page","status-publish","hentry"],"yoast_head":"<!-- This site is optimized with the Yoast SEO plugin v27.3 - https:\/\/yoast.com\/product\/yoast-seo-wordpress\/ -->\n<title>Preisverleihung - Grand Raid BCVS<\/title>\n<meta name=\"robots\" content=\"index, follow, max-snippet:-1, max-image-preview:large, max-video-preview:-1\" \/>\n<link rel=\"canonical\" href=\"https:\/\/grand-raid-bcvs.ch\/de\/podiumszeremonie\/\" \/>\n<meta property=\"og:locale\" content=\"de_DE\" \/>\n<meta property=\"og:type\" content=\"article\" \/>\n<meta property=\"og:title\" content=\"Preisverleihung - Grand Raid BCVS\" \/>\n<meta property=\"og:description\" content=\"Zeitplan f\u00fcr die Preisverleihung : Die Preisverleihungszeremonien finden am Samstag, den 22. August 2026 in Grimentz statt.\" \/>\n<meta property=\"og:url\" content=\"https:\/\/grand-raid-bcvs.ch\/de\/podiumszeremonie\/\" \/>\n<meta property=\"og:site_name\" content=\"Grand Raid BCVS\" \/>\n<meta property=\"article:publisher\" content=\"https:\/\/www.facebook.com\/GrandRaidBCVS\/\" \/>\n<meta property=\"article:modified_time\" content=\"2025-10-10T13:36:10+00:00\" \/>\n<meta name=\"twitter:card\" content=\"summary_large_image\" \/>\n<meta name=\"twitter:label1\" content=\"Gesch\u00e4tzte Lesezeit\" \/>\n\t<meta name=\"twitter:data1\" content=\"1\u00a0Minute\" \/>\n<script type=\"application\/ld+json\" class=\"yoast-schema-graph\">{\"@context\":\"https:\\\/\\\/schema.org\",\"@graph\":[{\"@type\":\"WebPage\",\"@id\":\"https:\\\/\\\/grand-raid-bcvs.ch\\\/de\\\/podiumszeremonie\\\/\",\"url\":\"https:\\\/\\\/grand-raid-bcvs.ch\\\/de\\\/podiumszeremonie\\\/\",\"name\":\"Preisverleihung - Grand Raid BCVS\",\"isPartOf\":{\"@id\":\"https:\\\/\\\/grand-raid-bcvs.ch\\\/#website\"},\"datePublished\":\"2023-12-14T15:58:07+00:00\",\"dateModified\":\"2025-10-10T13:36:10+00:00\",\"breadcrumb\":{\"@id\":\"https:\\\/\\\/grand-raid-bcvs.ch\\\/de\\\/podiumszeremonie\\\/#breadcrumb\"},\"inLanguage\":\"de\",\"potentialAction\":[{\"@type\":\"ReadAction\",\"target\":[\"https:\\\/\\\/grand-raid-bcvs.ch\\\/de\\\/podiumszeremonie\\\/\"]}]},{\"@type\":\"BreadcrumbList\",\"@id\":\"https:\\\/\\\/grand-raid-bcvs.ch\\\/de\\\/podiumszeremonie\\\/#breadcrumb\",\"itemListElement\":[{\"@type\":\"ListItem\",\"position\":1,\"name\":\"Accueil\",\"item\":\"https:\\\/\\\/grand-raid-bcvs.ch\\\/de\\\/startseite\\\/\"},{\"@type\":\"ListItem\",\"position\":2,\"name\":\"Preisverleihung\"}]},{\"@type\":\"WebSite\",\"@id\":\"https:\\\/\\\/grand-raid-bcvs.ch\\\/#website\",\"url\":\"https:\\\/\\\/grand-raid-bcvs.ch\\\/\",\"name\":\"Grand Raid BCVS\",\"description\":\"Site officiel du Grand-Raid BCVs\",\"publisher\":{\"@id\":\"https:\\\/\\\/grand-raid-bcvs.ch\\\/#organization\"},\"potentialAction\":[{\"@type\":\"SearchAction\",\"target\":{\"@type\":\"EntryPoint\",\"urlTemplate\":\"https:\\\/\\\/grand-raid-bcvs.ch\\\/?s={search_term_string}\"},\"query-input\":{\"@type\":\"PropertyValueSpecification\",\"valueRequired\":true,\"valueName\":\"search_term_string\"}}],\"inLanguage\":\"de\"},{\"@type\":\"Organization\",\"@id\":\"https:\\\/\\\/grand-raid-bcvs.ch\\\/#organization\",\"name\":\"Grand Raid BCVS\",\"url\":\"https:\\\/\\\/grand-raid-bcvs.ch\\\/\",\"logo\":{\"@type\":\"ImageObject\",\"inLanguage\":\"de\",\"@id\":\"https:\\\/\\\/grand-raid-bcvs.ch\\\/#\\\/schema\\\/logo\\\/image\\\/\",\"url\":\"https:\\\/\\\/grand-raid-bcvs.ch\\\/wp-content\\\/uploads\\\/2019\\\/04\\\/GRBCVS.png\",\"contentUrl\":\"https:\\\/\\\/grand-raid-bcvs.ch\\\/wp-content\\\/uploads\\\/2019\\\/04\\\/GRBCVS.png\",\"width\":350,\"height\":319,\"caption\":\"Grand Raid BCVS\"},\"image\":{\"@id\":\"https:\\\/\\\/grand-raid-bcvs.ch\\\/#\\\/schema\\\/logo\\\/image\\\/\"},\"sameAs\":[\"https:\\\/\\\/www.facebook.com\\\/GrandRaidBCVS\\\/\",\"https:\\\/\\\/www.instagram.com\\\/grandraidbcvs\\\/\",\"https:\\\/\\\/www.youtube.com\\\/channel\\\/UCtKP5pcz1AnR-OvepCmevqw\\\/videos\"]}]}<\/script>\n<!-- \/ Yoast SEO plugin. -->","yoast_head_json":{"title":"Preisverleihung - Grand Raid BCVS","robots":{"index":"index","follow":"follow","max-snippet":"max-snippet:-1","max-image-preview":"max-image-preview:large","max-video-preview":"max-video-preview:-1"},"canonical":"https:\/\/grand-raid-bcvs.ch\/de\/podiumszeremonie\/","og_locale":"de_DE","og_type":"article","og_title":"Preisverleihung - Grand Raid BCVS","og_description":"Zeitplan f\u00fcr die Preisverleihung : Die Preisverleihungszeremonien finden am Samstag, den 22. August 2026 in Grimentz statt.","og_url":"https:\/\/grand-raid-bcvs.ch\/de\/podiumszeremonie\/","og_site_name":"Grand Raid BCVS","article_publisher":"https:\/\/www.facebook.com\/GrandRaidBCVS\/","article_modified_time":"2025-10-10T13:36:10+00:00","twitter_card":"summary_large_image","twitter_misc":{"Gesch\u00e4tzte Lesezeit":"1\u00a0Minute"},"schema":{"@context":"https:\/\/schema.org","@graph":[{"@type":"WebPage","@id":"https:\/\/grand-raid-bcvs.ch\/de\/podiumszeremonie\/","url":"https:\/\/grand-raid-bcvs.ch\/de\/podiumszeremonie\/","name":"Preisverleihung - Grand Raid BCVS","isPartOf":{"@id":"https:\/\/grand-raid-bcvs.ch\/#website"},"datePublished":"2023-12-14T15:58:07+00:00","dateModified":"2025-10-10T13:36:10+00:00","breadcrumb":{"@id":"https:\/\/grand-raid-bcvs.ch\/de\/podiumszeremonie\/#breadcrumb"},"inLanguage":"de","potentialAction":[{"@type":"ReadAction","target":["https:\/\/grand-raid-bcvs.ch\/de\/podiumszeremonie\/"]}]},{"@type":"BreadcrumbList","@id":"https:\/\/grand-raid-bcvs.ch\/de\/podiumszeremonie\/#breadcrumb","itemListElement":[{"@type":"ListItem","position":1,"name":"Accueil","item":"https:\/\/grand-raid-bcvs.ch\/de\/startseite\/"},{"@type":"ListItem","position":2,"name":"Preisverleihung"}]},{"@type":"WebSite","@id":"https:\/\/grand-raid-bcvs.ch\/#website","url":"https:\/\/grand-raid-bcvs.ch\/","name":"Grand Raid BCVS","description":"Site officiel du Grand-Raid BCVs","publisher":{"@id":"https:\/\/grand-raid-bcvs.ch\/#organization"},"potentialAction":[{"@type":"SearchAction","target":{"@type":"EntryPoint","urlTemplate":"https:\/\/grand-raid-bcvs.ch\/?s={search_term_string}"},"query-input":{"@type":"PropertyValueSpecification","valueRequired":true,"valueName":"search_term_string"}}],"inLanguage":"de"},{"@type":"Organization","@id":"https:\/\/grand-raid-bcvs.ch\/#organization","name":"Grand Raid BCVS","url":"https:\/\/grand-raid-bcvs.ch\/","logo":{"@type":"ImageObject","inLanguage":"de","@id":"https:\/\/grand-raid-bcvs.ch\/#\/schema\/logo\/image\/","url":"https:\/\/grand-raid-bcvs.ch\/wp-content\/uploads\/2019\/04\/GRBCVS.png","contentUrl":"https:\/\/grand-raid-bcvs.ch\/wp-content\/uploads\/2019\/04\/GRBCVS.png","width":350,"height":319,"caption":"Grand Raid BCVS"},"image":{"@id":"https:\/\/grand-raid-bcvs.ch\/#\/schema\/logo\/image\/"},"sameAs":["https:\/\/www.facebook.com\/GrandRaidBCVS\/","https:\/\/www.instagram.com\/grandraidbcvs\/","https:\/\/www.youtube.com\/channel\/UCtKP5pcz1AnR-OvepCmevqw\/videos"]}]}},"_links":{"self":[{"href":"https:\/\/grand-raid-bcvs.ch\/de\/wp-json\/wp\/v2\/pages\/10866","targetHints":{"allow":["GET"]}}],"collection":[{"href":"https:\/\/grand-raid-bcvs.ch\/de\/wp-json\/wp\/v2\/pages"}],"about":[{"href":"https:\/\/grand-raid-bcvs.ch\/de\/wp-json\/wp\/v2\/types\/page"}],"author":[{"embeddable":true,"href":"https:\/\/grand-raid-bcvs.ch\/de\/wp-json\/wp\/v2\/users\/3"}],"replies":[{"embeddable":true,"href":"https:\/\/grand-raid-bcvs.ch\/de\/wp-json\/wp\/v2\/comments?post=10866"}],"version-history":[{"count":7,"href":"https:\/\/grand-raid-bcvs.ch\/de\/wp-json\/wp\/v2\/pages\/10866\/revisions"}],"predecessor-version":[{"id":18215,"href":"https:\/\/grand-raid-bcvs.ch\/de\/wp-json\/wp\/v2\/pages\/10866\/revisions\/18215"}],"wp:attachment":[{"href":"https:\/\/grand-raid-bcvs.ch\/de\/wp-json\/wp\/v2\/media?parent=10866"}],"curies":[{"name":"wp","href":"https:\/\/api.w.org\/{rel}","templated":true}]}}