{"id":11798,"date":"2024-05-10T13:57:26","date_gmt":"2024-05-10T11:57:26","guid":{"rendered":"https:\/\/grand-raid-bcvs.ch\/tourismus-nendaz\/"},"modified":"2024-05-10T13:57:28","modified_gmt":"2024-05-10T11:57:28","slug":"tourismus-nendaz","status":"publish","type":"page","link":"https:\/\/grand-raid-bcvs.ch\/de\/tourismus-nendaz\/","title":{"rendered":"Tourismus-Nendaz"},"content":{"rendered":"<p>[et_pb_section fb_built=&#8220;1&#8243; fullwidth=&#8220;on&#8220; _builder_version=&#8220;4.24.2&#8243; _module_preset=&#8220;default&#8220; global_colors_info=&#8220;{}&#8220;][et_pb_fullwidth_header _builder_version=&#8220;4.24.2&#8243; _module_preset=&#8220;default&#8220; title_font=&#8220;|800|||||||&#8220; title_text_align=&#8220;center&#8220; title_line_height=&#8220;1.3em&#8220; background_image=&#8220;https:\/\/grand-raid-bcvs.ch\/wp-content\/uploads\/2021\/08\/DSC08946-scaled.jpg&#8220; custom_padding=&#8220;12vw||12vw||true|false&#8220; custom_padding_tablet=&#8220;||||false&#8220; custom_padding_phone=&#8220;||||false&#8220; custom_padding_last_edited=&#8220;on|phone&#8220; title_text_shadow_style=&#8220;preset3&#8243; title_text_shadow_color=&#8220;#000000&#8243; global_colors_info=&#8220;{}&#8220;][\/et_pb_fullwidth_header][\/et_pb_section][et_pb_section fb_built=&#8220;1&#8243; module_id=&#8220;grandraidbcvs&#8220; _builder_version=&#8220;4.21.0&#8243; background_color=&#8220;#efefef&#8220; custom_padding=&#8220;||30px|||&#8220; collapsed=&#8220;off&#8220; global_colors_info=&#8220;{}&#8220;][et_pb_row _builder_version=&#8220;4.21.0&#8243; _module_preset=&#8220;default&#8220; background_color=&#8220;#FFFFFF&#8220; vertical_offset=&#8220;-83px&#8220; z_index=&#8220;999999&#8243; custom_margin=&#8220;||-50px||false|false&#8220; border_radii=&#8220;on|20px|20px|20px|20px&#8220; box_shadow_style=&#8220;preset1&#8243; global_colors_info=&#8220;{}&#8220;][et_pb_column type=&#8220;4_4&#8243; _builder_version=&#8220;4.21.0&#8243; _module_preset=&#8220;default&#8220; global_colors_info=&#8220;{}&#8220;][et_pb_text _builder_version=&#8220;4.24.2&#8243; _module_preset=&#8220;default&#8220; header_3_font=&#8220;|700|||||||&#8220; header_4_line_height=&#8220;1.3em&#8220; text_orientation=&#8220;center&#8220; global_colors_info=&#8220;{}&#8220;]<\/p>\n<h2>NENDAZ<\/h2>\n<p>[\/et_pb_text][\/et_pb_column][\/et_pb_row][\/et_pb_section][et_pb_section fb_built=&#8220;1&#8243; _builder_version=&#8220;4.21.0&#8243; _module_preset=&#8220;default&#8220; background_color=&#8220;#efefef&#8220; global_colors_info=&#8220;{}&#8220;][et_pb_row column_structure=&#8220;1_2,1_2&#8243; _builder_version=&#8220;4.21.0&#8243; custom_margin=&#8220;-20px||-20px||false|false&#8220; global_colors_info=&#8220;{}&#8220;][et_pb_column type=&#8220;1_2&#8243; _builder_version=&#8220;4.16&#8243; global_colors_info=&#8220;{}&#8220;][et_pb_text _builder_version=&#8220;4.24.2&#8243; custom_padding=&#8220;||0px|||&#8220; global_colors_info=&#8220;{}&#8220;]<\/p>\n<p><span>200 km Wege, die dem Mountainbike und dem E-Bike gewidmet sind, 250 km Wanderwege oder auch Veranstaltungen f\u00fcr Gro\u00df und Klein &#8211; auf der Seite von Nendaz ist f\u00fcr jeden Geschmack etwas dabei! Eingebettet im Herzen des Wallis, auf einem Plateau in 1300 Metern H\u00f6he \u00fcber der Rhoneebene, bietet Nendaz einen atemberaubenden Blick auf die Alpen. Aufgrund seiner privilegierten Lage inmitten der Berge eignet sich Nendaz f\u00fcr alle Arten von Urlaub. Ob Sie nun auf der Suche nach einem Familienurlaub, einem sportlichen Ausflug oder einer Flucht in die Natur sind, hier finden Sie etwas, das Ihren W\u00fcnschen entspricht, und das zu jeder Jahreszeit. Nendaz bietet Ihnen ganz einfach unvergessliche Erlebnisse im Herzen der 4 Vall\u00e9es, dem gr\u00f6\u00dften Skigebiet der Schweiz.<\/span><\/p>\n<p>[\/et_pb_text][\/et_pb_column][et_pb_column type=&#8220;1_2&#8243; _builder_version=&#8220;4.16&#8243; global_colors_info=&#8220;{}&#8220;][et_pb_image src=&#8220;https:\/\/grand-raid-bcvs.ch\/wp-content\/uploads\/2024\/05\/gallery_6745_7049_298-e1715337463294.png&#8220; _builder_version=&#8220;4.24.2&#8243; _module_preset=&#8220;default&#8220; global_colors_info=&#8220;{}&#8220;][\/et_pb_image][\/et_pb_column][\/et_pb_row][\/et_pb_section][et_pb_section fb_built=&#8220;1&#8243; module_class=&#8220;df-area&#8220; _builder_version=&#8220;4.17.3&#8243; _module_preset=&#8220;default&#8220; background_color=&#8220;#FFFFFF&#8220; background_enable_image=&#8220;off&#8220; background_size=&#8220;initial&#8220; background_position=&#8220;top_left&#8220; custom_padding=&#8220;||0px||false|false&#8220; global_colors_info=&#8220;{}&#8220;][et_pb_row column_structure=&#8220;1_3,1_3,1_3&#8243; use_custom_gutter=&#8220;on&#8220; gutter_width=&#8220;2&#8243; make_equal=&#8220;on&#8220; module_class=&#8220;dfc-25mai dfc-26mai&#8220; _builder_version=&#8220;4.24.2&#8243; _module_preset=&#8220;default&#8220; width=&#8220;100%&#8220; max_width=&#8220;1300px&#8220; custom_padding=&#8220;0px||||false|false&#8220; global_colors_info=&#8220;{}&#8220;][et_pb_column type=&#8220;1_3&#8243; module_class=&#8220;dfc-25mai&#8220; _builder_version=&#8220;4.24.2&#8243; _module_preset=&#8220;default&#8220; background_image=&#8220;https:\/\/grand-raid-bcvs.ch\/wp-content\/uploads\/2024\/05\/Hebergement-Hotel-Nendaz-4-Vallees_copyright-BOAS.jpg&#8220; custom_padding=&#8220;15vw||||false|false&#8220; custom_padding_tablet=&#8220;55vw||||false|false&#8220; custom_padding_phone=&#8220;58vw||||false|false&#8220; custom_padding_last_edited=&#8220;on|phone&#8220; link_option_url=&#8220;https:\/\/www.nendaz.ch\/fr\/G849\/escapade-a-l-hotel-ou-a-l-auberge&#8220; link_option_url_new_window=&#8220;on&#8220; custom_css_main_element=&#8220;display:-webkit-box;||  display:-webkit-flex;||  display:-ms-flexbox;||  display:flex;||-webkit-box-align:end;||-webkit-align-items:flex-end;||    -ms-flex-align:end;||        align-items:flex-end;&#8220; global_colors_info=&#8220;{}&#8220;][et_pb_text _builder_version=&#8220;4.24.2&#8243; _module_preset=&#8220;a5a24005-3319-4a4f-998b-ed6857a0de50&#8243; text_font=&#8220;|700|||||||&#8220; text_text_color=&#8220;#FFFFFF&#8220; text_font_size=&#8220;20px&#8220; header_3_text_color=&#8220;#FFFFFF&#8220; background_color=&#8220;#E30613&#8243; width=&#8220;79%&#8220; module_alignment=&#8220;center&#8220; custom_padding=&#8220;20px|20px|20px|20px|true|true&#8220; link_option_url_new_window=&#8220;on&#8220; text_font_size_tablet=&#8220;20px&#8220; text_font_size_phone=&#8220;18px&#8220; text_font_size_last_edited=&#8220;on|desktop&#8220; global_colors_info=&#8220;{}&#8220;]<\/p>\n<p><span style=\"font-size: 28px;\">Unterk\u00fcnfte<\/span><\/p>\n<p>[\/et_pb_text][\/et_pb_column][et_pb_column type=&#8220;1_3&#8243; module_class=&#8220;dfc-25mai&#8220; _builder_version=&#8220;4.24.2&#8243; _module_preset=&#8220;default&#8220; background_image=&#8220;https:\/\/grand-raid-bcvs.ch\/wp-content\/uploads\/2024\/05\/Event_Copyright-Florian-Bouvet-Fournier_2022-scaled.jpg&#8220; custom_padding=&#8220;15vw||||false|false&#8220; custom_padding_tablet=&#8220;55vw||||false|false&#8220; custom_padding_phone=&#8220;58vw||||false|false&#8220; custom_padding_last_edited=&#8220;on|phone&#8220; link_option_url=&#8220;http:\/\/www.nendaz.ch\/agenda&#8220; link_option_url_new_window=&#8220;on&#8220; custom_css_main_element=&#8220;display:-webkit-box;||  display:-webkit-flex;||  display:-ms-flexbox;||  display:flex;||-webkit-box-align:end;||-webkit-align-items:flex-end;||    -ms-flex-align:end;||        align-items:flex-end;&#8220; global_colors_info=&#8220;{}&#8220;][et_pb_text _builder_version=&#8220;4.24.2&#8243; _module_preset=&#8220;a5a24005-3319-4a4f-998b-ed6857a0de50&#8243; text_font=&#8220;|700|||||||&#8220; text_text_color=&#8220;#FFFFFF&#8220; text_font_size=&#8220;20px&#8220; header_3_text_color=&#8220;#FFFFFF&#8220; background_color=&#8220;#E30613&#8243; width=&#8220;79%&#8220; module_alignment=&#8220;center&#8220; custom_padding=&#8220;20px|20px|20px|20px|true|true&#8220; link_option_url_new_window=&#8220;on&#8220; text_font_size_tablet=&#8220;20px&#8220; text_font_size_phone=&#8220;18px&#8220; text_font_size_last_edited=&#8220;on|desktop&#8220; global_colors_info=&#8220;{}&#8220;]<\/p>\n<p><span style=\"font-size: 28px;\">Kalendar<\/span><\/p>\n<p>[\/et_pb_text][\/et_pb_column][et_pb_column type=&#8220;1_3&#8243; module_class=&#8220;dfc-25mai&#8220; _builder_version=&#8220;4.24.2&#8243; _module_preset=&#8220;default&#8220; background_image=&#8220;https:\/\/grand-raid-bcvs.ch\/wp-content\/uploads\/2024\/05\/Activite-ete-Nendaz_copyright-Florian-Bouvet-Fournier-scaled.jpg&#8220; custom_padding=&#8220;15vw||||false|false&#8220; custom_padding_tablet=&#8220;55vw||||false|false&#8220; custom_padding_phone=&#8220;58vw||||false|false&#8220; custom_padding_last_edited=&#8220;on|phone&#8220; link_option_url=&#8220;http:\/\/www.nendaz.ch\/ete&#8220; link_option_url_new_window=&#8220;on&#8220; custom_css_main_element=&#8220;display:-webkit-box;||  display:-webkit-flex;||  display:-ms-flexbox;||  display:flex;||-webkit-box-align:end;||-webkit-align-items:flex-end;||    -ms-flex-align:end;||        align-items:flex-end;&#8220; global_colors_info=&#8220;{}&#8220;][et_pb_text _builder_version=&#8220;4.24.2&#8243; _module_preset=&#8220;a5a24005-3319-4a4f-998b-ed6857a0de50&#8243; text_font=&#8220;|700|||||||&#8220; text_text_color=&#8220;#FFFFFF&#8220; text_font_size=&#8220;20px&#8220; header_3_text_color=&#8220;#FFFFFF&#8220; background_color=&#8220;#E30613&#8243; width=&#8220;79%&#8220; module_alignment=&#8220;center&#8220; custom_padding=&#8220;20px|20px|20px|20px|true|true&#8220; link_option_url_new_window=&#8220;on&#8220; text_font_size_tablet=&#8220;20px&#8220; text_font_size_phone=&#8220;18px&#8220; text_font_size_last_edited=&#8220;on|desktop&#8220; global_colors_info=&#8220;{}&#8220;]<\/p>\n<p><span style=\"font-size: 28px;\">Sommeraktivit\u00e4ten<\/span><\/p>\n<p>[\/et_pb_text][\/et_pb_column][\/et_pb_row][et_pb_row column_structure=&#8220;1_3,1_3,1_3&#8243; use_custom_gutter=&#8220;on&#8220; gutter_width=&#8220;2&#8243; make_equal=&#8220;on&#8220; module_class=&#8220;dfc-25mai dfc-26mai&#8220; _builder_version=&#8220;4.24.2&#8243; _module_preset=&#8220;default&#8220; width=&#8220;100%&#8220; max_width=&#8220;1300px&#8220; custom_padding=&#8220;0px||||false|false&#8220; global_colors_info=&#8220;{}&#8220;][et_pb_column type=&#8220;1_3&#8243; module_class=&#8220;dfc-25mai&#8220; _builder_version=&#8220;4.24.2&#8243; _module_preset=&#8220;default&#8220; background_image=&#8220;https:\/\/grand-raid-bcvs.ch\/wp-content\/uploads\/2024\/05\/Ebike-Nendaz-copyright-KIFCAT-scaled.jpg&#8220; custom_padding=&#8220;15vw||||false|false&#8220; custom_padding_tablet=&#8220;55vw||||false|false&#8220; custom_padding_phone=&#8220;58vw||||false|false&#8220; custom_padding_last_edited=&#8220;on|phone&#8220; link_option_url=&#8220;https:\/\/www.nendaz.ch\/de\/Z13437\/mtb-ebike&#8220; link_option_url_new_window=&#8220;on&#8220; custom_css_main_element=&#8220;display:-webkit-box;||  display:-webkit-flex;||  display:-ms-flexbox;||  display:flex;||-webkit-box-align:end;||-webkit-align-items:flex-end;||    -ms-flex-align:end;||        align-items:flex-end;&#8220; global_colors_info=&#8220;{}&#8220;][et_pb_text _builder_version=&#8220;4.24.2&#8243; _module_preset=&#8220;a5a24005-3319-4a4f-998b-ed6857a0de50&#8243; text_font=&#8220;|700|||||||&#8220; text_text_color=&#8220;#FFFFFF&#8220; text_font_size=&#8220;20px&#8220; header_3_text_color=&#8220;#FFFFFF&#8220; background_color=&#8220;#E30613&#8243; width=&#8220;79%&#8220; module_alignment=&#8220;center&#8220; custom_padding=&#8220;20px|20px|20px|20px|true|true&#8220; link_option_url_new_window=&#8220;on&#8220; text_font_size_tablet=&#8220;20px&#8220; text_font_size_phone=&#8220;18px&#8220; text_font_size_last_edited=&#8220;on|desktop&#8220; global_colors_info=&#8220;{}&#8220;]<\/p>\n<p><span style=\"font-size: 28px;\">Mountainbike-Infos<\/span><\/p>\n<p>[\/et_pb_text][\/et_pb_column][et_pb_column type=&#8220;1_3&#8243; module_class=&#8220;dfc-25mai&#8220; _builder_version=&#8220;4.24.2&#8243; _module_preset=&#8220;default&#8220; background_image=&#8220;https:\/\/grand-raid-bcvs.ch\/wp-content\/uploads\/2024\/05\/Nendaz-Tourisme_copyright-Florian-Bouvet-Fournier-scaled.jpg&#8220; custom_padding=&#8220;15vw||||false|false&#8220; custom_padding_tablet=&#8220;55vw||||false|false&#8220; custom_padding_phone=&#8220;58vw||||false|false&#8220; custom_padding_last_edited=&#8220;on|phone&#8220; link_option_url=&#8220;https:\/\/www.nendaz.ch\/fr\/Z13373\/nous-contacter&#8220; link_option_url_new_window=&#8220;on&#8220; custom_css_main_element=&#8220;display:-webkit-box;||  display:-webkit-flex;||  display:-ms-flexbox;||  display:flex;||-webkit-box-align:end;||-webkit-align-items:flex-end;||    -ms-flex-align:end;||        align-items:flex-end;&#8220; global_colors_info=&#8220;{}&#8220;][et_pb_text _builder_version=&#8220;4.24.2&#8243; _module_preset=&#8220;a5a24005-3319-4a4f-998b-ed6857a0de50&#8243; text_font=&#8220;|700|||||||&#8220; text_text_color=&#8220;#FFFFFF&#8220; text_font_size=&#8220;20px&#8220; header_3_text_color=&#8220;#FFFFFF&#8220; background_color=&#8220;#E30613&#8243; width=&#8220;79%&#8220; module_alignment=&#8220;center&#8220; custom_padding=&#8220;20px|20px|20px|20px|true|true&#8220; link_option_url_new_window=&#8220;on&#8220; text_font_size_tablet=&#8220;20px&#8220; text_font_size_phone=&#8220;18px&#8220; text_font_size_last_edited=&#8220;on|desktop&#8220; global_colors_info=&#8220;{}&#8220;]<\/p>\n<p><span style=\"font-size: 28px;\">Kontakt<\/span><\/p>\n<p>[\/et_pb_text][\/et_pb_column][et_pb_column type=&#8220;1_3&#8243; module_class=&#8220;dfc-25mai&#8220; _builder_version=&#8220;4.24.2&#8243; _module_preset=&#8220;default&#8220; background_image=&#8220;https:\/\/grand-raid-bcvs.ch\/wp-content\/uploads\/2024\/05\/Activite-hiver_Ski_Copyright-Etienne-Bornet_2021-scaled.jpg&#8220; custom_padding=&#8220;15vw||||false|false&#8220; custom_padding_tablet=&#8220;55vw||||false|false&#8220; custom_padding_phone=&#8220;58vw||||false|false&#8220; custom_padding_last_edited=&#8220;on|phone&#8220; link_option_url=&#8220;https:\/\/www.nendaz.ch\/de\/Z13848\/ihr-winter-in-nendaz&#8220; link_option_url_new_window=&#8220;on&#8220; custom_css_main_element=&#8220;display:-webkit-box;||  display:-webkit-flex;||  display:-ms-flexbox;||  display:flex;||-webkit-box-align:end;||-webkit-align-items:flex-end;||    -ms-flex-align:end;||        align-items:flex-end;&#8220; global_colors_info=&#8220;{}&#8220;][et_pb_text _builder_version=&#8220;4.24.2&#8243; _module_preset=&#8220;a5a24005-3319-4a4f-998b-ed6857a0de50&#8243; text_font=&#8220;|700|||||||&#8220; text_text_color=&#8220;#FFFFFF&#8220; text_font_size=&#8220;20px&#8220; header_3_text_color=&#8220;#FFFFFF&#8220; background_color=&#8220;#E30613&#8243; width=&#8220;79%&#8220; module_alignment=&#8220;center&#8220; custom_padding=&#8220;20px|20px|20px|20px|true|true&#8220; link_option_url_new_window=&#8220;on&#8220; text_font_size_tablet=&#8220;20px&#8220; text_font_size_phone=&#8220;18px&#8220; text_font_size_last_edited=&#8220;on|desktop&#8220; global_colors_info=&#8220;{}&#8220;]<\/p>\n<p><span style=\"font-size: 28px;\">Winteraktivit\u00e4ten<\/span><\/p>\n<p>[\/et_pb_text][\/et_pb_column][\/et_pb_row][\/et_pb_section][et_pb_section fb_built=&#8220;1&#8243; _builder_version=&#8220;4.21.0&#8243; _module_preset=&#8220;default&#8220; background_color=&#8220;#efefef&#8220; global_colors_info=&#8220;{}&#8220;][et_pb_row _builder_version=&#8220;4.24.2&#8243; custom_margin=&#8220;||||false|false&#8220; global_colors_info=&#8220;{}&#8220;][et_pb_column type=&#8220;4_4&#8243; _builder_version=&#8220;4.16&#8243; global_colors_info=&#8220;{}&#8220;][et_pb_gallery gallery_ids=&#8220;11732,11717,11714,11705,11711,11708,11729,11726,11723,11720&#8243; show_title_and_caption=&#8220;off&#8220; hover_icon=&#8220;T||divi||400&#8243; _builder_version=&#8220;4.24.2&#8243; _module_preset=&#8220;default&#8220; global_colors_info=&#8220;{}&#8220;][\/et_pb_gallery][\/et_pb_column][\/et_pb_row][\/et_pb_section]<\/p>\n","protected":false},"excerpt":{"rendered":"<p>NENDAZ200 km Wege, die dem Mountainbike und dem E-Bike gewidmet sind, 250 km Wanderwege oder auch Veranstaltungen f\u00fcr Gro\u00df und Klein &#8211; auf der Seite von Nendaz ist f\u00fcr jeden Geschmack etwas dabei! Eingebettet im Herzen des Wallis, auf einem Plateau in 1300 Metern H\u00f6he \u00fcber der Rhoneebene, bietet Nendaz einen atemberaubenden Blick auf die [&hellip;]<\/p>\n","protected":false},"author":1,"featured_media":0,"parent":0,"menu_order":0,"comment_status":"closed","ping_status":"closed","template":"","meta":{"_et_pb_use_builder":"on","_et_pb_old_content":"","_et_gb_content_width":"","_monsterinsights_skip_tracking":false,"_monsterinsights_sitenote_active":false,"_monsterinsights_sitenote_note":"","_monsterinsights_sitenote_category":0,"footnotes":""},"class_list":["post-11798","page","type-page","status-publish","hentry"],"yoast_head":"<!-- This site is optimized with the Yoast SEO plugin v27.3 - https:\/\/yoast.com\/product\/yoast-seo-wordpress\/ -->\n<title>Tourismus-Nendaz - Grand Raid BCVS<\/title>\n<meta name=\"robots\" content=\"index, follow, max-snippet:-1, max-image-preview:large, max-video-preview:-1\" \/>\n<link rel=\"canonical\" href=\"https:\/\/grand-raid-bcvs.ch\/de\/tourismus-nendaz\/\" \/>\n<meta property=\"og:locale\" content=\"de_DE\" \/>\n<meta property=\"og:type\" content=\"article\" \/>\n<meta property=\"og:title\" content=\"Tourismus-Nendaz - Grand Raid BCVS\" \/>\n<meta property=\"og:description\" content=\"NENDAZ200 km Wege, die dem Mountainbike und dem E-Bike gewidmet sind, 250 km Wanderwege oder auch Veranstaltungen f\u00fcr Gro\u00df und Klein - auf der Seite von Nendaz ist f\u00fcr jeden Geschmack etwas dabei! Eingebettet im Herzen des Wallis, auf einem Plateau in 1300 Metern H\u00f6he \u00fcber der Rhoneebene, bietet Nendaz einen atemberaubenden Blick auf die [&hellip;]\" \/>\n<meta property=\"og:url\" content=\"https:\/\/grand-raid-bcvs.ch\/de\/tourismus-nendaz\/\" \/>\n<meta property=\"og:site_name\" content=\"Grand Raid BCVS\" \/>\n<meta property=\"article:publisher\" content=\"https:\/\/www.facebook.com\/GrandRaidBCVS\/\" \/>\n<meta property=\"article:modified_time\" content=\"2024-05-10T11:57:28+00:00\" \/>\n<meta name=\"twitter:card\" content=\"summary_large_image\" \/>\n<meta name=\"twitter:label1\" content=\"Gesch\u00e4tzte Lesezeit\" \/>\n\t<meta name=\"twitter:data1\" content=\"8\u00a0Minuten\" \/>\n<script type=\"application\/ld+json\" class=\"yoast-schema-graph\">{\"@context\":\"https:\\\/\\\/schema.org\",\"@graph\":[{\"@type\":\"WebPage\",\"@id\":\"https:\\\/\\\/grand-raid-bcvs.ch\\\/de\\\/tourismus-nendaz\\\/\",\"url\":\"https:\\\/\\\/grand-raid-bcvs.ch\\\/de\\\/tourismus-nendaz\\\/\",\"name\":\"Tourismus-Nendaz - Grand Raid BCVS\",\"isPartOf\":{\"@id\":\"https:\\\/\\\/grand-raid-bcvs.ch\\\/#website\"},\"datePublished\":\"2024-05-10T11:57:26+00:00\",\"dateModified\":\"2024-05-10T11:57:28+00:00\",\"breadcrumb\":{\"@id\":\"https:\\\/\\\/grand-raid-bcvs.ch\\\/de\\\/tourismus-nendaz\\\/#breadcrumb\"},\"inLanguage\":\"de\",\"potentialAction\":[{\"@type\":\"ReadAction\",\"target\":[\"https:\\\/\\\/grand-raid-bcvs.ch\\\/de\\\/tourismus-nendaz\\\/\"]}]},{\"@type\":\"BreadcrumbList\",\"@id\":\"https:\\\/\\\/grand-raid-bcvs.ch\\\/de\\\/tourismus-nendaz\\\/#breadcrumb\",\"itemListElement\":[{\"@type\":\"ListItem\",\"position\":1,\"name\":\"Accueil\",\"item\":\"https:\\\/\\\/grand-raid-bcvs.ch\\\/de\\\/startseite\\\/\"},{\"@type\":\"ListItem\",\"position\":2,\"name\":\"Tourismus-Nendaz\"}]},{\"@type\":\"WebSite\",\"@id\":\"https:\\\/\\\/grand-raid-bcvs.ch\\\/#website\",\"url\":\"https:\\\/\\\/grand-raid-bcvs.ch\\\/\",\"name\":\"Grand Raid BCVS\",\"description\":\"Site officiel du Grand-Raid BCVs\",\"publisher\":{\"@id\":\"https:\\\/\\\/grand-raid-bcvs.ch\\\/#organization\"},\"potentialAction\":[{\"@type\":\"SearchAction\",\"target\":{\"@type\":\"EntryPoint\",\"urlTemplate\":\"https:\\\/\\\/grand-raid-bcvs.ch\\\/?s={search_term_string}\"},\"query-input\":{\"@type\":\"PropertyValueSpecification\",\"valueRequired\":true,\"valueName\":\"search_term_string\"}}],\"inLanguage\":\"de\"},{\"@type\":\"Organization\",\"@id\":\"https:\\\/\\\/grand-raid-bcvs.ch\\\/#organization\",\"name\":\"Grand Raid BCVS\",\"url\":\"https:\\\/\\\/grand-raid-bcvs.ch\\\/\",\"logo\":{\"@type\":\"ImageObject\",\"inLanguage\":\"de\",\"@id\":\"https:\\\/\\\/grand-raid-bcvs.ch\\\/#\\\/schema\\\/logo\\\/image\\\/\",\"url\":\"https:\\\/\\\/grand-raid-bcvs.ch\\\/wp-content\\\/uploads\\\/2019\\\/04\\\/GRBCVS.png\",\"contentUrl\":\"https:\\\/\\\/grand-raid-bcvs.ch\\\/wp-content\\\/uploads\\\/2019\\\/04\\\/GRBCVS.png\",\"width\":350,\"height\":319,\"caption\":\"Grand Raid BCVS\"},\"image\":{\"@id\":\"https:\\\/\\\/grand-raid-bcvs.ch\\\/#\\\/schema\\\/logo\\\/image\\\/\"},\"sameAs\":[\"https:\\\/\\\/www.facebook.com\\\/GrandRaidBCVS\\\/\",\"https:\\\/\\\/www.instagram.com\\\/grandraidbcvs\\\/\",\"https:\\\/\\\/www.youtube.com\\\/channel\\\/UCtKP5pcz1AnR-OvepCmevqw\\\/videos\"]}]}<\/script>\n<!-- \/ Yoast SEO plugin. -->","yoast_head_json":{"title":"Tourismus-Nendaz - Grand Raid BCVS","robots":{"index":"index","follow":"follow","max-snippet":"max-snippet:-1","max-image-preview":"max-image-preview:large","max-video-preview":"max-video-preview:-1"},"canonical":"https:\/\/grand-raid-bcvs.ch\/de\/tourismus-nendaz\/","og_locale":"de_DE","og_type":"article","og_title":"Tourismus-Nendaz - Grand Raid BCVS","og_description":"NENDAZ200 km Wege, die dem Mountainbike und dem E-Bike gewidmet sind, 250 km Wanderwege oder auch Veranstaltungen f\u00fcr Gro\u00df und Klein - auf der Seite von Nendaz ist f\u00fcr jeden Geschmack etwas dabei! Eingebettet im Herzen des Wallis, auf einem Plateau in 1300 Metern H\u00f6he \u00fcber der Rhoneebene, bietet Nendaz einen atemberaubenden Blick auf die [&hellip;]","og_url":"https:\/\/grand-raid-bcvs.ch\/de\/tourismus-nendaz\/","og_site_name":"Grand Raid BCVS","article_publisher":"https:\/\/www.facebook.com\/GrandRaidBCVS\/","article_modified_time":"2024-05-10T11:57:28+00:00","twitter_card":"summary_large_image","twitter_misc":{"Gesch\u00e4tzte Lesezeit":"8\u00a0Minuten"},"schema":{"@context":"https:\/\/schema.org","@graph":[{"@type":"WebPage","@id":"https:\/\/grand-raid-bcvs.ch\/de\/tourismus-nendaz\/","url":"https:\/\/grand-raid-bcvs.ch\/de\/tourismus-nendaz\/","name":"Tourismus-Nendaz - Grand Raid BCVS","isPartOf":{"@id":"https:\/\/grand-raid-bcvs.ch\/#website"},"datePublished":"2024-05-10T11:57:26+00:00","dateModified":"2024-05-10T11:57:28+00:00","breadcrumb":{"@id":"https:\/\/grand-raid-bcvs.ch\/de\/tourismus-nendaz\/#breadcrumb"},"inLanguage":"de","potentialAction":[{"@type":"ReadAction","target":["https:\/\/grand-raid-bcvs.ch\/de\/tourismus-nendaz\/"]}]},{"@type":"BreadcrumbList","@id":"https:\/\/grand-raid-bcvs.ch\/de\/tourismus-nendaz\/#breadcrumb","itemListElement":[{"@type":"ListItem","position":1,"name":"Accueil","item":"https:\/\/grand-raid-bcvs.ch\/de\/startseite\/"},{"@type":"ListItem","position":2,"name":"Tourismus-Nendaz"}]},{"@type":"WebSite","@id":"https:\/\/grand-raid-bcvs.ch\/#website","url":"https:\/\/grand-raid-bcvs.ch\/","name":"Grand Raid BCVS","description":"Site officiel du Grand-Raid BCVs","publisher":{"@id":"https:\/\/grand-raid-bcvs.ch\/#organization"},"potentialAction":[{"@type":"SearchAction","target":{"@type":"EntryPoint","urlTemplate":"https:\/\/grand-raid-bcvs.ch\/?s={search_term_string}"},"query-input":{"@type":"PropertyValueSpecification","valueRequired":true,"valueName":"search_term_string"}}],"inLanguage":"de"},{"@type":"Organization","@id":"https:\/\/grand-raid-bcvs.ch\/#organization","name":"Grand Raid BCVS","url":"https:\/\/grand-raid-bcvs.ch\/","logo":{"@type":"ImageObject","inLanguage":"de","@id":"https:\/\/grand-raid-bcvs.ch\/#\/schema\/logo\/image\/","url":"https:\/\/grand-raid-bcvs.ch\/wp-content\/uploads\/2019\/04\/GRBCVS.png","contentUrl":"https:\/\/grand-raid-bcvs.ch\/wp-content\/uploads\/2019\/04\/GRBCVS.png","width":350,"height":319,"caption":"Grand Raid BCVS"},"image":{"@id":"https:\/\/grand-raid-bcvs.ch\/#\/schema\/logo\/image\/"},"sameAs":["https:\/\/www.facebook.com\/GrandRaidBCVS\/","https:\/\/www.instagram.com\/grandraidbcvs\/","https:\/\/www.youtube.com\/channel\/UCtKP5pcz1AnR-OvepCmevqw\/videos"]}]}},"_links":{"self":[{"href":"https:\/\/grand-raid-bcvs.ch\/de\/wp-json\/wp\/v2\/pages\/11798","targetHints":{"allow":["GET"]}}],"collection":[{"href":"https:\/\/grand-raid-bcvs.ch\/de\/wp-json\/wp\/v2\/pages"}],"about":[{"href":"https:\/\/grand-raid-bcvs.ch\/de\/wp-json\/wp\/v2\/types\/page"}],"author":[{"embeddable":true,"href":"https:\/\/grand-raid-bcvs.ch\/de\/wp-json\/wp\/v2\/users\/1"}],"replies":[{"embeddable":true,"href":"https:\/\/grand-raid-bcvs.ch\/de\/wp-json\/wp\/v2\/comments?post=11798"}],"version-history":[{"count":3,"href":"https:\/\/grand-raid-bcvs.ch\/de\/wp-json\/wp\/v2\/pages\/11798\/revisions"}],"predecessor-version":[{"id":11801,"href":"https:\/\/grand-raid-bcvs.ch\/de\/wp-json\/wp\/v2\/pages\/11798\/revisions\/11801"}],"wp:attachment":[{"href":"https:\/\/grand-raid-bcvs.ch\/de\/wp-json\/wp\/v2\/media?parent=11798"}],"curies":[{"name":"wp","href":"https:\/\/api.w.org\/{rel}","templated":true}]}}