{"id":14595,"date":"2024-11-19T11:13:15","date_gmt":"2024-11-19T10:13:15","guid":{"rendered":"https:\/\/grand-raid-bcvs.ch\/haeufig-gestellte-fragen\/"},"modified":"2025-10-10T10:50:09","modified_gmt":"2025-10-10T08:50:09","slug":"haeufig-gestellte-fragen","status":"publish","type":"page","link":"https:\/\/grand-raid-bcvs.ch\/de\/haeufig-gestellte-fragen\/","title":{"rendered":"H\u00e4ufig gestellte Fragen"},"content":{"rendered":"<p>[et_pb_section fb_built=&#8220;1&#8243; fullwidth=&#8220;on&#8220; _builder_version=&#8220;4.27.2&#8243; _module_preset=&#8220;default&#8220; background_enable_image=&#8220;off&#8220; global_colors_info=&#8220;{}&#8220;][et_pb_fullwidth_header title=&#8220;H\u00e4ufig gestellte Fragen&#8220; _builder_version=&#8220;4.27.2&#8243; _module_preset=&#8220;default&#8220; title_font=&#8220;|800|||||||&#8220; title_text_align=&#8220;center&#8220; title_line_height=&#8220;1.3em&#8220; background_image=&#8220;https:\/\/grand-raid-bcvs.ch\/wp-content\/uploads\/2024\/08\/GrandRaidBCVS2024-DescenteBarrageGrimentz-27-scaled.jpg&#8220; transform_translate=&#8220;4px|-128px&#8220; custom_padding=&#8220;15vw||15vw||true|false&#8220; custom_padding_tablet=&#8220;28vw||||false|false&#8220; custom_padding_phone=&#8220;35vw||12vw||false|false&#8220; custom_padding_last_edited=&#8220;on|phone&#8220; title_text_shadow_style=&#8220;preset3&#8243; title_text_shadow_color=&#8220;#000000&#8243; global_colors_info=&#8220;{}&#8220;][\/et_pb_fullwidth_header][\/et_pb_section][et_pb_section fb_built=&#8220;1&#8243; _builder_version=&#8220;4.16&#8243; global_colors_info=&#8220;{}&#8220;][et_pb_row _builder_version=&#8220;4.27.4&#8243; global_colors_info=&#8220;{}&#8220;][et_pb_column type=&#8220;4_4&#8243; _builder_version=&#8220;4.27.4&#8243; custom_padding=&#8220;|||&#8220; global_colors_info=&#8220;{}&#8220; custom_padding__hover=&#8220;|||&#8220;][et_pb_text _builder_version=&#8220;4.27.2&#8243; _module_preset=&#8220;default&#8220; global_colors_info=&#8220;{}&#8220;]<\/p>\n<h2>Anmeldungen<\/h2>\n<p>[\/et_pb_text][et_pb_accordion disabled_on=&#8220;off|off|off&#8220; _builder_version=&#8220;4.27.4&#8243; hover_enabled=&#8220;0&#8243; global_colors_info=&#8220;{}&#8220; sticky_enabled=&#8220;0&#8243;][et_pb_accordion_item title=&#8220;Wie kann ich mich anmelden?&#8220; open=&#8220;on&#8220; _builder_version=&#8220;4.27.4&#8243; hover_enabled=&#8220;0&#8243; global_colors_info=&#8220;{}&#8220; sticky_enabled=&#8220;0&#8243;]<\/p>\n<p>Alle Anmeldungen erfolgen online direkt auf der Datasport-Website.<\/p>\n<p>Anmeldefrist:<\/p>\n<ul>\n<li>Online bis <strong>Donnerstag, den 20. August 2026<\/strong><\/li>\n<li>Vor Ort am <strong>Freitag, den 21. August 2026<\/strong> bei der Startnummernausgabe in Sion.<\/li>\n<\/ul>\n<p><a href=\"http:\/\/www.grand-raid-bcvs.ch\/inscription\">Ich melde mich an.<\/a><\/p>\n<p>[\/et_pb_accordion_item][et_pb_accordion_item title=&#8220;Ab welchem Alter kann man am Grand Raid BCVS teilnehmen?&#8220; _builder_version=&#8220;4.27.4&#8243; hover_enabled=&#8220;0&#8243; global_colors_info=&#8220;{}&#8220; open=&#8220;off&#8220; sticky_enabled=&#8220;0&#8243;]<\/p>\n<p>Ab 15 Jahren f\u00fcr alle Strecken. F\u00fcr die Strecke Verbier-Grimentz jedoch ab 18 Jahren. <\/p>\n<p>Wenn Sie minderj\u00e4hrig sind, m\u00fcssen Sie eine Bescheinigung Ihrer Eltern vorlegen (verf\u00fcgbar unter der Registerkarte Anmeldung).<\/p>\n<p>Und wenn Sie unter 15 Jahre alt sind, k\u00f6nnen Sie am <a href=\"https:\/\/grand-raid-bcvs.ch\/de\/raidy-coop\/\">Coop Raidy<\/a> teilnehmen.<\/p>\n<p>[\/et_pb_accordion_item][\/et_pb_accordion][et_pb_text _builder_version=&#8220;4.27.2&#8243; _module_preset=&#8220;default&#8220; global_colors_info=&#8220;{}&#8220;]<\/p>\n<h2>Abholung der Startnummern<\/h2>\n<p>[\/et_pb_text][et_pb_accordion disabled_on=&#8220;off|off|off&#8220; _builder_version=&#8220;4.27.4&#8243; hover_enabled=&#8220;0&#8243; global_colors_info=&#8220;{}&#8220; sticky_enabled=&#8220;0&#8243;][et_pb_accordion_item title=&#8220;Wie kann ich meine Startnummer abholen?&#8220; open=&#8220;on&#8220; _builder_version=&#8220;4.27.4&#8243; hover_enabled=&#8220;0&#8243; global_colors_info=&#8220;{}&#8220; sticky_enabled=&#8220;0&#8243;]<\/p>\n<div class=\"et_pb_module et_pb_text et_pb_text_0 et_pb_text_align_left et_pb_bg_layout_light\">\n<div class=\"et_pb_text_inner\">\n<p>Die Startnummernausgabe findet am Freitag, den 21. August 2025 im Cours Roger Bonvin in Sion von 11.00 bis 19.00 Uhr statt.<\/p>\n<\/div>\n<\/div>\n<div class=\"et_pb_module et_pb_text et_pb_text_1 et_pb_text_align_justified et_pb_bg_layout_light\">\n<div class=\"et_pb_text_inner\">\n<p>Vor Ort k\u00f6nnen Sie Ihre Startnummer und Ihren Erinnerungspreis abholen und das Bike Village (St\u00e4nde der Partner und Verpflegung) nutzen.<\/p>\n<p>Weitere Informationen finden Sie <a href=\"https:\/\/grand-raid-bcvs.ch\/de\/freitag\/\">hier<\/a>.<\/p>\n<\/div>\n<\/div>\n<p>[\/et_pb_accordion_item][et_pb_accordion_item title=&#8220;Kann ein Freund an meiner Stelle meine Startnummer abholen?&#8220; _builder_version=&#8220;4.27.4&#8243; hover_enabled=&#8220;0&#8243; global_colors_info=&#8220;{}&#8220; open=&#8220;off&#8220; sticky_enabled=&#8220;0&#8243;]<\/p>\n<p>Ja, ein Mitglied Ihrer Familie oder ein Freund kann Ihre Startnummer und Ihren Erinnerungspreis an Ihrer Stelle abholen.<\/p>\n<p>[\/et_pb_accordion_item][\/et_pb_accordion][et_pb_text _builder_version=&#8220;4.27.2&#8243; _module_preset=&#8220;default&#8220; global_colors_info=&#8220;{}&#8220;]<\/p>\n<h2>Rennfahrer<\/h2>\n<p>[\/et_pb_text][et_pb_accordion disabled_on=&#8220;off|off|off&#8220; _builder_version=&#8220;4.27.4&#8243; global_colors_info=&#8220;{}&#8220;][et_pb_accordion_item title=&#8220;Wie komme ich zum Start meines Rennens?&#8220; _builder_version=&#8220;4.27.2&#8243; _module_preset=&#8220;default&#8220; global_colors_info=&#8220;{}&#8220; open=&#8220;off&#8220;]<\/p>\n<ol>\n<li>Mit Ihren eigenen Mitteln.<\/li>\n<li>Mit den organisierten Bussen von Sion nach Verbier, Nendaz, H\u00e9r\u00e9mence, Evol\u00e8ne und Nax. Sie k\u00f6nnen Ihren Transport direkt bei der Anmeldung buchen. Alle Informationen zum Transport finden Sie <a href=\"https:\/\/grand-raid-bcvs.ch\/de\/transports\/\">hier<\/a>.  <\/li>\n<\/ol>\n<p>[\/et_pb_accordion_item][et_pb_accordion_item title=&#8220;Was finde ich an den verschiedenen Verpflegungsstellen?&#8220; open=&#8220;off&#8220; _builder_version=&#8220;4.27.4&#8243; _module_preset=&#8220;default&#8220; global_colors_info=&#8220;{}&#8220;]<\/p>\n<p>An jeder Verpflegungsstelle stehen den L\u00e4ufern zur Verf\u00fcgung:<\/p>\n<ul>\n<li>Wasser<\/li>\n<li>Isotonic (Powerbar)<\/li>\n<li>Coca-Cola<\/li>\n<li>Getreidebranche (Powerbar und Coop)<\/li>\n<li>Obst (Apfel, Banane, Orange)<\/li>\n<li>K\u00e4se<\/li>\n<\/ul>\n<p>Wasserflaschen und Isotonic sind bereits gef\u00fcllt und stehen Ihnen zur Verf\u00fcgung.<\/p>\n<p>[\/et_pb_accordion_item][et_pb_accordion_item title=&#8220;Gibt es eine R\u00fcckf\u00fchrung der pers\u00f6nlichen Gegenst\u00e4nde von jedem Abflug?&#8220; _builder_version=&#8220;4.27.2&#8243; _module_preset=&#8220;default&#8220; global_colors_info=&#8220;{}&#8220; open=&#8220;off&#8220;]<\/p>\n<p>Ja, wir organisieren einen R\u00fccktransport der privaten Sachen nach Grimentz im Ankunftsbereich, und zwar f\u00fcr jede Abreise.<\/p>\n<p>[\/et_pb_accordion_item][et_pb_accordion_item title=&#8220;Ist die technische Kontrolle meines Fahrrads obligatorisch?&#8220; _builder_version=&#8220;4.27.2&#8243; _module_preset=&#8220;default&#8220; global_colors_info=&#8220;{}&#8220; open=&#8220;on&#8220;]<\/p>\n<p>Die technische Kontrolle der Fahrr\u00e4der ist f\u00fcr die Teilnehmer nicht mehr obligatorisch. Dies ist jedoch nach wie vor sehr <strong>empfehlenswert und ratsam<\/strong>.<\/p>\n<ul>\n<li>Sie m\u00f6chten Ihr Fahrrad \u00fcberpr\u00fcfen lassen: Setzen Sie sich vor dem Rennen mit unseren Check-Point-Partnergesch\u00e4ften in Verbindung.<\/li>\n<li>M\u00f6glichkeit einer schnellen Kontrolle vor Ort bei der Startnummernausgabe in Sion.  <\/li>\n<li>Technische Unterst\u00fctzung ist w\u00e4hrend des Rennens an unseren Technikposten auf der Strecke anwesend.<\/li>\n<\/ul>\n<p>Entdecken Sie unsere <a href=\"https:\/\/grand-raid-bcvs.ch\/de\/technische-kontrolle\/\">Checkliste<\/a> f\u00fcr die Vorbereitung Ihres Fahrrads zu Hause.<\/p>\n<p>[\/et_pb_accordion_item][\/et_pb_accordion][et_pb_text _builder_version=&#8220;4.27.4&#8243; _module_preset=&#8220;default&#8220; global_colors_info=&#8220;{}&#8220;]<\/p>\n<h2>Ergebnisse und Podiumspl\u00e4tze<\/h2>\n<p>[\/et_pb_text][et_pb_accordion disabled_on=&#8220;off|off|off&#8220; _builder_version=&#8220;4.27.4&#8243; global_colors_info=&#8220;{}&#8220;][et_pb_accordion_item title=&#8220;Gibt es ein Podium f\u00fcr alle Kategorien?&#8220; open=&#8220;on&#8220; _builder_version=&#8220;4.27.2&#8243; _module_preset=&#8220;default&#8220; global_colors_info=&#8220;{}&#8220;]<\/p>\n<p>Nein, es m\u00fcssen mindestens 10 Teilnehmer pro Kategorie anwesend sein, damit ein Podium verk\u00fcndet werden kann.<\/p>\n<p>[\/et_pb_accordion_item][\/et_pb_accordion][et_pb_text _builder_version=&#8220;4.27.2&#8243; _module_preset=&#8220;default&#8220; global_colors_info=&#8220;{}&#8220;]<\/p>\n<h2>Freiwilige<\/h2>\n<p>[\/et_pb_text][et_pb_accordion disabled_on=&#8220;off|off|off&#8220; _builder_version=&#8220;4.27.4&#8243; hover_enabled=&#8220;0&#8243; global_colors_info=&#8220;{}&#8220; sticky_enabled=&#8220;0&#8243;][et_pb_accordion_item title=&#8220;Wie kann ich mich als Freiwilliger f\u00fcr den Grand Raid BCVS bewerben?&#8220; open=&#8220;on&#8220; _builder_version=&#8220;4.27.4&#8243; _module_preset=&#8220;default&#8220; hover_enabled=&#8220;0&#8243; global_colors_info=&#8220;{}&#8220; sticky_enabled=&#8220;0&#8243;]<\/p>\n<p>Nichts ist einfacher als das! Wir freuen uns, Sie bald zu unserer gro\u00dfen Familie von Freiwilligen z\u00e4hlen zu d\u00fcrfen. <\/p>\n<p>Kontaktieren Sie uns per E-Mail an <a href=\"mailto:info@grand-raid-bcvs.ch\">info@grand-raid-bcvs.ch<\/a><\/p>\n<p>Weitere Informationen finden Sie <a href=\"https:\/\/grand-raid-bcvs.ch\/de\/volunteers\/\">hier<\/a>.<\/p>\n<p>[\/et_pb_accordion_item][\/et_pb_accordion][et_pb_text _builder_version=&#8220;4.27.2&#8243; _module_preset=&#8220;default&#8220; global_colors_info=&#8220;{}&#8220;]<\/p>\n<h2>Zuschauer<\/h2>\n<p>[\/et_pb_text][et_pb_accordion disabled_on=&#8220;off|off|off&#8220; _builder_version=&#8220;4.27.4&#8243; hover_enabled=&#8220;0&#8243; global_colors_info=&#8220;{}&#8220; sticky_enabled=&#8220;0&#8243;][et_pb_accordion_item title=&#8220;Ich bin Zuschauer, wie finde ich den besten Beobachtungsort?&#8220; open=&#8220;off&#8220; _builder_version=&#8220;4.27.4&#8243; _module_preset=&#8220;default&#8220; hover_enabled=&#8220;0&#8243; global_colors_info=&#8220;{}&#8220; sticky_enabled=&#8220;0&#8243;]<\/p>\n<p>Sie sind Zuschauer, dann finden Sie <a href=\"https:\/\/grand-raid-bcvs.ch\/de\/zuschauer\/\">hier<\/a> alle Informationen.<\/p>\n<p>[\/et_pb_accordion_item][et_pb_accordion_item title=&#8220;Was tun in der Ankunftszone in Grimentz?&#8220; _builder_version=&#8220;4.27.2&#8243; _module_preset=&#8220;default&#8220; global_colors_info=&#8220;{}&#8220; open=&#8220;on&#8220;]<\/p>\n<p>Der Zielbereich in Grimentz bietet verschiedene Aktivit\u00e4ten f\u00fcr die Teilnehmer und ihre Familien, Freunde und Unterst\u00fctzer.<\/p>\n<p>Sie finden unter anderem :<\/p>\n<ul>\n<li>Warme und kalte Verpflegung<\/li>\n<li>St\u00e4nde der Partner<\/li>\n<li>Spielplatz f\u00fcr Kinder<\/li>\n<li>Ankunft des Rennens<\/li>\n<\/ul>\n<p>Wir laden Sie herzlich zu unserem <strong>gro\u00dfen Raclette-Abend<\/strong> ab 19.00 Uhr ein. Eine Veranstaltung innerhalb der Veranstaltung. Informationen und Reservierungen finden Sie <a href=\"https:\/\/grand-raid-bcvs.ch\/de\/raclette-party\/\">hier<\/a>.  <\/p>\n<p>[\/et_pb_accordion_item][\/et_pb_accordion][\/et_pb_column][\/et_pb_row][\/et_pb_section][et_pb_section fb_built=&#8220;1&#8243; disabled_on=&#8220;off|off|off&#8220; admin_label=&#8220;sponsor global&#8220; _builder_version=&#8220;4.25.1&#8243; custom_padding=&#8220;||29px||false|false&#8220; global_module=&#8220;12478&#8243; saved_tabs=&#8220;all&#8220; global_colors_info=&#8220;{}&#8220;][et_pb_row column_structure=&#8220;1_4,1_4,1_4,1_4&#8243; _builder_version=&#8220;4.25.1&#8243; _module_preset=&#8220;default&#8220; max_width=&#8220;1500px&#8220; global_colors_info=&#8220;{}&#8220;][et_pb_column type=&#8220;1_4&#8243; _builder_version=&#8220;4.25.1&#8243; _module_preset=&#8220;default&#8220; global_colors_info=&#8220;{}&#8220;][et_pb_image src=&#8220;https:\/\/grand-raid-bcvs.ch\/wp-content\/uploads\/2025\/02\/logo_coop_farbig_rgb.png&#8220; alt=&#8220;Logo Coop&#8220; url=&#8220;https:\/\/www.coop.ch\/en\/&#8220; url_new_window=&#8220;on&#8220; align=&#8220;center&#8220; _builder_version=&#8220;4.27.4&#8243; _module_preset=&#8220;default&#8220; width=&#8220;71%&#8220; width_tablet=&#8220;83%&#8220; width_phone=&#8220;85%&#8220; width_last_edited=&#8220;on|phone&#8220; global_colors_info=&#8220;{}&#8220;][\/et_pb_image][\/et_pb_column][et_pb_column type=&#8220;1_4&#8243; _builder_version=&#8220;4.16&#8243; _module_preset=&#8220;default&#8220; global_colors_info=&#8220;{}&#8220;][et_pb_image src=&#8220;https:\/\/grand-raid-bcvs.ch\/wp-content\/uploads\/2019\/04\/Loro.jpg&#8220; alt=&#8220;Logo Loterie Romande&#8220; url=&#8220;https:\/\/www.loro.ch\/de&#8220; url_new_window=&#8220;on&#8220; align=&#8220;center&#8220; _builder_version=&#8220;4.27.4&#8243; _module_preset=&#8220;default&#8220; width=&#8220;52%&#8220; width_tablet=&#8220;84%&#8220; width_phone=&#8220;93%&#8220; width_last_edited=&#8220;on|phone&#8220; custom_margin=&#8220;||||false|false&#8220; global_colors_info=&#8220;{}&#8220;][\/et_pb_image][\/et_pb_column][et_pb_column type=&#8220;1_4&#8243; _builder_version=&#8220;4.16&#8243; _module_preset=&#8220;default&#8220; global_colors_info=&#8220;{}&#8220;][et_pb_image src=&#8220;https:\/\/grand-raid-bcvs.ch\/wp-content\/uploads\/2019\/04\/Fonds-du-Sport.png&#8220; alt=&#8220;Logo Fonds du sport &#8211; Loterie Romande&#8220; url=&#8220;https:\/\/fondsdusport.ch\/accueil\/&#8220; url_new_window=&#8220;on&#8220; align=&#8220;center&#8220; _builder_version=&#8220;4.27.4&#8243; _module_preset=&#8220;default&#8220; width=&#8220;65%&#8220; width_tablet=&#8220;94%&#8220; width_phone=&#8220;96%&#8220; width_last_edited=&#8220;on|phone&#8220; custom_margin=&#8220;||||false|false&#8220; global_colors_info=&#8220;{}&#8220;][\/et_pb_image][\/et_pb_column][et_pb_column type=&#8220;1_4&#8243; _builder_version=&#8220;4.16&#8243; _module_preset=&#8220;default&#8220; global_colors_info=&#8220;{}&#8220;][et_pb_image src=&#8220;https:\/\/grand-raid-bcvs.ch\/wp-content\/uploads\/2019\/04\/Valais.jpg&#8220; alt=&#8220;Logo Valais Grav\u00e9 dans mon Coeur&#8220; url=&#8220;https:\/\/www.valais.ch\/en&#8220; url_new_window=&#8220;on&#8220; align=&#8220;center&#8220; _builder_version=&#8220;4.27.4&#8243; _module_preset=&#8220;default&#8220; width=&#8220;24%&#8220; width_tablet=&#8220;58%&#8220; width_phone=&#8220;64%&#8220; width_last_edited=&#8220;on|phone&#8220; custom_margin=&#8220;||||false|false&#8220; global_colors_info=&#8220;{}&#8220;][\/et_pb_image][\/et_pb_column][\/et_pb_row][et_pb_row column_structure=&#8220;1_3,1_3,1_3&#8243; use_custom_gutter=&#8220;on&#8220; gutter_width=&#8220;2&#8243; custom_padding_last_edited=&#8220;on|phone&#8220; _builder_version=&#8220;4.25.1&#8243; _module_preset=&#8220;default&#8220; max_width=&#8220;1500px&#8220; custom_padding_tablet=&#8220;0px||||false|false&#8220; custom_padding_phone=&#8220;&#8220; global_colors_info=&#8220;{}&#8220;][et_pb_column type=&#8220;1_3&#8243; _builder_version=&#8220;4.16&#8243; _module_preset=&#8220;default&#8220; global_colors_info=&#8220;{}&#8220;][et_pb_image src=&#8220;https:\/\/grand-raid-bcvs.ch\/wp-content\/uploads\/2024\/06\/GOLDBACH_NEO.png&#8220; alt=&#8220;Logo Goldbach Neo&#8220; url=&#8220;https:\/\/goldbach.com\/ch\/de\/news-and-insights\/die-neue-aussenwerbevermarkterin-heisst-goldbach-neo&#8220; url_new_window=&#8220;on&#8220; align=&#8220;center&#8220; show_bottom_space_tablet=&#8220;off&#8220; show_bottom_space_phone=&#8220;&#8220; show_bottom_space_last_edited=&#8220;on|phone&#8220; _builder_version=&#8220;4.25.1&#8243; _module_preset=&#8220;default&#8220; transform_scale=&#8220;214%|214%&#8220; transform_translate=&#8220;2px|12px&#8220; width=&#8220;30%&#8220; width_tablet=&#8220;30%&#8220; width_phone=&#8220;48%&#8220; width_last_edited=&#8220;on|phone&#8220; global_colors_info=&#8220;{}&#8220;][\/et_pb_image][\/et_pb_column][et_pb_column type=&#8220;1_3&#8243; _builder_version=&#8220;4.16&#8243; _module_preset=&#8220;default&#8220; global_colors_info=&#8220;{}&#8220;][et_pb_image src=&#8220;https:\/\/grand-raid-bcvs.ch\/wp-content\/uploads\/2020\/12\/OIKEN_NB_CMJN.png&#8220; alt=&#8220;Logo Oiken&#8220; url=&#8220;https:\/\/oiken.ch\/&#8220; url_new_window=&#8220;on&#8220; align=&#8220;center&#8220; _builder_version=&#8220;4.25.1&#8243; _module_preset=&#8220;default&#8220; width=&#8220;38%&#8220; width_tablet=&#8220;53%&#8220; width_phone=&#8220;76%&#8220; width_last_edited=&#8220;on|tablet&#8220; custom_margin=&#8220;22px||||false|false&#8220; custom_margin_tablet=&#8220;50px||||false|false&#8220; custom_margin_phone=&#8220;&#8220; custom_margin_last_edited=&#8220;on|phone&#8220; global_colors_info=&#8220;{}&#8220;][\/et_pb_image][\/et_pb_column][et_pb_column type=&#8220;1_3&#8243; _builder_version=&#8220;4.16&#8243; _module_preset=&#8220;default&#8220; global_colors_info=&#8220;{}&#8220;][et_pb_image src=&#8220;https:\/\/grand-raid-bcvs.ch\/wp-content\/uploads\/2022\/12\/8Fichier-22x.png&#8220; alt=&#8220;Logo UCI 2025&#8243; url=&#8220;https:\/\/uci.org\/&#8220; url_new_window=&#8220;on&#8220; align=&#8220;center&#8220; _builder_version=&#8220;4.25.1&#8243; _module_preset=&#8220;default&#8220; width=&#8220;55%&#8220; width_tablet=&#8220;53%&#8220; width_phone=&#8220;81%&#8220; width_last_edited=&#8220;on|phone&#8220; custom_margin=&#8220;10px||||false|false&#8220; custom_margin_tablet=&#8220;40px||||false|false&#8220; custom_margin_phone=&#8220;&#8220; custom_margin_last_edited=&#8220;on|phone&#8220; global_colors_info=&#8220;{}&#8220;][\/et_pb_image][\/et_pb_column][\/et_pb_row][\/et_pb_section]<\/p>\n","protected":false},"excerpt":{"rendered":"<p>AnmeldungenAlle Anmeldungen erfolgen online direkt auf der Datasport-Website. Anmeldefrist: Online bis Donnerstag, den 20. August 2026 Vor Ort am Freitag, den 21. August 2026 bei der Startnummernausgabe in Sion. Ich melde mich an.Ab 15 Jahren f\u00fcr alle Strecken. F\u00fcr die Strecke Verbier-Grimentz jedoch ab 18 Jahren. Wenn Sie minderj\u00e4hrig sind, m\u00fcssen Sie eine Bescheinigung Ihrer [&hellip;]<\/p>\n","protected":false},"author":3,"featured_media":0,"parent":0,"menu_order":0,"comment_status":"closed","ping_status":"closed","template":"","meta":{"_et_pb_use_builder":"on","_et_pb_old_content":"","_et_gb_content_width":"","_monsterinsights_skip_tracking":false,"_monsterinsights_sitenote_active":false,"_monsterinsights_sitenote_note":"","_monsterinsights_sitenote_category":0,"footnotes":""},"class_list":["post-14595","page","type-page","status-publish","hentry"],"yoast_head":"<!-- This site is optimized with the Yoast SEO plugin v27.2 - https:\/\/yoast.com\/product\/yoast-seo-wordpress\/ -->\n<title>H\u00e4ufig gestellte Fragen - Grand Raid BCVS<\/title>\n<meta name=\"robots\" content=\"index, follow, max-snippet:-1, max-image-preview:large, max-video-preview:-1\" \/>\n<link rel=\"canonical\" href=\"https:\/\/grand-raid-bcvs.ch\/de\/haeufig-gestellte-fragen\/\" \/>\n<meta property=\"og:locale\" content=\"de_DE\" \/>\n<meta property=\"og:type\" content=\"article\" \/>\n<meta property=\"og:title\" content=\"H\u00e4ufig gestellte Fragen - Grand Raid BCVS\" \/>\n<meta property=\"og:description\" content=\"AnmeldungenAlle Anmeldungen erfolgen online direkt auf der Datasport-Website. Anmeldefrist: Online bis Donnerstag, den 20. August 2026 Vor Ort am Freitag, den 21. August 2026 bei der Startnummernausgabe in Sion. Ich melde mich an.Ab 15 Jahren f\u00fcr alle Strecken. F\u00fcr die Strecke Verbier-Grimentz jedoch ab 18 Jahren. Wenn Sie minderj\u00e4hrig sind, m\u00fcssen Sie eine Bescheinigung Ihrer [&hellip;]\" \/>\n<meta property=\"og:url\" content=\"https:\/\/grand-raid-bcvs.ch\/de\/haeufig-gestellte-fragen\/\" \/>\n<meta property=\"og:site_name\" content=\"Grand Raid BCVS\" \/>\n<meta property=\"article:publisher\" content=\"https:\/\/www.facebook.com\/GrandRaidBCVS\/\" \/>\n<meta property=\"article:modified_time\" content=\"2025-10-10T08:50:09+00:00\" \/>\n<meta name=\"twitter:card\" content=\"summary_large_image\" \/>\n<meta name=\"twitter:label1\" content=\"Gesch\u00e4tzte Lesezeit\" \/>\n\t<meta name=\"twitter:data1\" content=\"5\u00a0Minuten\" \/>\n<script type=\"application\/ld+json\" class=\"yoast-schema-graph\">{\"@context\":\"https:\/\/schema.org\",\"@graph\":[{\"@type\":\"WebPage\",\"@id\":\"https:\/\/grand-raid-bcvs.ch\/de\/haeufig-gestellte-fragen\/\",\"url\":\"https:\/\/grand-raid-bcvs.ch\/de\/haeufig-gestellte-fragen\/\",\"name\":\"H\u00e4ufig gestellte Fragen - Grand Raid BCVS\",\"isPartOf\":{\"@id\":\"https:\/\/grand-raid-bcvs.ch\/#website\"},\"datePublished\":\"2024-11-19T10:13:15+00:00\",\"dateModified\":\"2025-10-10T08:50:09+00:00\",\"breadcrumb\":{\"@id\":\"https:\/\/grand-raid-bcvs.ch\/de\/haeufig-gestellte-fragen\/#breadcrumb\"},\"inLanguage\":\"de\",\"potentialAction\":[{\"@type\":\"ReadAction\",\"target\":[\"https:\/\/grand-raid-bcvs.ch\/de\/haeufig-gestellte-fragen\/\"]}]},{\"@type\":\"BreadcrumbList\",\"@id\":\"https:\/\/grand-raid-bcvs.ch\/de\/haeufig-gestellte-fragen\/#breadcrumb\",\"itemListElement\":[{\"@type\":\"ListItem\",\"position\":1,\"name\":\"Accueil\",\"item\":\"https:\/\/grand-raid-bcvs.ch\/de\/startseite\/\"},{\"@type\":\"ListItem\",\"position\":2,\"name\":\"H\u00e4ufig gestellte Fragen\"}]},{\"@type\":\"WebSite\",\"@id\":\"https:\/\/grand-raid-bcvs.ch\/#website\",\"url\":\"https:\/\/grand-raid-bcvs.ch\/\",\"name\":\"Grand Raid BCVS\",\"description\":\"Site officiel du Grand-Raid BCVs\",\"publisher\":{\"@id\":\"https:\/\/grand-raid-bcvs.ch\/#organization\"},\"potentialAction\":[{\"@type\":\"SearchAction\",\"target\":{\"@type\":\"EntryPoint\",\"urlTemplate\":\"https:\/\/grand-raid-bcvs.ch\/?s={search_term_string}\"},\"query-input\":{\"@type\":\"PropertyValueSpecification\",\"valueRequired\":true,\"valueName\":\"search_term_string\"}}],\"inLanguage\":\"de\"},{\"@type\":\"Organization\",\"@id\":\"https:\/\/grand-raid-bcvs.ch\/#organization\",\"name\":\"Grand Raid BCVS\",\"url\":\"https:\/\/grand-raid-bcvs.ch\/\",\"logo\":{\"@type\":\"ImageObject\",\"inLanguage\":\"de\",\"@id\":\"https:\/\/grand-raid-bcvs.ch\/#\/schema\/logo\/image\/\",\"url\":\"https:\/\/grand-raid-bcvs.ch\/wp-content\/uploads\/2019\/04\/GRBCVS.png\",\"contentUrl\":\"https:\/\/grand-raid-bcvs.ch\/wp-content\/uploads\/2019\/04\/GRBCVS.png\",\"width\":350,\"height\":319,\"caption\":\"Grand Raid BCVS\"},\"image\":{\"@id\":\"https:\/\/grand-raid-bcvs.ch\/#\/schema\/logo\/image\/\"},\"sameAs\":[\"https:\/\/www.facebook.com\/GrandRaidBCVS\/\",\"https:\/\/www.instagram.com\/grandraidbcvs\/\",\"https:\/\/www.youtube.com\/channel\/UCtKP5pcz1AnR-OvepCmevqw\/videos\"]}]}<\/script>\n<!-- \/ Yoast SEO plugin. -->","yoast_head_json":{"title":"H\u00e4ufig gestellte Fragen - Grand Raid BCVS","robots":{"index":"index","follow":"follow","max-snippet":"max-snippet:-1","max-image-preview":"max-image-preview:large","max-video-preview":"max-video-preview:-1"},"canonical":"https:\/\/grand-raid-bcvs.ch\/de\/haeufig-gestellte-fragen\/","og_locale":"de_DE","og_type":"article","og_title":"H\u00e4ufig gestellte Fragen - Grand Raid BCVS","og_description":"AnmeldungenAlle Anmeldungen erfolgen online direkt auf der Datasport-Website. Anmeldefrist: Online bis Donnerstag, den 20. August 2026 Vor Ort am Freitag, den 21. August 2026 bei der Startnummernausgabe in Sion. Ich melde mich an.Ab 15 Jahren f\u00fcr alle Strecken. F\u00fcr die Strecke Verbier-Grimentz jedoch ab 18 Jahren. Wenn Sie minderj\u00e4hrig sind, m\u00fcssen Sie eine Bescheinigung Ihrer [&hellip;]","og_url":"https:\/\/grand-raid-bcvs.ch\/de\/haeufig-gestellte-fragen\/","og_site_name":"Grand Raid BCVS","article_publisher":"https:\/\/www.facebook.com\/GrandRaidBCVS\/","article_modified_time":"2025-10-10T08:50:09+00:00","twitter_card":"summary_large_image","twitter_misc":{"Gesch\u00e4tzte Lesezeit":"5\u00a0Minuten"},"schema":{"@context":"https:\/\/schema.org","@graph":[{"@type":"WebPage","@id":"https:\/\/grand-raid-bcvs.ch\/de\/haeufig-gestellte-fragen\/","url":"https:\/\/grand-raid-bcvs.ch\/de\/haeufig-gestellte-fragen\/","name":"H\u00e4ufig gestellte Fragen - Grand Raid BCVS","isPartOf":{"@id":"https:\/\/grand-raid-bcvs.ch\/#website"},"datePublished":"2024-11-19T10:13:15+00:00","dateModified":"2025-10-10T08:50:09+00:00","breadcrumb":{"@id":"https:\/\/grand-raid-bcvs.ch\/de\/haeufig-gestellte-fragen\/#breadcrumb"},"inLanguage":"de","potentialAction":[{"@type":"ReadAction","target":["https:\/\/grand-raid-bcvs.ch\/de\/haeufig-gestellte-fragen\/"]}]},{"@type":"BreadcrumbList","@id":"https:\/\/grand-raid-bcvs.ch\/de\/haeufig-gestellte-fragen\/#breadcrumb","itemListElement":[{"@type":"ListItem","position":1,"name":"Accueil","item":"https:\/\/grand-raid-bcvs.ch\/de\/startseite\/"},{"@type":"ListItem","position":2,"name":"H\u00e4ufig gestellte Fragen"}]},{"@type":"WebSite","@id":"https:\/\/grand-raid-bcvs.ch\/#website","url":"https:\/\/grand-raid-bcvs.ch\/","name":"Grand Raid BCVS","description":"Site officiel du Grand-Raid BCVs","publisher":{"@id":"https:\/\/grand-raid-bcvs.ch\/#organization"},"potentialAction":[{"@type":"SearchAction","target":{"@type":"EntryPoint","urlTemplate":"https:\/\/grand-raid-bcvs.ch\/?s={search_term_string}"},"query-input":{"@type":"PropertyValueSpecification","valueRequired":true,"valueName":"search_term_string"}}],"inLanguage":"de"},{"@type":"Organization","@id":"https:\/\/grand-raid-bcvs.ch\/#organization","name":"Grand Raid BCVS","url":"https:\/\/grand-raid-bcvs.ch\/","logo":{"@type":"ImageObject","inLanguage":"de","@id":"https:\/\/grand-raid-bcvs.ch\/#\/schema\/logo\/image\/","url":"https:\/\/grand-raid-bcvs.ch\/wp-content\/uploads\/2019\/04\/GRBCVS.png","contentUrl":"https:\/\/grand-raid-bcvs.ch\/wp-content\/uploads\/2019\/04\/GRBCVS.png","width":350,"height":319,"caption":"Grand Raid BCVS"},"image":{"@id":"https:\/\/grand-raid-bcvs.ch\/#\/schema\/logo\/image\/"},"sameAs":["https:\/\/www.facebook.com\/GrandRaidBCVS\/","https:\/\/www.instagram.com\/grandraidbcvs\/","https:\/\/www.youtube.com\/channel\/UCtKP5pcz1AnR-OvepCmevqw\/videos"]}]}},"_links":{"self":[{"href":"https:\/\/grand-raid-bcvs.ch\/de\/wp-json\/wp\/v2\/pages\/14595","targetHints":{"allow":["GET"]}}],"collection":[{"href":"https:\/\/grand-raid-bcvs.ch\/de\/wp-json\/wp\/v2\/pages"}],"about":[{"href":"https:\/\/grand-raid-bcvs.ch\/de\/wp-json\/wp\/v2\/types\/page"}],"author":[{"embeddable":true,"href":"https:\/\/grand-raid-bcvs.ch\/de\/wp-json\/wp\/v2\/users\/3"}],"replies":[{"embeddable":true,"href":"https:\/\/grand-raid-bcvs.ch\/de\/wp-json\/wp\/v2\/comments?post=14595"}],"version-history":[{"count":13,"href":"https:\/\/grand-raid-bcvs.ch\/de\/wp-json\/wp\/v2\/pages\/14595\/revisions"}],"predecessor-version":[{"id":18042,"href":"https:\/\/grand-raid-bcvs.ch\/de\/wp-json\/wp\/v2\/pages\/14595\/revisions\/18042"}],"wp:attachment":[{"href":"https:\/\/grand-raid-bcvs.ch\/de\/wp-json\/wp\/v2\/media?parent=14595"}],"curies":[{"name":"wp","href":"https:\/\/api.w.org\/{rel}","templated":true}]}}