{"id":9739,"date":"2023-11-27T21:40:29","date_gmt":"2023-11-27T20:40:29","guid":{"rendered":"https:\/\/grand-raid-bcvs.ch\/?page_id=9739"},"modified":"2025-08-27T20:55:12","modified_gmt":"2025-08-27T18:55:12","slug":"raidy-coop-sion","status":"publish","type":"page","link":"https:\/\/grand-raid-bcvs.ch\/de\/raidy-coop-sion\/","title":{"rendered":"Raidy Coop &#8211; Sion"},"content":{"rendered":"<p>[et_pb_section fb_built=&#8220;1&#8243; fullwidth=&#8220;on&#8220; _builder_version=&#8220;4.21.0&#8243; _module_preset=&#8220;default&#8220; global_colors_info=&#8220;{}&#8220;][et_pb_fullwidth_header title=&#8220;Grand Raid BCVS&#8220; _builder_version=&#8220;4.21.0&#8243; _module_preset=&#8220;default&#8220; title_font=&#8220;|800|||||||&#8220; title_text_align=&#8220;center&#8220; title_line_height=&#8220;1.3em&#8220; background_image=&#8220;https:\/\/grand-raid-bcvs.ch\/wp-content\/uploads\/2019\/04\/150367170825612900.jpg&#8220; custom_padding=&#8220;20vw||20vw||true|false&#8220; title_text_shadow_style=&#8220;preset3&#8243; title_text_shadow_color=&#8220;#000000&#8243; global_colors_info=&#8220;{}&#8220;][\/et_pb_fullwidth_header][\/et_pb_section][et_pb_section fb_built=&#8220;1&#8243; _builder_version=&#8220;4.21.0&#8243; _module_preset=&#8220;default&#8220; background_color=&#8220;#efefef&#8220; global_colors_info=&#8220;{}&#8220;][et_pb_row column_structure=&#8220;1_2,1_2&#8243; _builder_version=&#8220;4.16&#8243; global_colors_info=&#8220;{}&#8220;][et_pb_column type=&#8220;1_2&#8243; _builder_version=&#8220;4.16&#8243; global_colors_info=&#8220;{}&#8220;][et_pb_text _builder_version=&#8220;4.21.0&#8243; header_2_font=&#8220;|700|||||||&#8220; custom_padding=&#8220;||0px|||&#8220; global_colors_info=&#8220;{}&#8220;]<\/p>\n<h2><strong>Fiche<\/strong> technique<\/h2>\n<p>[\/et_pb_text][et_pb_text _builder_version=&#8220;4.21.0&#8243; custom_padding=&#8220;||0px|||&#8220; global_colors_info=&#8220;{}&#8220;]<\/p>\n<p>Lorem ipsum dolor sit amet, consectetur adipiscing elit, sed do eiusmod tempor incididunt ut labore et dolore magna aliqua. Non diam phasellus vestibulum lorem sed risus ultricies. Malesuada pellentesque elit eget gravida. Sapien nec sagittis aliquam malesuada bibendum. A iaculis at erat pellentesque. At elementum eu facilisis sed odio morbi quis. Aliquet eget sit amet tellus cras adipiscing enim eu turpis. Tempus imperdiet nulla malesuada pellentesque elit eget gravida cum sociis. Cras sed felis eget velit aliquet sagittis id consectetur purus. Libero enim sed faucibus turpis in. Amet dictum sit amet justo donec enim.<\/p>\n<p>[\/et_pb_text][\/et_pb_column][et_pb_column type=&#8220;1_2&#8243; _builder_version=&#8220;4.16&#8243; global_colors_info=&#8220;{}&#8220;][et_pb_image src=&#8220;https:\/\/grand-raid-bcvs.ch\/wp-content\/uploads\/2019\/06\/profil.jpg&#8220; title_text=&#8220;profil&#8220; show_in_lightbox=&#8220;on&#8220; _builder_version=&#8220;4.21.0&#8243; custom_margin=&#8220;||||false|false&#8220; custom_padding=&#8220;||||false|false&#8220; global_colors_info=&#8220;{}&#8220;][\/et_pb_image][\/et_pb_column][\/et_pb_row][\/et_pb_section][et_pb_section fb_built=&#8220;1&#8243; module_id=&#8220;grandraidbcvs&#8220; _builder_version=&#8220;4.16&#8243; custom_padding=&#8220;||30px|||&#8220; collapsed=&#8220;off&#8220; global_colors_info=&#8220;{}&#8220;][et_pb_row column_structure=&#8220;1_4,1_4,1_4,1_4&#8243; _builder_version=&#8220;4.21.0&#8243; _module_preset=&#8220;default&#8220; background_color=&#8220;#FFFFFF&#8220; vertical_offset=&#8220;-83px&#8220; z_index=&#8220;999999&#8243; border_radii=&#8220;on|20px|20px|20px|20px&#8220; box_shadow_style=&#8220;preset1&#8243; global_colors_info=&#8220;{}&#8220;][et_pb_column type=&#8220;1_4&#8243; _builder_version=&#8220;4.21.0&#8243; _module_preset=&#8220;default&#8220; global_colors_info=&#8220;{}&#8220;][et_pb_text _builder_version=&#8220;4.21.0&#8243; _module_preset=&#8220;default&#8220; header_3_font=&#8220;|700|||||||&#8220; text_orientation=&#8220;center&#8220; global_colors_info=&#8220;{}&#8220;]<\/p>\n<p>DATE<\/p>\n<h3>17 AO\u00dbT 2024<\/h3>\n<p>[\/et_pb_text][\/et_pb_column][et_pb_column type=&#8220;1_4&#8243; _builder_version=&#8220;4.21.0&#8243; _module_preset=&#8220;default&#8220; global_colors_info=&#8220;{}&#8220;][et_pb_text _builder_version=&#8220;4.21.0&#8243; _module_preset=&#8220;default&#8220; header_3_font=&#8220;|700|||||||&#8220; text_orientation=&#8220;center&#8220; global_colors_info=&#8220;{}&#8220;]<\/p>\n<p>D\u00c9PART<\/p>\n<h3>6H45<\/h3>\n<p>[\/et_pb_text][\/et_pb_column][et_pb_column type=&#8220;1_4&#8243; _builder_version=&#8220;4.21.0&#8243; _module_preset=&#8220;default&#8220; global_colors_info=&#8220;{}&#8220;][et_pb_text _builder_version=&#8220;4.21.0&#8243; _module_preset=&#8220;default&#8220; text_orientation=&#8220;center&#8220; global_colors_info=&#8220;{}&#8220;]<\/p>\n<p>DISTANCES<\/p>\n<h3>125 KM<\/h3>\n<p>[\/et_pb_text][\/et_pb_column][et_pb_column type=&#8220;1_4&#8243; _builder_version=&#8220;4.21.0&#8243; _module_preset=&#8220;default&#8220; global_colors_info=&#8220;{}&#8220;][et_pb_text _builder_version=&#8220;4.21.0&#8243; _module_preset=&#8220;default&#8220; text_orientation=&#8220;center&#8220; global_colors_info=&#8220;{}&#8220;]<\/p>\n<p>D\u00c9NIVEL\u00c9<\/p>\n<h3>5025 M<\/h3>\n<p>[\/et_pb_text][\/et_pb_column][\/et_pb_row][et_pb_row _builder_version=&#8220;4.16&#8243; global_colors_info=&#8220;{}&#8220;][et_pb_column type=&#8220;4_4&#8243; _builder_version=&#8220;4.16&#8243; global_colors_info=&#8220;{}&#8220;][et_pb_text _builder_version=&#8220;4.19.2&#8243; custom_padding=&#8220;||0px|||&#8220; global_colors_info=&#8220;{}&#8220;]<\/p>\n<h1><strong>Grand Raid BCVS<\/strong><\/h1>\n<h2><\/h2>\n<h2><\/h2>\n<h2>Parcours et profils<\/h2>\n<p>Ci-dessous les informations et d\u00e9nivel\u00e9s du parcours officiel du Grand Raid BCVS\u00a0 de Verbier \u00e0 Grimentz.<\/p>\n<p>D\u00e9couvrez 4 parcours diff\u00e9rents mais tous avec le mythique passage du Pas de Lona.<\/p>\n<h3>Il est d\u00e9sormais possible de prendre tous les d\u00e9parts en VTT e-Bike.<\/h3>\n<p>En effet, apr\u00e8s les d\u00e9parts d\u00e9j\u00e0 existants depuis H\u00e9r\u00e9mence et Evol\u00e8ne, il est d\u00e9sormais possible de vous inscrire depuis Verbier et de parcourir les 125km en e-bike et de Nendaz avec pr\u00e8s de 90km.<\/p>\n<p>Le parcours e-bike est identique au parcours officiel, <strong>avec le passage du Pas de Lona.<\/strong>\u00a0Il est recommand\u00e9 d&#8217;utiliser 3 batteries au d\u00e9part de Verbier.<\/p>\n<p><strong>Infomations:<\/strong><\/p>\n<ul>\n<li>Le changement de batterie se fait uniquement dans les postes techniques pr\u00e9vus sur le parcours, au m\u00eames endroits que les ravitaillements.<\/li>\n<li>Le coureur se charge d&#8217;organiser lui-m\u00eame l&#8217;acheminement de ses batterie sur le parcours &#8211; il est strictement interdit de porter sur soi une batterie durant la course.<\/li>\n<li>En raison de l&#8217;impossibilit\u00e9 de v\u00e9rifier et de contr\u00f4ler le nombre de batteries utilis\u00e9es, il n&#8217;y aura aucun podium pour ces d\u00e9parts.<\/li>\n<\/ul>\n<h4>Heures de d\u00e9part cat\u00e9gories e-bike<\/h4>\n<p>Verbier: 6h45<\/p>\n<p>Nendaz: 6h45<\/p>\n<p>H\u00e9r\u00e9mence: 6h45<\/p>\n<p>Evol\u00e8ne : 7h45<\/p>\n<p>&nbsp;<\/p>\n<p>[\/et_pb_text][\/et_pb_column][\/et_pb_row][\/et_pb_section][et_pb_section fb_built=&#8220;1&#8243; module_id=&#8220;grandraidbcvs&#8220; _builder_version=&#8220;4.16&#8243; custom_padding=&#8220;||30px|||&#8220; collapsed=&#8220;off&#8220; global_colors_info=&#8220;{}&#8220;][et_pb_row _builder_version=&#8220;4.16&#8243; global_colors_info=&#8220;{}&#8220;][et_pb_column type=&#8220;4_4&#8243; _builder_version=&#8220;4.16&#8243; global_colors_info=&#8220;{}&#8220;][et_pb_text _builder_version=&#8220;4.16&#8243; global_colors_info=&#8220;{}&#8220;]<\/p>\n[table \u201c1\u201d not found \/]<br \/>\n\n<p>[\/et_pb_text][\/et_pb_column][\/et_pb_row][et_pb_row column_structure=&#8220;1_4,1_4,1_4,1_4&#8243; use_custom_gutter=&#8220;on&#8220; gutter_width=&#8220;2&#8243; _builder_version=&#8220;4.17.4&#8243; _module_preset=&#8220;default&#8220; global_colors_info=&#8220;{}&#8220;][et_pb_column type=&#8220;1_4&#8243; _builder_version=&#8220;4.16&#8243; _module_preset=&#8220;default&#8220; global_colors_info=&#8220;{}&#8220;][et_pb_button button_url=&#8220;https:\/\/grand-raid-bcvs.ch\/inscription\/&#8220; button_text=&#8220;Inscription&#8220; _builder_version=&#8220;4.17.4&#8243; _module_preset=&#8220;default&#8220; global_colors_info=&#8220;{}&#8220;][\/et_pb_button][\/et_pb_column][et_pb_column type=&#8220;1_4&#8243; _builder_version=&#8220;4.16&#8243; _module_preset=&#8220;default&#8220; global_colors_info=&#8220;{}&#8220;][et_pb_button button_url=&#8220;https:\/\/grand-raid-bcvs.ch\/wp-content\/uploads\/2019\/04\/Carte-Map-2018.pdf&#8220; url_new_window=&#8220;on&#8220; button_text=&#8220;Map technique (pdf)&#8220; _builder_version=&#8220;4.17.4&#8243; _module_preset=&#8220;4da24d63-ee61-40ea-a40e-d99f5552bfcb&#8220; global_colors_info=&#8220;{}&#8220;][\/et_pb_button][\/et_pb_column][et_pb_column type=&#8220;1_4&#8243; _builder_version=&#8220;4.16&#8243; _module_preset=&#8220;default&#8220; global_colors_info=&#8220;{}&#8220;][et_pb_button button_url=&#8220;https:\/\/grand-raid-bcvs.ch\/wp-content\/uploads\/2022\/03\/GR-BCVS-Officiel.gpx&#8220; url_new_window=&#8220;on&#8220; button_text=&#8220;GPX&#8220; _builder_version=&#8220;4.17.4&#8243; _module_preset=&#8220;default&#8220; button_text_color=&#8220;#E30613&#8243; button_bg_color=&#8220;#FFFFFF&#8220; button_border_width=&#8220;1px&#8220; button_font=&#8220;||||||||&#8220; global_colors_info=&#8220;{}&#8220;][\/et_pb_button][\/et_pb_column][et_pb_column type=&#8220;1_4&#8243; _builder_version=&#8220;4.17.4&#8243; _module_preset=&#8220;default&#8220; link_option_url=&#8220;https:\/\/grand-raid-bcvs.ch\/wp-content\/uploads\/2022\/08\/Guide-technique-GR-BCVS.pdf&#8220; global_colors_info=&#8220;{}&#8220;][et_pb_button button_url=&#8220;https:\/\/grand-raid-bcvs.ch\/wp-content\/uploads\/2022\/08\/Guide-technique-GR-BCVS.pdf&#8220; button_text=&#8220;Guide technique&#8220; _builder_version=&#8220;4.17.4&#8243; _module_preset=&#8220;4da24d63-ee61-40ea-a40e-d99f5552bfcb&#8220; global_colors_info=&#8220;{}&#8220;][\/et_pb_button][\/et_pb_column][\/et_pb_row][et_pb_row _builder_version=&#8220;4.16&#8243; width=&#8220;100%&#8220; max_width=&#8220;1920px&#8220; global_colors_info=&#8220;{}&#8220;][et_pb_column type=&#8220;4_4&#8243; _builder_version=&#8220;4.16&#8243; custom_padding=&#8220;|||&#8220; global_colors_info=&#8220;{}&#8220; custom_padding__hover=&#8220;|||&#8220;][et_pb_text content_tablet=&#8220;<\/p>\n<p><iframe src=%22https:\/\/www.google.com\/maps\/d\/u\/0\/embed?mid=1-Bsrutc7Xz8cw_oKVIcqMg8pt9Ukxoqv%22 width=%221920%22 height=%22650%22><\/iframe><\/iframe><\/p>\n<p>&#8220; content_phone=&#8220;<\/p>\n<p style=%22text-align:center;%22><iframe src=%22https:\/\/www.google.com\/maps\/d\/u\/0\/embed?mid=1-Bsrutc7Xz8cw_oKVIcqMg8pt9Ukxoqv%22 width=%22350%22 height=%22450%22><\/iframe><\/iframe><\/p>\n<p>&#8220; content_last_edited=&#8220;on|phone&#8220; _builder_version=&#8220;4.16&#8243; min_height_tablet=&#8220;&#8220; min_height_phone=&#8220;&#8220; min_height_last_edited=&#8220;on|phone&#8220; global_colors_info=&#8220;{}&#8220;]<\/p>\n<p><iframe loading=\"lazy\" class=\"mapsGrandRaid\" src=\"https:\/\/www.google.com\/maps\/d\/u\/0\/embed?mid=1-Bsrutc7Xz8cw_oKVIcqMg8pt9Ukxoqv\" width=\"1920\" height=\"650\"><\/iframe><\/iframe><\/p>\n<p>[\/et_pb_text][\/et_pb_column][\/et_pb_row][\/et_pb_section][et_pb_section fb_built=&#8220;1&#8243; disabled_on=&#8220;off|off|off&#8220; admin_label=&#8220;Section tablette&#8220; _builder_version=&#8220;4.16&#8243; custom_padding=&#8220;58px||29px|||&#8220; global_colors_info=&#8220;{}&#8220;][et_pb_row column_structure=&#8220;1_4,1_4,1_4,1_4&#8243; _builder_version=&#8220;4.16&#8243; _module_preset=&#8220;default&#8220; max_width=&#8220;1500px&#8220; global_colors_info=&#8220;{}&#8220;][et_pb_column type=&#8220;1_4&#8243; _builder_version=&#8220;4.16&#8243; _module_preset=&#8220;default&#8220; global_colors_info=&#8220;{}&#8220;][et_pb_image src=&#8220;https:\/\/grand-raid-bcvs.ch\/wp-content\/uploads\/2019\/04\/COOP.png&#8220; alt=&#8220;coop&#8220; title_text=&#8220;COOP&#8220; url=&#8220;http:\/\/www.coop.ch\/&#8220; url_new_window=&#8220;on&#8220; align=&#8220;center&#8220; _builder_version=&#8220;4.16&#8243; _module_preset=&#8220;default&#8220; width=&#8220;100%&#8220; width_tablet=&#8220;100%&#8220; width_phone=&#8220;83%&#8220; width_last_edited=&#8220;on|phone&#8220; global_colors_info=&#8220;{}&#8220;][\/et_pb_image][\/et_pb_column][et_pb_column type=&#8220;1_4&#8243; _builder_version=&#8220;4.16&#8243; _module_preset=&#8220;default&#8220; global_colors_info=&#8220;{}&#8220;][et_pb_image src=&#8220;https:\/\/grand-raid-bcvs.ch\/wp-content\/uploads\/2019\/04\/Loro.jpg&#8220; alt=&#8220;coop&#8220; title_text=&#8220;22_LoRo-Beneficiaire15-RVB&#8220; url=&#8220;http:\/\/www.loro.ch\/&#8220; url_new_window=&#8220;on&#8220; align=&#8220;center&#8220; _builder_version=&#8220;4.16&#8243; _module_preset=&#8220;default&#8220; width=&#8220;52%&#8220; width_tablet=&#8220;65%&#8220; width_phone=&#8220;53%&#8220; width_last_edited=&#8220;on|phone&#8220; custom_margin=&#8220;41px||||false|false&#8220; global_colors_info=&#8220;{}&#8220;][\/et_pb_image][\/et_pb_column][et_pb_column type=&#8220;1_4&#8243; _builder_version=&#8220;4.16&#8243; _module_preset=&#8220;default&#8220; global_colors_info=&#8220;{}&#8220;][et_pb_image src=&#8220;https:\/\/grand-raid-bcvs.ch\/wp-content\/uploads\/2019\/04\/Fonds-du-Sport.png&#8220; alt=&#8220;coop&#8220; title_text=&#8220;Fonds du Sport&#8220; url=&#8220;https:\/\/www.vs.ch\/web\/ocs\/office-du-sport&#8220; url_new_window=&#8220;on&#8220; align=&#8220;center&#8220; _builder_version=&#8220;4.16&#8243; _module_preset=&#8220;default&#8220; width=&#8220;65%&#8220; width_tablet=&#8220;68%&#8220; width_phone=&#8220;63%&#8220; width_last_edited=&#8220;on|phone&#8220; custom_margin=&#8220;33px||||false|false&#8220; global_colors_info=&#8220;{}&#8220;][\/et_pb_image][\/et_pb_column][et_pb_column type=&#8220;1_4&#8243; _builder_version=&#8220;4.16&#8243; _module_preset=&#8220;default&#8220; global_colors_info=&#8220;{}&#8220;][et_pb_image src=&#8220;https:\/\/grand-raid-bcvs.ch\/wp-content\/uploads\/2019\/04\/Valais.jpg&#8220; alt=&#8220;coop&#8220; title_text=&#8220;Valais&#8220; url=&#8220;http:\/\/www.valais.ch\/&#8220; url_new_window=&#8220;on&#8220; align=&#8220;center&#8220; _builder_version=&#8220;4.16&#8243; _module_preset=&#8220;default&#8220; width=&#8220;24%&#8220; width_tablet=&#8220;33%&#8220; width_phone=&#8220;24%&#8220; width_last_edited=&#8220;on|phone&#8220; custom_margin=&#8220;34px||||false|false&#8220; global_colors_info=&#8220;{}&#8220;][\/et_pb_image][\/et_pb_column][\/et_pb_row][et_pb_row column_structure=&#8220;1_3,1_3,1_3&#8243; _builder_version=&#8220;4.16&#8243; _module_preset=&#8220;default&#8220; max_width=&#8220;1500px&#8220; global_colors_info=&#8220;{}&#8220;][et_pb_column type=&#8220;1_3&#8243; _builder_version=&#8220;4.16&#8243; _module_preset=&#8220;default&#8220; global_colors_info=&#8220;{}&#8220;][et_pb_image src=&#8220;https:\/\/grand-raid-bcvs.ch\/wp-content\/uploads\/2020\/12\/NEO_logo_RGB.png&#8220; alt=&#8220;coop&#8220; title_text=&#8220;NEO_logo_RGB&#8220; url=&#8220;https:\/\/www.neoadvertising.ch\/&#8220; url_new_window=&#8220;on&#8220; align=&#8220;center&#8220; _builder_version=&#8220;4.16&#8243; _module_preset=&#8220;default&#8220; width=&#8220;34%&#8220; width_tablet=&#8220;30%&#8220; width_phone=&#8220;48%&#8220; width_last_edited=&#8220;on|phone&#8220; global_colors_info=&#8220;{}&#8220;][\/et_pb_image][\/et_pb_column][et_pb_column type=&#8220;1_3&#8243; _builder_version=&#8220;4.16&#8243; _module_preset=&#8220;default&#8220; global_colors_info=&#8220;{}&#8220;][et_pb_image src=&#8220;https:\/\/grand-raid-bcvs.ch\/wp-content\/uploads\/2020\/12\/OIKEN_NB_CMJN.png&#8220; alt=&#8220;coop&#8220; title_text=&#8220;OIKEN_NB_CMJN&#8220; url=&#8220;https:\/\/oiken.ch\/&#8220; url_new_window=&#8220;on&#8220; align=&#8220;center&#8220; _builder_version=&#8220;4.16&#8243; _module_preset=&#8220;default&#8220; width=&#8220;42%&#8220; width_tablet=&#8220;37%&#8220; width_phone=&#8220;52%&#8220; width_last_edited=&#8220;on|phone&#8220; custom_margin=&#8220;22px||||false|false&#8220; global_colors_info=&#8220;{}&#8220;][\/et_pb_image][\/et_pb_column][et_pb_column type=&#8220;1_3&#8243; _builder_version=&#8220;4.16&#8243; _module_preset=&#8220;default&#8220; global_colors_info=&#8220;{}&#8220;][et_pb_image src=&#8220;https:\/\/grand-raid-bcvs.ch\/wp-content\/uploads\/2019\/12\/uci.png&#8220; alt=&#8220;coop&#8220; title_text=&#8220;uci&#8220; url=&#8220;https:\/\/uci.org\/&#8220; url_new_window=&#8220;on&#8220; align=&#8220;center&#8220; _builder_version=&#8220;4.16&#8243; _module_preset=&#8220;default&#8220; width=&#8220;21%&#8220; width_tablet=&#8220;22%&#8220; width_phone=&#8220;40%&#8220; width_last_edited=&#8220;on|phone&#8220; global_colors_info=&#8220;{}&#8220;][\/et_pb_image][\/et_pb_column][\/et_pb_row][\/et_pb_section]<\/p>\n","protected":false},"excerpt":{"rendered":"<p>Fiche techniqueLorem ipsum dolor sit amet, consectetur adipiscing elit, sed do eiusmod tempor incididunt ut labore et dolore magna aliqua. Non diam phasellus vestibulum lorem sed risus ultricies. Malesuada pellentesque elit eget gravida. Sapien nec sagittis aliquam malesuada bibendum. A iaculis at erat pellentesque. At elementum eu facilisis sed odio morbi quis. Aliquet eget sit [&hellip;]<\/p>\n","protected":false},"author":3,"featured_media":0,"parent":0,"menu_order":0,"comment_status":"closed","ping_status":"closed","template":"","meta":{"_et_pb_use_builder":"on","_et_pb_old_content":"","_et_gb_content_width":"","_monsterinsights_skip_tracking":false,"_monsterinsights_sitenote_active":false,"_monsterinsights_sitenote_note":"","_monsterinsights_sitenote_category":0,"footnotes":""},"class_list":["post-9739","page","type-page","status-publish","hentry"],"yoast_head":"<!-- This site is optimized with the Yoast SEO plugin v27.5 - https:\/\/yoast.com\/product\/yoast-seo-wordpress\/ -->\n<title>Raidy Coop - Sion - Grand Raid BCVS<\/title>\n<meta name=\"robots\" content=\"index, follow, max-snippet:-1, max-image-preview:large, max-video-preview:-1\" \/>\n<link rel=\"canonical\" href=\"https:\/\/grand-raid-bcvs.ch\/raidy-coop-sion\/\" \/>\n<meta property=\"og:locale\" content=\"de_DE\" \/>\n<meta property=\"og:type\" content=\"article\" \/>\n<meta property=\"og:title\" content=\"Raidy Coop - Sion - Grand Raid BCVS\" \/>\n<meta property=\"og:description\" content=\"Fiche techniqueLorem ipsum dolor sit amet, consectetur adipiscing elit, sed do eiusmod tempor incididunt ut labore et dolore magna aliqua. Non diam phasellus vestibulum lorem sed risus ultricies. Malesuada pellentesque elit eget gravida. Sapien nec sagittis aliquam malesuada bibendum. A iaculis at erat pellentesque. At elementum eu facilisis sed odio morbi quis. Aliquet eget sit [&hellip;]\" \/>\n<meta property=\"og:url\" content=\"https:\/\/grand-raid-bcvs.ch\/raidy-coop-sion\/\" \/>\n<meta property=\"og:site_name\" content=\"Grand Raid BCVS\" \/>\n<meta property=\"article:publisher\" content=\"https:\/\/www.facebook.com\/GrandRaidBCVS\/\" \/>\n<meta property=\"article:modified_time\" content=\"2025-08-27T18:55:12+00:00\" \/>\n<meta name=\"twitter:card\" content=\"summary_large_image\" \/>\n<meta name=\"twitter:label1\" content=\"Gesch\u00e4tzte Lesezeit\" \/>\n\t<meta name=\"twitter:data1\" content=\"8\u00a0Minuten\" \/>\n<script type=\"application\/ld+json\" class=\"yoast-schema-graph\">{\"@context\":\"https:\\\/\\\/schema.org\",\"@graph\":[{\"@type\":\"WebPage\",\"@id\":\"https:\\\/\\\/grand-raid-bcvs.ch\\\/raidy-coop-sion\\\/\",\"url\":\"https:\\\/\\\/grand-raid-bcvs.ch\\\/raidy-coop-sion\\\/\",\"name\":\"Raidy Coop - Sion - Grand Raid BCVS\",\"isPartOf\":{\"@id\":\"https:\\\/\\\/grand-raid-bcvs.ch\\\/#website\"},\"datePublished\":\"2023-11-27T20:40:29+00:00\",\"dateModified\":\"2025-08-27T18:55:12+00:00\",\"breadcrumb\":{\"@id\":\"https:\\\/\\\/grand-raid-bcvs.ch\\\/raidy-coop-sion\\\/#breadcrumb\"},\"inLanguage\":\"de\",\"potentialAction\":[{\"@type\":\"ReadAction\",\"target\":[\"https:\\\/\\\/grand-raid-bcvs.ch\\\/raidy-coop-sion\\\/\"]}]},{\"@type\":\"BreadcrumbList\",\"@id\":\"https:\\\/\\\/grand-raid-bcvs.ch\\\/raidy-coop-sion\\\/#breadcrumb\",\"itemListElement\":[{\"@type\":\"ListItem\",\"position\":1,\"name\":\"Accueil\",\"item\":\"https:\\\/\\\/grand-raid-bcvs.ch\\\/de\\\/startseite\\\/\"},{\"@type\":\"ListItem\",\"position\":2,\"name\":\"Raidy Coop &#8211; Sion\"}]},{\"@type\":\"WebSite\",\"@id\":\"https:\\\/\\\/grand-raid-bcvs.ch\\\/#website\",\"url\":\"https:\\\/\\\/grand-raid-bcvs.ch\\\/\",\"name\":\"Grand Raid BCVS\",\"description\":\"Site officiel du Grand-Raid BCVs\",\"publisher\":{\"@id\":\"https:\\\/\\\/grand-raid-bcvs.ch\\\/#organization\"},\"potentialAction\":[{\"@type\":\"SearchAction\",\"target\":{\"@type\":\"EntryPoint\",\"urlTemplate\":\"https:\\\/\\\/grand-raid-bcvs.ch\\\/?s={search_term_string}\"},\"query-input\":{\"@type\":\"PropertyValueSpecification\",\"valueRequired\":true,\"valueName\":\"search_term_string\"}}],\"inLanguage\":\"de\"},{\"@type\":\"Organization\",\"@id\":\"https:\\\/\\\/grand-raid-bcvs.ch\\\/#organization\",\"name\":\"Grand Raid BCVS\",\"url\":\"https:\\\/\\\/grand-raid-bcvs.ch\\\/\",\"logo\":{\"@type\":\"ImageObject\",\"inLanguage\":\"de\",\"@id\":\"https:\\\/\\\/grand-raid-bcvs.ch\\\/#\\\/schema\\\/logo\\\/image\\\/\",\"url\":\"https:\\\/\\\/grand-raid-bcvs.ch\\\/wp-content\\\/uploads\\\/2019\\\/04\\\/GRBCVS.png\",\"contentUrl\":\"https:\\\/\\\/grand-raid-bcvs.ch\\\/wp-content\\\/uploads\\\/2019\\\/04\\\/GRBCVS.png\",\"width\":350,\"height\":319,\"caption\":\"Grand Raid BCVS\"},\"image\":{\"@id\":\"https:\\\/\\\/grand-raid-bcvs.ch\\\/#\\\/schema\\\/logo\\\/image\\\/\"},\"sameAs\":[\"https:\\\/\\\/www.facebook.com\\\/GrandRaidBCVS\\\/\",\"https:\\\/\\\/www.instagram.com\\\/grandraidbcvs\\\/\",\"https:\\\/\\\/www.youtube.com\\\/channel\\\/UCtKP5pcz1AnR-OvepCmevqw\\\/videos\"]}]}<\/script>\n<!-- \/ Yoast SEO plugin. -->","yoast_head_json":{"title":"Raidy Coop - Sion - Grand Raid BCVS","robots":{"index":"index","follow":"follow","max-snippet":"max-snippet:-1","max-image-preview":"max-image-preview:large","max-video-preview":"max-video-preview:-1"},"canonical":"https:\/\/grand-raid-bcvs.ch\/raidy-coop-sion\/","og_locale":"de_DE","og_type":"article","og_title":"Raidy Coop - Sion - Grand Raid BCVS","og_description":"Fiche techniqueLorem ipsum dolor sit amet, consectetur adipiscing elit, sed do eiusmod tempor incididunt ut labore et dolore magna aliqua. Non diam phasellus vestibulum lorem sed risus ultricies. Malesuada pellentesque elit eget gravida. Sapien nec sagittis aliquam malesuada bibendum. A iaculis at erat pellentesque. At elementum eu facilisis sed odio morbi quis. Aliquet eget sit [&hellip;]","og_url":"https:\/\/grand-raid-bcvs.ch\/raidy-coop-sion\/","og_site_name":"Grand Raid BCVS","article_publisher":"https:\/\/www.facebook.com\/GrandRaidBCVS\/","article_modified_time":"2025-08-27T18:55:12+00:00","twitter_card":"summary_large_image","twitter_misc":{"Gesch\u00e4tzte Lesezeit":"8\u00a0Minuten"},"schema":{"@context":"https:\/\/schema.org","@graph":[{"@type":"WebPage","@id":"https:\/\/grand-raid-bcvs.ch\/raidy-coop-sion\/","url":"https:\/\/grand-raid-bcvs.ch\/raidy-coop-sion\/","name":"Raidy Coop - Sion - Grand Raid BCVS","isPartOf":{"@id":"https:\/\/grand-raid-bcvs.ch\/#website"},"datePublished":"2023-11-27T20:40:29+00:00","dateModified":"2025-08-27T18:55:12+00:00","breadcrumb":{"@id":"https:\/\/grand-raid-bcvs.ch\/raidy-coop-sion\/#breadcrumb"},"inLanguage":"de","potentialAction":[{"@type":"ReadAction","target":["https:\/\/grand-raid-bcvs.ch\/raidy-coop-sion\/"]}]},{"@type":"BreadcrumbList","@id":"https:\/\/grand-raid-bcvs.ch\/raidy-coop-sion\/#breadcrumb","itemListElement":[{"@type":"ListItem","position":1,"name":"Accueil","item":"https:\/\/grand-raid-bcvs.ch\/de\/startseite\/"},{"@type":"ListItem","position":2,"name":"Raidy Coop &#8211; Sion"}]},{"@type":"WebSite","@id":"https:\/\/grand-raid-bcvs.ch\/#website","url":"https:\/\/grand-raid-bcvs.ch\/","name":"Grand Raid BCVS","description":"Site officiel du Grand-Raid BCVs","publisher":{"@id":"https:\/\/grand-raid-bcvs.ch\/#organization"},"potentialAction":[{"@type":"SearchAction","target":{"@type":"EntryPoint","urlTemplate":"https:\/\/grand-raid-bcvs.ch\/?s={search_term_string}"},"query-input":{"@type":"PropertyValueSpecification","valueRequired":true,"valueName":"search_term_string"}}],"inLanguage":"de"},{"@type":"Organization","@id":"https:\/\/grand-raid-bcvs.ch\/#organization","name":"Grand Raid BCVS","url":"https:\/\/grand-raid-bcvs.ch\/","logo":{"@type":"ImageObject","inLanguage":"de","@id":"https:\/\/grand-raid-bcvs.ch\/#\/schema\/logo\/image\/","url":"https:\/\/grand-raid-bcvs.ch\/wp-content\/uploads\/2019\/04\/GRBCVS.png","contentUrl":"https:\/\/grand-raid-bcvs.ch\/wp-content\/uploads\/2019\/04\/GRBCVS.png","width":350,"height":319,"caption":"Grand Raid BCVS"},"image":{"@id":"https:\/\/grand-raid-bcvs.ch\/#\/schema\/logo\/image\/"},"sameAs":["https:\/\/www.facebook.com\/GrandRaidBCVS\/","https:\/\/www.instagram.com\/grandraidbcvs\/","https:\/\/www.youtube.com\/channel\/UCtKP5pcz1AnR-OvepCmevqw\/videos"]}]}},"_links":{"self":[{"href":"https:\/\/grand-raid-bcvs.ch\/de\/wp-json\/wp\/v2\/pages\/9739","targetHints":{"allow":["GET"]}}],"collection":[{"href":"https:\/\/grand-raid-bcvs.ch\/de\/wp-json\/wp\/v2\/pages"}],"about":[{"href":"https:\/\/grand-raid-bcvs.ch\/de\/wp-json\/wp\/v2\/types\/page"}],"author":[{"embeddable":true,"href":"https:\/\/grand-raid-bcvs.ch\/de\/wp-json\/wp\/v2\/users\/3"}],"replies":[{"embeddable":true,"href":"https:\/\/grand-raid-bcvs.ch\/de\/wp-json\/wp\/v2\/comments?post=9739"}],"version-history":[{"count":3,"href":"https:\/\/grand-raid-bcvs.ch\/de\/wp-json\/wp\/v2\/pages\/9739\/revisions"}],"predecessor-version":[{"id":9935,"href":"https:\/\/grand-raid-bcvs.ch\/de\/wp-json\/wp\/v2\/pages\/9739\/revisions\/9935"}],"wp:attachment":[{"href":"https:\/\/grand-raid-bcvs.ch\/de\/wp-json\/wp\/v2\/media?parent=9739"}],"curies":[{"name":"wp","href":"https:\/\/api.w.org\/{rel}","templated":true}]}}