{"id":10959,"date":"2024-02-02T15:28:19","date_gmt":"2024-02-02T14:28:19","guid":{"rendered":"https:\/\/grand-raid-bcvs.ch\/awards-ceremony-saturday\/"},"modified":"2025-10-10T15:35:14","modified_gmt":"2025-10-10T13:35:14","slug":"awards-ceremony-saturday","status":"publish","type":"page","link":"https:\/\/grand-raid-bcvs.ch\/en\/awards-ceremony-saturday\/","title":{"rendered":"Prize-giving ceremony"},"content":{"rendered":"<p>[et_pb_section fb_built=&#8221;1&#8243; fullwidth=&#8221;on&#8221; _builder_version=&#8221;4.21.0&#8243; _module_preset=&#8221;default&#8221; background_enable_image=&#8221;off&#8221; global_colors_info=&#8221;{}&#8221;][et_pb_fullwidth_header title=&#8221;Prize-giving ceremony&#8221; _builder_version=&#8221;4.27.2&#8243; _module_preset=&#8221;default&#8221; title_font=&#8221;|800|||||||&#8221; title_text_align=&#8221;center&#8221; title_line_height=&#8221;1.3em&#8221; background_image=&#8221;https:\/\/grand-raid-bcvs.ch\/wp-content\/uploads\/2023\/08\/GrandRaid-360DSM-samedi-0336-scaled.jpg&#8221; background_position=&#8221;top_center&#8221; background_vertical_offset=&#8221;21%&#8221; transform_translate=&#8221;4px|-128px&#8221; custom_padding=&#8221;15vw||15vw||true|false&#8221; custom_padding_tablet=&#8221;30vw||15vw||false|false&#8221; custom_padding_phone=&#8221;40vw||||false|false&#8221; custom_padding_last_edited=&#8221;on|phone&#8221; title_text_shadow_style=&#8221;preset3&#8243; title_text_shadow_color=&#8221;#000000&#8243; global_colors_info=&#8221;{}&#8221;][\/et_pb_fullwidth_header][\/et_pb_section][et_pb_section fb_built=&#8221;1&#8243; admin_label=&#8221;section&#8221; _builder_version=&#8221;4.16&#8243; global_colors_info=&#8221;{}&#8221;][et_pb_row admin_label=&#8221;row&#8221; _builder_version=&#8221;4.16&#8243; background_size=&#8221;initial&#8221; background_position=&#8221;top_left&#8221; background_repeat=&#8221;repeat&#8221; global_colors_info=&#8221;{}&#8221;][et_pb_column type=&#8221;4_4&#8243; _builder_version=&#8221;4.16&#8243; custom_padding=&#8221;|||&#8221; global_colors_info=&#8221;{}&#8221; custom_padding__hover=&#8221;|||&#8221;][et_pb_text _builder_version=&#8221;4.27.4&#8243; _module_preset=&#8221;default&#8221; hover_enabled=&#8221;0&#8243; global_colors_info=&#8221;{}&#8221; sticky_enabled=&#8221;0&#8243;]<\/p>\n<h1>Award ceremony times :<\/h1>\n<p>The award ceremonies take place on Saturday August 22, 2026 in Grimentz.<\/p>\n<p>[\/et_pb_text][et_pb_code _builder_version=&#8221;4.27.2&#8243; _module_preset=&#8221;default&#8221; global_colors_info=&#8221;{}&#8221;]\n<table id=\"tablepress-18\" class=\"tablepress tablepress-id-18 tablepress-responsive\">\n<tbody class=\"row-hover\">\n<tr class=\"row-1 odd\">\n\t<td class=\"column-1\"><strong>Evol\u00e8ne<\/strong><\/td><td class=\"column-2\">12:30<\/td>\n<\/tr>\n<tr class=\"row-2 even\">\n\t<td class=\"column-1\"><strong>Raidy Coop<\/strong><\/td><td class=\"column-2\">13:15<\/td>\n<\/tr>\n<tr class=\"row-3 odd\">\n\t<td class=\"column-1\"><strong>H\u00e9r\u00e9mence<\/strong><\/td><td class=\"column-2\">13:30<\/td>\n<\/tr>\n<tr class=\"row-4 even\">\n\t<td class=\"column-1\"><strong>Verbier \u2013 UCI Elites<\/strong><\/td><td class=\"column-2\">14:30<\/td>\n<\/tr>\n<tr class=\"row-5 odd\">\n\t<td class=\"column-1\"><strong>Nendaz<\/strong><\/td><td class=\"column-2\">16:00<\/td>\n<\/tr>\n<tr class=\"row-6 even\">\n\t<td class=\"column-1\"><strong>Verbier \u2013 populaires<\/strong><\/td><td class=\"column-2\">16:30<\/td>\n<\/tr>\n<tr class=\"row-7 odd\">\n\t<td class=\"column-1\"><strong>V\u00e9t\u00e9rans- Gigas H\u00e9ros<\/strong><\/td><td class=\"column-2\">16:40<\/td>\n<\/tr>\n<tr class=\"row-8 even\">\n\t<td class=\"column-1\"><strong>MTB Alpine Cup<\/strong><\/td><td class=\"column-2\">16:45<\/td>\n<\/tr>\n<\/tbody>\n<\/table>\n<!-- #tablepress-18 from cache -->[\/et_pb_code][\/et_pb_column][\/et_pb_row][\/et_pb_section][et_pb_section fb_built=&#8221;1&#8243; disabled_on=&#8221;off|off|off&#8221; admin_label=&#8221;sponsor global&#8221; _builder_version=&#8221;4.25.1&#8243; custom_padding=&#8221;||29px||false|false&#8221; global_module=&#8221;12478&#8243; saved_tabs=&#8221;all&#8221; global_colors_info=&#8221;{}&#8221;][et_pb_row column_structure=&#8221;1_4,1_4,1_4,1_4&#8243; _builder_version=&#8221;4.25.1&#8243; _module_preset=&#8221;default&#8221; max_width=&#8221;1500px&#8221; global_colors_info=&#8221;{}&#8221;][et_pb_column type=&#8221;1_4&#8243; _builder_version=&#8221;4.25.1&#8243; _module_preset=&#8221;default&#8221; global_colors_info=&#8221;{}&#8221;][et_pb_image src=&#8221;https:\/\/grand-raid-bcvs.ch\/wp-content\/uploads\/2025\/02\/logo_coop_farbig_rgb.png&#8221; alt=&#8221;Logo Coop&#8221; url=&#8221;https:\/\/www.coop.ch\/en\/&#8221; url_new_window=&#8221;on&#8221; align=&#8221;center&#8221; _builder_version=&#8221;4.27.4&#8243; _module_preset=&#8221;default&#8221; width=&#8221;71%&#8221; width_tablet=&#8221;83%&#8221; width_phone=&#8221;85%&#8221; width_last_edited=&#8221;on|phone&#8221; global_colors_info=&#8221;{}&#8221;][\/et_pb_image][\/et_pb_column][et_pb_column type=&#8221;1_4&#8243; _builder_version=&#8221;4.16&#8243; _module_preset=&#8221;default&#8221; global_colors_info=&#8221;{}&#8221;][et_pb_image src=&#8221;https:\/\/grand-raid-bcvs.ch\/wp-content\/uploads\/2019\/04\/Loro.jpg&#8221; alt=&#8221;Logo Loterie Romande&#8221; url=&#8221;https:\/\/www.loro.ch\/&#8221; url_new_window=&#8221;on&#8221; align=&#8221;center&#8221; _builder_version=&#8221;4.27.4&#8243; _module_preset=&#8221;default&#8221; width=&#8221;52%&#8221; width_tablet=&#8221;84%&#8221; width_phone=&#8221;93%&#8221; width_last_edited=&#8221;on|phone&#8221; custom_margin=&#8221;||||false|false&#8221; global_colors_info=&#8221;{}&#8221;][\/et_pb_image][\/et_pb_column][et_pb_column type=&#8221;1_4&#8243; _builder_version=&#8221;4.16&#8243; _module_preset=&#8221;default&#8221; global_colors_info=&#8221;{}&#8221;][et_pb_image src=&#8221;https:\/\/grand-raid-bcvs.ch\/wp-content\/uploads\/2019\/04\/Fonds-du-Sport.png&#8221; alt=&#8221;Logo Fonds du sport &#8211; Loterie Romande&#8221; url=&#8221;https:\/\/fondsdusport.ch\/accueil\/&#8221; url_new_window=&#8221;on&#8221; align=&#8221;center&#8221; _builder_version=&#8221;4.27.4&#8243; _module_preset=&#8221;default&#8221; width=&#8221;65%&#8221; width_tablet=&#8221;94%&#8221; width_phone=&#8221;96%&#8221; width_last_edited=&#8221;on|phone&#8221; custom_margin=&#8221;||||false|false&#8221; global_colors_info=&#8221;{}&#8221;][\/et_pb_image][\/et_pb_column][et_pb_column type=&#8221;1_4&#8243; _builder_version=&#8221;4.16&#8243; _module_preset=&#8221;default&#8221; global_colors_info=&#8221;{}&#8221;][et_pb_image src=&#8221;https:\/\/grand-raid-bcvs.ch\/wp-content\/uploads\/2019\/04\/Valais.jpg&#8221; alt=&#8221;Logo Valais Grav\u00e9 dans mon Coeur&#8221; url=&#8221;https:\/\/www.valais.ch\/en&#8221; url_new_window=&#8221;on&#8221; align=&#8221;center&#8221; _builder_version=&#8221;4.27.4&#8243; _module_preset=&#8221;default&#8221; width=&#8221;24%&#8221; width_tablet=&#8221;58%&#8221; width_phone=&#8221;64%&#8221; width_last_edited=&#8221;on|phone&#8221; custom_margin=&#8221;||||false|false&#8221; global_colors_info=&#8221;{}&#8221;][\/et_pb_image][\/et_pb_column][\/et_pb_row][et_pb_row column_structure=&#8221;1_3,1_3,1_3&#8243; use_custom_gutter=&#8221;on&#8221; gutter_width=&#8221;2&#8243; custom_padding_last_edited=&#8221;on|phone&#8221; _builder_version=&#8221;4.25.1&#8243; _module_preset=&#8221;default&#8221; max_width=&#8221;1500px&#8221; custom_padding_tablet=&#8221;0px||||false|false&#8221; custom_padding_phone=&#8221;&#8221; global_colors_info=&#8221;{}&#8221;][et_pb_column type=&#8221;1_3&#8243; _builder_version=&#8221;4.16&#8243; _module_preset=&#8221;default&#8221; global_colors_info=&#8221;{}&#8221;][et_pb_image src=&#8221;https:\/\/grand-raid-bcvs.ch\/wp-content\/uploads\/2024\/06\/GOLDBACH_NEO.png&#8221; alt=&#8221;Logo Goldbach Neo&#8221; url=&#8221;https:\/\/goldbach.com\/ch\/fr\/news-and-insights\/la-nouvelle-regie-publicitaire-out-of-home-sappelle-goldbach-neo&#8221; url_new_window=&#8221;on&#8221; align=&#8221;center&#8221; show_bottom_space_tablet=&#8221;off&#8221; show_bottom_space_phone=&#8221;&#8221; show_bottom_space_last_edited=&#8221;on|phone&#8221; _builder_version=&#8221;4.25.1&#8243; _module_preset=&#8221;default&#8221; transform_scale=&#8221;214%|214%&#8221; transform_translate=&#8221;2px|12px&#8221; width=&#8221;30%&#8221; width_tablet=&#8221;30%&#8221; width_phone=&#8221;48%&#8221; width_last_edited=&#8221;on|phone&#8221; global_colors_info=&#8221;{}&#8221;][\/et_pb_image][\/et_pb_column][et_pb_column type=&#8221;1_3&#8243; _builder_version=&#8221;4.16&#8243; _module_preset=&#8221;default&#8221; global_colors_info=&#8221;{}&#8221;][et_pb_image src=&#8221;https:\/\/grand-raid-bcvs.ch\/wp-content\/uploads\/2020\/12\/OIKEN_NB_CMJN.png&#8221; alt=&#8221;Logo Oiken&#8221; url=&#8221;https:\/\/oiken.ch\/&#8221; url_new_window=&#8221;on&#8221; align=&#8221;center&#8221; _builder_version=&#8221;4.25.1&#8243; _module_preset=&#8221;default&#8221; width=&#8221;38%&#8221; width_tablet=&#8221;53%&#8221; width_phone=&#8221;76%&#8221; width_last_edited=&#8221;on|tablet&#8221; custom_margin=&#8221;22px||||false|false&#8221; custom_margin_tablet=&#8221;50px||||false|false&#8221; custom_margin_phone=&#8221;&#8221; custom_margin_last_edited=&#8221;on|phone&#8221; global_colors_info=&#8221;{}&#8221;][\/et_pb_image][\/et_pb_column][et_pb_column type=&#8221;1_3&#8243; _builder_version=&#8221;4.16&#8243; _module_preset=&#8221;default&#8221; global_colors_info=&#8221;{}&#8221;][et_pb_image src=&#8221;https:\/\/grand-raid-bcvs.ch\/wp-content\/uploads\/2022\/12\/8Fichier-22x.png&#8221; alt=&#8221;Logo UCI 2025&#8243; url=&#8221;https:\/\/uci.org\/&#8221; url_new_window=&#8221;on&#8221; align=&#8221;center&#8221; _builder_version=&#8221;4.25.1&#8243; _module_preset=&#8221;default&#8221; width=&#8221;55%&#8221; width_tablet=&#8221;53%&#8221; width_phone=&#8221;81%&#8221; width_last_edited=&#8221;on|phone&#8221; custom_margin=&#8221;10px||||false|false&#8221; custom_margin_tablet=&#8221;40px||||false|false&#8221; custom_margin_phone=&#8221;&#8221; custom_margin_last_edited=&#8221;on|phone&#8221; global_colors_info=&#8221;{}&#8221;][\/et_pb_image][\/et_pb_column][\/et_pb_row][\/et_pb_section]<\/p>\n","protected":false},"excerpt":{"rendered":"<p>Award ceremony times : The award ceremonies take place on Saturday August 22, 2026 in Grimentz.\n<table id=\"tablepress-18-no-2\" class=\"tablepress tablepress-id-18 tablepress-responsive\">\n<tbody class=\"row-hover\">\n<tr class=\"row-1 odd\">\n\t<td class=\"column-1\"><strong>Evol\u00e8ne<\/strong><\/td><td class=\"column-2\">12:30<\/td>\n<\/tr>\n<tr class=\"row-2 even\">\n\t<td class=\"column-1\"><strong>Raidy Coop<\/strong><\/td><td class=\"column-2\">13:15<\/td>\n<\/tr>\n<tr class=\"row-3 odd\">\n\t<td class=\"column-1\"><strong>H\u00e9r\u00e9mence<\/strong><\/td><td class=\"column-2\">13:30<\/td>\n<\/tr>\n<tr class=\"row-4 even\">\n\t<td class=\"column-1\"><strong>Verbier \u2013 UCI Elites<\/strong><\/td><td class=\"column-2\">14:30<\/td>\n<\/tr>\n<tr class=\"row-5 odd\">\n\t<td class=\"column-1\"><strong>Nendaz<\/strong><\/td><td class=\"column-2\">16:00<\/td>\n<\/tr>\n<tr class=\"row-6 even\">\n\t<td class=\"column-1\"><strong>Verbier \u2013 populaires<\/strong><\/td><td class=\"column-2\">16:30<\/td>\n<\/tr>\n<tr class=\"row-7 odd\">\n\t<td class=\"column-1\"><strong>V\u00e9t\u00e9rans- Gigas H\u00e9ros<\/strong><\/td><td class=\"column-2\">16:40<\/td>\n<\/tr>\n<tr class=\"row-8 even\">\n\t<td class=\"column-1\"><strong>MTB Alpine Cup<\/strong><\/td><td class=\"column-2\">16:45<\/td>\n<\/tr>\n<\/tbody>\n<\/table>\n<\/p>\n","protected":false},"author":3,"featured_media":0,"parent":0,"menu_order":0,"comment_status":"closed","ping_status":"closed","template":"","meta":{"_et_pb_use_builder":"on","_et_pb_old_content":"","_et_gb_content_width":"","_monsterinsights_skip_tracking":false,"_monsterinsights_sitenote_active":false,"_monsterinsights_sitenote_note":"","_monsterinsights_sitenote_category":0,"footnotes":""},"class_list":["post-10959","page","type-page","status-publish","hentry"],"yoast_head":"<!-- This site is optimized with the Yoast SEO plugin v27.2 - https:\/\/yoast.com\/product\/yoast-seo-wordpress\/ -->\n<title>Prize-giving ceremony - Grand Raid BCVS<\/title>\n<meta name=\"robots\" content=\"index, follow, max-snippet:-1, max-image-preview:large, max-video-preview:-1\" \/>\n<link rel=\"canonical\" href=\"https:\/\/grand-raid-bcvs.ch\/en\/awards-ceremony-saturday\/\" \/>\n<meta property=\"og:locale\" content=\"en_US\" \/>\n<meta property=\"og:type\" content=\"article\" \/>\n<meta property=\"og:title\" content=\"Prize-giving ceremony - Grand Raid BCVS\" \/>\n<meta property=\"og:description\" content=\"Award ceremony times : The award ceremonies take place on Saturday August 22, 2026 in Grimentz.\" \/>\n<meta property=\"og:url\" content=\"https:\/\/grand-raid-bcvs.ch\/en\/awards-ceremony-saturday\/\" \/>\n<meta property=\"og:site_name\" content=\"Grand Raid BCVS\" \/>\n<meta property=\"article:publisher\" content=\"https:\/\/www.facebook.com\/GrandRaidBCVS\/\" \/>\n<meta property=\"article:modified_time\" content=\"2025-10-10T13:35:14+00:00\" \/>\n<meta name=\"twitter:card\" content=\"summary_large_image\" \/>\n<meta name=\"twitter:label1\" content=\"Est. reading time\" \/>\n\t<meta name=\"twitter:data1\" content=\"2 minutes\" \/>\n<script type=\"application\/ld+json\" class=\"yoast-schema-graph\">{\"@context\":\"https:\/\/schema.org\",\"@graph\":[{\"@type\":\"WebPage\",\"@id\":\"https:\/\/grand-raid-bcvs.ch\/en\/awards-ceremony-saturday\/\",\"url\":\"https:\/\/grand-raid-bcvs.ch\/en\/awards-ceremony-saturday\/\",\"name\":\"Prize-giving ceremony - Grand Raid BCVS\",\"isPartOf\":{\"@id\":\"https:\/\/grand-raid-bcvs.ch\/#website\"},\"datePublished\":\"2024-02-02T14:28:19+00:00\",\"dateModified\":\"2025-10-10T13:35:14+00:00\",\"breadcrumb\":{\"@id\":\"https:\/\/grand-raid-bcvs.ch\/en\/awards-ceremony-saturday\/#breadcrumb\"},\"inLanguage\":\"en-US\",\"potentialAction\":[{\"@type\":\"ReadAction\",\"target\":[\"https:\/\/grand-raid-bcvs.ch\/en\/awards-ceremony-saturday\/\"]}]},{\"@type\":\"BreadcrumbList\",\"@id\":\"https:\/\/grand-raid-bcvs.ch\/en\/awards-ceremony-saturday\/#breadcrumb\",\"itemListElement\":[{\"@type\":\"ListItem\",\"position\":1,\"name\":\"Accueil\",\"item\":\"https:\/\/grand-raid-bcvs.ch\/en\/home\/\"},{\"@type\":\"ListItem\",\"position\":2,\"name\":\"Prize-giving ceremony\"}]},{\"@type\":\"WebSite\",\"@id\":\"https:\/\/grand-raid-bcvs.ch\/#website\",\"url\":\"https:\/\/grand-raid-bcvs.ch\/\",\"name\":\"Grand Raid BCVS\",\"description\":\"Site officiel du Grand-Raid BCVs\",\"publisher\":{\"@id\":\"https:\/\/grand-raid-bcvs.ch\/#organization\"},\"potentialAction\":[{\"@type\":\"SearchAction\",\"target\":{\"@type\":\"EntryPoint\",\"urlTemplate\":\"https:\/\/grand-raid-bcvs.ch\/?s={search_term_string}\"},\"query-input\":{\"@type\":\"PropertyValueSpecification\",\"valueRequired\":true,\"valueName\":\"search_term_string\"}}],\"inLanguage\":\"en-US\"},{\"@type\":\"Organization\",\"@id\":\"https:\/\/grand-raid-bcvs.ch\/#organization\",\"name\":\"Grand Raid BCVS\",\"url\":\"https:\/\/grand-raid-bcvs.ch\/\",\"logo\":{\"@type\":\"ImageObject\",\"inLanguage\":\"en-US\",\"@id\":\"https:\/\/grand-raid-bcvs.ch\/#\/schema\/logo\/image\/\",\"url\":\"https:\/\/grand-raid-bcvs.ch\/wp-content\/uploads\/2019\/04\/GRBCVS.png\",\"contentUrl\":\"https:\/\/grand-raid-bcvs.ch\/wp-content\/uploads\/2019\/04\/GRBCVS.png\",\"width\":350,\"height\":319,\"caption\":\"Grand Raid BCVS\"},\"image\":{\"@id\":\"https:\/\/grand-raid-bcvs.ch\/#\/schema\/logo\/image\/\"},\"sameAs\":[\"https:\/\/www.facebook.com\/GrandRaidBCVS\/\",\"https:\/\/www.instagram.com\/grandraidbcvs\/\",\"https:\/\/www.youtube.com\/channel\/UCtKP5pcz1AnR-OvepCmevqw\/videos\"]}]}<\/script>\n<!-- \/ Yoast SEO plugin. -->","yoast_head_json":{"title":"Prize-giving ceremony - Grand Raid BCVS","robots":{"index":"index","follow":"follow","max-snippet":"max-snippet:-1","max-image-preview":"max-image-preview:large","max-video-preview":"max-video-preview:-1"},"canonical":"https:\/\/grand-raid-bcvs.ch\/en\/awards-ceremony-saturday\/","og_locale":"en_US","og_type":"article","og_title":"Prize-giving ceremony - Grand Raid BCVS","og_description":"Award ceremony times : The award ceremonies take place on Saturday August 22, 2026 in Grimentz.","og_url":"https:\/\/grand-raid-bcvs.ch\/en\/awards-ceremony-saturday\/","og_site_name":"Grand Raid BCVS","article_publisher":"https:\/\/www.facebook.com\/GrandRaidBCVS\/","article_modified_time":"2025-10-10T13:35:14+00:00","twitter_card":"summary_large_image","twitter_misc":{"Est. reading time":"2 minutes"},"schema":{"@context":"https:\/\/schema.org","@graph":[{"@type":"WebPage","@id":"https:\/\/grand-raid-bcvs.ch\/en\/awards-ceremony-saturday\/","url":"https:\/\/grand-raid-bcvs.ch\/en\/awards-ceremony-saturday\/","name":"Prize-giving ceremony - Grand Raid BCVS","isPartOf":{"@id":"https:\/\/grand-raid-bcvs.ch\/#website"},"datePublished":"2024-02-02T14:28:19+00:00","dateModified":"2025-10-10T13:35:14+00:00","breadcrumb":{"@id":"https:\/\/grand-raid-bcvs.ch\/en\/awards-ceremony-saturday\/#breadcrumb"},"inLanguage":"en-US","potentialAction":[{"@type":"ReadAction","target":["https:\/\/grand-raid-bcvs.ch\/en\/awards-ceremony-saturday\/"]}]},{"@type":"BreadcrumbList","@id":"https:\/\/grand-raid-bcvs.ch\/en\/awards-ceremony-saturday\/#breadcrumb","itemListElement":[{"@type":"ListItem","position":1,"name":"Accueil","item":"https:\/\/grand-raid-bcvs.ch\/en\/home\/"},{"@type":"ListItem","position":2,"name":"Prize-giving ceremony"}]},{"@type":"WebSite","@id":"https:\/\/grand-raid-bcvs.ch\/#website","url":"https:\/\/grand-raid-bcvs.ch\/","name":"Grand Raid BCVS","description":"Site officiel du Grand-Raid BCVs","publisher":{"@id":"https:\/\/grand-raid-bcvs.ch\/#organization"},"potentialAction":[{"@type":"SearchAction","target":{"@type":"EntryPoint","urlTemplate":"https:\/\/grand-raid-bcvs.ch\/?s={search_term_string}"},"query-input":{"@type":"PropertyValueSpecification","valueRequired":true,"valueName":"search_term_string"}}],"inLanguage":"en-US"},{"@type":"Organization","@id":"https:\/\/grand-raid-bcvs.ch\/#organization","name":"Grand Raid BCVS","url":"https:\/\/grand-raid-bcvs.ch\/","logo":{"@type":"ImageObject","inLanguage":"en-US","@id":"https:\/\/grand-raid-bcvs.ch\/#\/schema\/logo\/image\/","url":"https:\/\/grand-raid-bcvs.ch\/wp-content\/uploads\/2019\/04\/GRBCVS.png","contentUrl":"https:\/\/grand-raid-bcvs.ch\/wp-content\/uploads\/2019\/04\/GRBCVS.png","width":350,"height":319,"caption":"Grand Raid BCVS"},"image":{"@id":"https:\/\/grand-raid-bcvs.ch\/#\/schema\/logo\/image\/"},"sameAs":["https:\/\/www.facebook.com\/GrandRaidBCVS\/","https:\/\/www.instagram.com\/grandraidbcvs\/","https:\/\/www.youtube.com\/channel\/UCtKP5pcz1AnR-OvepCmevqw\/videos"]}]}},"_links":{"self":[{"href":"https:\/\/grand-raid-bcvs.ch\/en\/wp-json\/wp\/v2\/pages\/10959","targetHints":{"allow":["GET"]}}],"collection":[{"href":"https:\/\/grand-raid-bcvs.ch\/en\/wp-json\/wp\/v2\/pages"}],"about":[{"href":"https:\/\/grand-raid-bcvs.ch\/en\/wp-json\/wp\/v2\/types\/page"}],"author":[{"embeddable":true,"href":"https:\/\/grand-raid-bcvs.ch\/en\/wp-json\/wp\/v2\/users\/3"}],"replies":[{"embeddable":true,"href":"https:\/\/grand-raid-bcvs.ch\/en\/wp-json\/wp\/v2\/comments?post=10959"}],"version-history":[{"count":7,"href":"https:\/\/grand-raid-bcvs.ch\/en\/wp-json\/wp\/v2\/pages\/10959\/revisions"}],"predecessor-version":[{"id":18213,"href":"https:\/\/grand-raid-bcvs.ch\/en\/wp-json\/wp\/v2\/pages\/10959\/revisions\/18213"}],"wp:attachment":[{"href":"https:\/\/grand-raid-bcvs.ch\/en\/wp-json\/wp\/v2\/media?parent=10959"}],"curies":[{"name":"wp","href":"https:\/\/api.w.org\/{rel}","templated":true}]}}