{"id":15590,"date":"2025-05-26T11:44:45","date_gmt":"2025-05-26T09:44:45","guid":{"rendered":"https:\/\/grand-raid-bcvs.ch\/politique-de-confidentialite\/"},"modified":"2025-05-26T11:44:46","modified_gmt":"2025-05-26T09:44:46","slug":"politique-de-confidentialite","status":"publish","type":"page","link":"https:\/\/grand-raid-bcvs.ch\/en\/politique-de-confidentialite\/","title":{"rendered":"Politique de confidentialit\u00e9"},"content":{"rendered":"<p>[et_pb_section fb_built=&#8221;1&#8243; _builder_version=&#8221;4.16&#8243; global_colors_info=&#8221;{}&#8221;][et_pb_row _builder_version=&#8221;4.16&#8243; background_size=&#8221;initial&#8221; background_position=&#8221;top_left&#8221; background_repeat=&#8221;repeat&#8221; global_colors_info=&#8221;{}&#8221;][et_pb_column type=&#8221;4_4&#8243; _builder_version=&#8221;4.16&#8243; custom_padding=&#8221;|||&#8221; global_colors_info=&#8221;{}&#8221; custom_padding__hover=&#8221;|||&#8221;][et_pb_text _builder_version=&#8221;4.27.4&#8243; _module_preset=&#8221;default&#8221; global_colors_info=&#8221;{}&#8221;]<\/p>\n<h1>Politique de confidentialit\u00e9<\/h1>\n<p>[\/et_pb_text][\/et_pb_column][\/et_pb_row][et_pb_row _builder_version=&#8221;4.27.4&#8243; _module_preset=&#8221;default&#8221; global_colors_info=&#8221;{}&#8221;][et_pb_column type=&#8221;4_4&#8243; _builder_version=&#8221;4.27.4&#8243; _module_preset=&#8221;default&#8221; global_colors_info=&#8221;{}&#8221;][et_pb_text _builder_version=&#8221;4.27.4&#8243; _module_preset=&#8221;default&#8221; global_colors_info=&#8221;{}&#8221;]<\/p>\n<p>La pr\u00e9sente Politique de Confidentialit\u00e9 d\u00e9crit la mani\u00e8re dont le Grand Raid BCVS collecte, utilise et prot\u00e8ge vos donn\u00e9es personnelles lorsque vous visitez le site web <a href=\"https:\/\/grand-raid-bcvs.ch\/en\/\">https:\/\/grand-raid-bcvs.ch\/<\/a> (ci-apr\u00e8s d\u00e9nomm\u00e9 \u00ab le Site \u00bb). Nous nous engageons \u00e0 respecter la nouvelle loi suisse sur la protection des donn\u00e9es (nLPD) et \u00e0 garantir la confidentialit\u00e9 et la s\u00e9curit\u00e9 de vos informations personnelles. <\/p>\n<p>[\/et_pb_text][\/et_pb_column][\/et_pb_row][et_pb_row _builder_version=&#8221;4.27.4&#8243; _module_preset=&#8221;default&#8221; global_colors_info=&#8221;{}&#8221;][et_pb_column type=&#8221;4_4&#8243; _builder_version=&#8221;4.27.4&#8243; _module_preset=&#8221;default&#8221; global_colors_info=&#8221;{}&#8221;][et_pb_text _builder_version=&#8221;4.27.4&#8243; _module_preset=&#8221;default&#8221; hover_enabled=&#8221;0&#8243; global_colors_info=&#8221;{}&#8221; sticky_enabled=&#8221;0&#8243;]<\/p>\n<h2>1. Collecte des donn\u00e9es personnelles<\/h2>\n<p>Nous pouvons collecter des donn\u00e9es personnelles de deux mani\u00e8res :<\/p>\n<p>La collecte directe qui s\u2019applique aux informations que vous choisissez consciemment de nous fournir. Ces informations personnelles telles que le nom, pr\u00e9nom, adresse, num\u00e9ro de t\u00e9l\u00e9phone, date de naissance, adresse \u00e9lectronique, etc. permettent d\u2019acc\u00e9der \u00e0 nos prestations. Cela peut se faire \u00e0 travers des formulaires de contact, des comptes utilisateur, des interactions directes avec le service client, des bulletins de commandes sur notre shop, une inscription \u00e0 la newsletter, etc. A noter que les donn\u00e9es de paiement que vous nous fournissez sont uniquement stock\u00e9es chez notre partenaire TWINT SA.   <\/p>\n<p>La collecte indirecte qui se produit lorsque des informations sont recueillies \u00e0 partir d\u2019autres sources ou par le suivi des activit\u00e9s en ligne des utilisateurs. Nous collectons des donn\u00e9es de navigation lorsque vous visitez notre Site, y compris votre adresse IP, le type de navigateur que vous utilisez, les pages que vous avez consult\u00e9es et les liens sur lesquels vous avez cliqu\u00e9. Cela peut inclure l\u2019utilisation de cookies, de balises web et d\u2019autres technologies de suivi pour comprendre les habitudes de navigation, les interactions avec les publicit\u00e9s et le comportement en ligne. Ces donn\u00e9es sont souvent agr\u00e9g\u00e9es et anonymes.   <\/p>\n<h2>2. Utilisation des donn\u00e9es personnelles<\/h2>\n<p>Les donn\u00e9es personnelles collect\u00e9es jouent un r\u00f4le essentiel dans la compr\u00e9hension des besoins et des pr\u00e9f\u00e9rences des clients, ainsi que dans l\u2019am\u00e9lioration des produits, des services et de l\u2019exp\u00e9rience utilisateur. Elles peuvent \u00eatre utilis\u00e9es pour les finalit\u00e9s suivantes : <\/p>\n<ul>\n<li>fournir les services du Site et r\u00e9pondre \u00e0 vos demandes ;<\/li>\n<li>communiquer avec vous concernant les mises \u00e0 jour du Site, les \u00e9v\u00e9nements ou les offres sp\u00e9ciales ;<\/li>\n<li>am\u00e9liorer nos services et personnaliser votre exp\u00e9rience sur le Site ;<\/li>\n<li>analyser l\u2019utilisation du Site pour des statistiques et des am\u00e9liorations internes ;<\/li>\n<li>respecter nos obligations l\u00e9gales et r\u00e9glementaires.<\/li>\n<\/ul>\n<h2>3. Partage des donn\u00e9es personnelles<\/h2>\n<p>Vos donn\u00e9es personnelles ne seront pas vendues, lou\u00e9es ni \u00e9chang\u00e9es avec des tiers \u00e0 des fins commerciales. Nous pouvons toutefois partager vos informations avec : <\/p>\n<ul>\n<li>nos partenaires commerciaux, fournisseurs de services et sous-traitants dans le cadre de la prestation de services ;<\/li>\n<li>les autorit\u00e9s r\u00e9glementaires en r\u00e9ponse \u00e0 des demandes l\u00e9gales ou dans le cadre d\u2019une enqu\u00eate.<\/li>\n<\/ul>\n<h2>4. Dur\u00e9e de conservation des donn\u00e9es personnelles<\/h2>\n<p>La dur\u00e9e de conservation de vos donn\u00e9es personnelles varie en fonction de la finalit\u00e9 pour laquelle elles ont \u00e9t\u00e9 collect\u00e9es et des obligations l\u00e9gales ou r\u00e9glementaires applicables. Nous ne conservons vos donn\u00e9es personnelles que le temps n\u00e9cessaire pour atteindre les objectifs pour lesquels elles ont \u00e9t\u00e9 collect\u00e9es, \u00e0 moins qu\u2019une p\u00e9riode de conservation plus longue ne soit requise par la loi. Une fois que vos donn\u00e9es personnelles ne sont plus n\u00e9cessaires, nous les effacerons de mani\u00e8re s\u00e9curis\u00e9e ou les anonymiserons afin qu\u2019elles ne puissent plus \u00eatre associ\u00e9es \u00e0 votre identit\u00e9. Vous pouvez \u00e9galement exercer vos droits tels que d\u00e9crits dans notre politique de confidentialit\u00e9 pour demander la suppression de vos donn\u00e9es personnelles ou pour limiter leur traitement.   <\/p>\n<h2>5. Utilisation des cookies<\/h2>\n<p>Un cookie est un petit fichier texte qui est stock\u00e9 sur votre appareil (ordinateur, smartphone, tablette) lorsque vous visitez un site web. Les cookies peuvent \u00eatre temporaires (cookies de session) ou permanents (cookies persistants) et sont utilis\u00e9s pour diverses finalit\u00e9s, notamment pour faciliter votre navigation et analyser votre utilisation du Site afin que nous puissions l\u2019optimiser. <\/p>\n<p>Il existe diff\u00e9rents types de cookies. Voici les principaux cookies utilis\u00e9s sur notre Site : <\/p>\n<h3>Cookies essentiels<\/h3>\n<p>Ces cookies sont n\u00e9cessaires au fonctionnement de base du Site. Ils vous permettent de naviguer sur le Site et d\u2019utiliser ses fonctionnalit\u00e9s de base, telles que l\u2019acc\u00e8s aux zones s\u00e9curis\u00e9es, la gestion du panier d\u2019achat. Ces cookies ne recueillent aucune information vous concernant qui pourrait \u00eatre utilis\u00e9e \u00e0 des fins de marketing ou pour se souvenir de l\u2019endroit o\u00f9 vous avez surf\u00e9 sur internet.  <\/p>\n<h3>Cookies de fonctionnalit\u00e9<\/h3>\n<p>Ces cookies permettent au Site de se souvenir des choix que les utilisateurs ont faits pr\u00e9c\u00e9demment, tels que la langue pr\u00e9f\u00e9r\u00e9e, la r\u00e9gion ou les pr\u00e9f\u00e9rences de personnalisation. Ils offrent une exp\u00e9rience plus personnalis\u00e9e et pratique en enregistrant ces pr\u00e9f\u00e9rences pour les visites ult\u00e9rieures. <\/p>\n<h3>Cookies de performance<\/h3>\n<p>Les cookies de performance collectent des informations sur la mani\u00e8re dont vous interagissez avec le Site, telles que les pages visit\u00e9es, le temps pass\u00e9 sur chaque page et les \u00e9ventuels messages d\u2019erreur. Nous utilisons ces informations pour compiler des rapports et pour nous aider \u00e0 am\u00e9liorer le fonctionnement de nos services (par exemple en veillant \u00e0 ce que les utilisateurs trouvent plus facilement ce qu\u2019ils cherchent) et pour d\u00e9terminer le succ\u00e8s d\u2019une campagne de marketing. Ces cookies ne collectent aucune information susceptible de vous identifier. Toutes les informations collect\u00e9es sont anonymes et ne sont utilis\u00e9es que pour nous aider \u00e0 am\u00e9liorer le fonctionnement de nos services.   <\/p>\n<p>L\u2019un des outils d\u2019analyse utilis\u00e9s par nos services est Google Analytics fourni par la soci\u00e9t\u00e9 Google Inc., bas\u00e9e aux \u00c9tats-Unis. Ce syst\u00e8me permet de recueillir des informations sur la mani\u00e8re dont les visiteurs interagissent avec notre Site. Ces informations, telles que les pages visit\u00e9es, le temps pass\u00e9 sur le site et les interactions avec le contenu, nous aident \u00e0 am\u00e9liorer notre site et \u00e0 offrir une meilleure exp\u00e9rience utilisateur. Google Analytics utilise des cookies pour collecter ces donn\u00e9es de mani\u00e8re anonyme et nous n\u2019identifions pas personnellement les utilisateurs \u00e0 partir de ces informations. Les donn\u00e9es collect\u00e9es par Google Analytics sont g\u00e9n\u00e9ralement transf\u00e9r\u00e9es et stock\u00e9es sur des serveurs situ\u00e9s aux \u00c9tats-Unis. Si vous souhaitez d\u00e9sactiver la collecte de ces donn\u00e9es, vous pouvez installer un module compl\u00e9mentaire de navigateur.<\/p>\n<p>Nous utilisons \u00e9galement les plateformes publicitaires de Google et Meta Business Suite pour diffuser des annonces cibl\u00e9es \u00e0 des segments sp\u00e9cifiques de notre audience. Ces plateformes peuvent utiliser des cookies et d\u2019autres technologies de suivi pour recueillir des informations sur les interactions des utilisateurs avec nos annonces, telles que les clics et les conversions. Cela nous permet d\u2019ajuster nos campagnes publicitaires pour les rendre plus pertinentes pour nos utilisateurs. Vous avez le contr\u00f4le sur vos pr\u00e9f\u00e9rences en mati\u00e8re de publicit\u00e9s cibl\u00e9es en ajustant les param\u00e8tres de confidentialit\u00e9 de votre compte Google et de votre compte Facebook et Instagram.   <\/p>\n<p>Pour l\u2019envoi de newsletters, nous utilisons Infomaniak. En vous inscrivant \u00e0 notre newsletter, vos donn\u00e9es personnelles peuvent \u00eatre transf\u00e9r\u00e9es vers Infomaniak aux fins de stockage et de traitement conform\u00e9ment \u00e0 leur politique de confidentialit\u00e9. Infomaniak utilise des cookies et des technologies similaires pour suivre les performances de nos campagnes de newsletters, telles que le taux d\u2019ouverture des e-mails et les clics sur les liens. Ces cookies nous aident \u00e0 am\u00e9liorer nos communications et \u00e0 mieux comprendre vos pr\u00e9f\u00e9rences. Vous avez le droit de vous d\u00e9sabonner de notre newsletter \u00e0 tout moment en utilisant le lien de d\u00e9sabonnement fourni dans chaque newsletter que nous envoyons ou en nous contactant directement.    <\/p>\n<h3>Cookies de tiers<\/h3>\n<p>Il s\u2019agit de cookies utilis\u00e9s par les sites de r\u00e9seaux sociaux (par exemple Facebook, Twitter, LinkedIn, YouTube, etc.), qui peuvent utiliser les informations relatives \u00e0 votre visite pour vous adresser de la publicit\u00e9 cibl\u00e9e sur leurs services. Les cookies de tiers tels que ceux-ci sont install\u00e9s par un domaine autre que celui visit\u00e9 par l\u2019utilisateur. <\/p>\n<h2>6. Gestion et d\u00e9sactivation des cookies<\/h2>\n<p>En acc\u00e9dant au Site, vous consentez \u00e0 l\u2019utilisation de cookies conform\u00e9ment \u00e0 la pr\u00e9sente Politique de Confidentialit\u00e9. Vous avez la possibilit\u00e9 de g\u00e9rer vos pr\u00e9f\u00e9rences en mati\u00e8re de cookies en ajustant les param\u00e8tres de votre navigateur ou en utilisant les options de consentement fournies sur le Site. <\/p>\n<p>Vous pouvez g\u00e9n\u00e9ralement d\u00e9sactiver les cookies en ajustant les param\u00e8tres de votre navigateur pour refuser tous les cookies ou certains types de cookies. Cependant, veuillez noter que la d\u00e9sactivation des cookies peut affecter certaines fonctionnalit\u00e9s du Site. <\/p>\n<h2>7. Vos droits<\/h2>\n<p>Conform\u00e9ment \u00e0 la l\u00e9gislation suisse en mati\u00e8re de protection des donn\u00e9es, vous avez le droit de :<\/p>\n<ul>\n<li>acc\u00e9der aux donn\u00e9es personnelles que nous d\u00e9tenons \u00e0 votre sujet ;<\/li>\n<li>rectifier les donn\u00e9es personnelles inexactes ou incompl\u00e8tes ;<\/li>\n<li>demander la suppression de vos donn\u00e9es personnelles dans certaines circonstances ;<\/li>\n<li>limiter le traitement de vos donn\u00e9es personnelles ;<\/li>\n<li>vous opposer au traitement de vos donn\u00e9es personnelles \u00e0 des fins de marketing direct ;<\/li>\n<\/ul>\n<h2>8. S\u00e9curit\u00e9<\/h2>\n<p>Nous prenons des mesures techniques et organisationnelles pour prot\u00e9ger vos donn\u00e9es personnelles contre la perte, l\u2019acc\u00e8s non autoris\u00e9, la divulgation ou la modification. Cependant, aucune m\u00e9thode de transmission sur Internet ou de stockage \u00e9lectronique n\u2019est totalement s\u00e9curis\u00e9e. <\/p>\n<h2>9. Contact<\/h2>\n<p>Le responsable du traitement des donn\u00e9es est le Grand Raid BCVS. Si vous avez des questions concernant cette Politique de Confidentialit\u00e9 ou si vous souhaitez exercer vos droits en mati\u00e8re de protection des donn\u00e9es, vous pouvez nous contacter \u00e0 <a href=\"mailto:info@grand-raid-bcvs.ch\">info@grand-raid-bcvs.ch<\/a>. <\/p>\n<p>&nbsp;<\/p>\n<p><em>Derni\u00e8re mise \u00e0 jour : avril 2025<\/em><\/p>\n<p>[\/et_pb_text][\/et_pb_column][\/et_pb_row][\/et_pb_section]<\/p>\n","protected":false},"excerpt":{"rendered":"<p>Politique de confidentialit\u00e9La pr\u00e9sente Politique de Confidentialit\u00e9 d\u00e9crit la mani\u00e8re dont le Grand Raid BCVS collecte, utilise et prot\u00e8ge vos donn\u00e9es personnelles lorsque vous visitez le site web https:\/\/grand-raid-bcvs.ch\/ (ci-apr\u00e8s d\u00e9nomm\u00e9 \u00ab le Site \u00bb). Nous nous engageons \u00e0 respecter la nouvelle loi suisse sur la protection des donn\u00e9es (nLPD) et \u00e0 garantir la confidentialit\u00e9 [&hellip;]<\/p>\n","protected":false},"author":1,"featured_media":0,"parent":0,"menu_order":0,"comment_status":"closed","ping_status":"closed","template":"","meta":{"_et_pb_use_builder":"on","_et_pb_old_content":"","_et_gb_content_width":"","_monsterinsights_skip_tracking":false,"_monsterinsights_sitenote_active":false,"_monsterinsights_sitenote_note":"","_monsterinsights_sitenote_category":0,"footnotes":""},"class_list":["post-15590","page","type-page","status-publish","hentry"],"yoast_head":"<!-- This site is optimized with the Yoast SEO plugin v27.3 - https:\/\/yoast.com\/product\/yoast-seo-wordpress\/ -->\n<title>Politique de confidentialit\u00e9 - Grand Raid BCVS<\/title>\n<meta name=\"robots\" content=\"index, follow, max-snippet:-1, max-image-preview:large, max-video-preview:-1\" \/>\n<link rel=\"canonical\" href=\"https:\/\/grand-raid-bcvs.ch\/en\/politique-de-confidentialite\/\" \/>\n<meta property=\"og:locale\" content=\"en_US\" \/>\n<meta property=\"og:type\" content=\"article\" \/>\n<meta property=\"og:title\" content=\"Politique de confidentialit\u00e9 - Grand Raid BCVS\" \/>\n<meta property=\"og:description\" content=\"Politique de confidentialit\u00e9La pr\u00e9sente Politique de Confidentialit\u00e9 d\u00e9crit la mani\u00e8re dont le Grand Raid BCVS collecte, utilise et prot\u00e8ge vos donn\u00e9es personnelles lorsque vous visitez le site web https:\/\/grand-raid-bcvs.ch\/ (ci-apr\u00e8s d\u00e9nomm\u00e9 \u00ab le Site \u00bb). Nous nous engageons \u00e0 respecter la nouvelle loi suisse sur la protection des donn\u00e9es (nLPD) et \u00e0 garantir la confidentialit\u00e9 [&hellip;]\" \/>\n<meta property=\"og:url\" content=\"https:\/\/grand-raid-bcvs.ch\/en\/politique-de-confidentialite\/\" \/>\n<meta property=\"og:site_name\" content=\"Grand Raid BCVS\" \/>\n<meta property=\"article:publisher\" content=\"https:\/\/www.facebook.com\/GrandRaidBCVS\/\" \/>\n<meta property=\"article:modified_time\" content=\"2025-05-26T09:44:46+00:00\" \/>\n<meta name=\"twitter:card\" content=\"summary_large_image\" \/>\n<meta name=\"twitter:label1\" content=\"Est. reading time\" \/>\n\t<meta name=\"twitter:data1\" content=\"9 minutes\" \/>\n<script type=\"application\/ld+json\" class=\"yoast-schema-graph\">{\"@context\":\"https:\\\/\\\/schema.org\",\"@graph\":[{\"@type\":\"WebPage\",\"@id\":\"https:\\\/\\\/grand-raid-bcvs.ch\\\/en\\\/politique-de-confidentialite\\\/\",\"url\":\"https:\\\/\\\/grand-raid-bcvs.ch\\\/en\\\/politique-de-confidentialite\\\/\",\"name\":\"Politique de confidentialit\u00e9 - Grand Raid BCVS\",\"isPartOf\":{\"@id\":\"https:\\\/\\\/grand-raid-bcvs.ch\\\/#website\"},\"datePublished\":\"2025-05-26T09:44:45+00:00\",\"dateModified\":\"2025-05-26T09:44:46+00:00\",\"breadcrumb\":{\"@id\":\"https:\\\/\\\/grand-raid-bcvs.ch\\\/en\\\/politique-de-confidentialite\\\/#breadcrumb\"},\"inLanguage\":\"en-US\",\"potentialAction\":[{\"@type\":\"ReadAction\",\"target\":[\"https:\\\/\\\/grand-raid-bcvs.ch\\\/en\\\/politique-de-confidentialite\\\/\"]}]},{\"@type\":\"BreadcrumbList\",\"@id\":\"https:\\\/\\\/grand-raid-bcvs.ch\\\/en\\\/politique-de-confidentialite\\\/#breadcrumb\",\"itemListElement\":[{\"@type\":\"ListItem\",\"position\":1,\"name\":\"Accueil\",\"item\":\"https:\\\/\\\/grand-raid-bcvs.ch\\\/en\\\/home\\\/\"},{\"@type\":\"ListItem\",\"position\":2,\"name\":\"Politique de confidentialit\u00e9\"}]},{\"@type\":\"WebSite\",\"@id\":\"https:\\\/\\\/grand-raid-bcvs.ch\\\/#website\",\"url\":\"https:\\\/\\\/grand-raid-bcvs.ch\\\/\",\"name\":\"Grand Raid BCVS\",\"description\":\"Site officiel du Grand-Raid BCVs\",\"publisher\":{\"@id\":\"https:\\\/\\\/grand-raid-bcvs.ch\\\/#organization\"},\"potentialAction\":[{\"@type\":\"SearchAction\",\"target\":{\"@type\":\"EntryPoint\",\"urlTemplate\":\"https:\\\/\\\/grand-raid-bcvs.ch\\\/?s={search_term_string}\"},\"query-input\":{\"@type\":\"PropertyValueSpecification\",\"valueRequired\":true,\"valueName\":\"search_term_string\"}}],\"inLanguage\":\"en-US\"},{\"@type\":\"Organization\",\"@id\":\"https:\\\/\\\/grand-raid-bcvs.ch\\\/#organization\",\"name\":\"Grand Raid BCVS\",\"url\":\"https:\\\/\\\/grand-raid-bcvs.ch\\\/\",\"logo\":{\"@type\":\"ImageObject\",\"inLanguage\":\"en-US\",\"@id\":\"https:\\\/\\\/grand-raid-bcvs.ch\\\/#\\\/schema\\\/logo\\\/image\\\/\",\"url\":\"https:\\\/\\\/grand-raid-bcvs.ch\\\/wp-content\\\/uploads\\\/2019\\\/04\\\/GRBCVS.png\",\"contentUrl\":\"https:\\\/\\\/grand-raid-bcvs.ch\\\/wp-content\\\/uploads\\\/2019\\\/04\\\/GRBCVS.png\",\"width\":350,\"height\":319,\"caption\":\"Grand Raid BCVS\"},\"image\":{\"@id\":\"https:\\\/\\\/grand-raid-bcvs.ch\\\/#\\\/schema\\\/logo\\\/image\\\/\"},\"sameAs\":[\"https:\\\/\\\/www.facebook.com\\\/GrandRaidBCVS\\\/\",\"https:\\\/\\\/www.instagram.com\\\/grandraidbcvs\\\/\",\"https:\\\/\\\/www.youtube.com\\\/channel\\\/UCtKP5pcz1AnR-OvepCmevqw\\\/videos\"]}]}<\/script>\n<!-- \/ Yoast SEO plugin. -->","yoast_head_json":{"title":"Politique de confidentialit\u00e9 - Grand Raid BCVS","robots":{"index":"index","follow":"follow","max-snippet":"max-snippet:-1","max-image-preview":"max-image-preview:large","max-video-preview":"max-video-preview:-1"},"canonical":"https:\/\/grand-raid-bcvs.ch\/en\/politique-de-confidentialite\/","og_locale":"en_US","og_type":"article","og_title":"Politique de confidentialit\u00e9 - Grand Raid BCVS","og_description":"Politique de confidentialit\u00e9La pr\u00e9sente Politique de Confidentialit\u00e9 d\u00e9crit la mani\u00e8re dont le Grand Raid BCVS collecte, utilise et prot\u00e8ge vos donn\u00e9es personnelles lorsque vous visitez le site web https:\/\/grand-raid-bcvs.ch\/ (ci-apr\u00e8s d\u00e9nomm\u00e9 \u00ab le Site \u00bb). Nous nous engageons \u00e0 respecter la nouvelle loi suisse sur la protection des donn\u00e9es (nLPD) et \u00e0 garantir la confidentialit\u00e9 [&hellip;]","og_url":"https:\/\/grand-raid-bcvs.ch\/en\/politique-de-confidentialite\/","og_site_name":"Grand Raid BCVS","article_publisher":"https:\/\/www.facebook.com\/GrandRaidBCVS\/","article_modified_time":"2025-05-26T09:44:46+00:00","twitter_card":"summary_large_image","twitter_misc":{"Est. reading time":"9 minutes"},"schema":{"@context":"https:\/\/schema.org","@graph":[{"@type":"WebPage","@id":"https:\/\/grand-raid-bcvs.ch\/en\/politique-de-confidentialite\/","url":"https:\/\/grand-raid-bcvs.ch\/en\/politique-de-confidentialite\/","name":"Politique de confidentialit\u00e9 - Grand Raid BCVS","isPartOf":{"@id":"https:\/\/grand-raid-bcvs.ch\/#website"},"datePublished":"2025-05-26T09:44:45+00:00","dateModified":"2025-05-26T09:44:46+00:00","breadcrumb":{"@id":"https:\/\/grand-raid-bcvs.ch\/en\/politique-de-confidentialite\/#breadcrumb"},"inLanguage":"en-US","potentialAction":[{"@type":"ReadAction","target":["https:\/\/grand-raid-bcvs.ch\/en\/politique-de-confidentialite\/"]}]},{"@type":"BreadcrumbList","@id":"https:\/\/grand-raid-bcvs.ch\/en\/politique-de-confidentialite\/#breadcrumb","itemListElement":[{"@type":"ListItem","position":1,"name":"Accueil","item":"https:\/\/grand-raid-bcvs.ch\/en\/home\/"},{"@type":"ListItem","position":2,"name":"Politique de confidentialit\u00e9"}]},{"@type":"WebSite","@id":"https:\/\/grand-raid-bcvs.ch\/#website","url":"https:\/\/grand-raid-bcvs.ch\/","name":"Grand Raid BCVS","description":"Site officiel du Grand-Raid BCVs","publisher":{"@id":"https:\/\/grand-raid-bcvs.ch\/#organization"},"potentialAction":[{"@type":"SearchAction","target":{"@type":"EntryPoint","urlTemplate":"https:\/\/grand-raid-bcvs.ch\/?s={search_term_string}"},"query-input":{"@type":"PropertyValueSpecification","valueRequired":true,"valueName":"search_term_string"}}],"inLanguage":"en-US"},{"@type":"Organization","@id":"https:\/\/grand-raid-bcvs.ch\/#organization","name":"Grand Raid BCVS","url":"https:\/\/grand-raid-bcvs.ch\/","logo":{"@type":"ImageObject","inLanguage":"en-US","@id":"https:\/\/grand-raid-bcvs.ch\/#\/schema\/logo\/image\/","url":"https:\/\/grand-raid-bcvs.ch\/wp-content\/uploads\/2019\/04\/GRBCVS.png","contentUrl":"https:\/\/grand-raid-bcvs.ch\/wp-content\/uploads\/2019\/04\/GRBCVS.png","width":350,"height":319,"caption":"Grand Raid BCVS"},"image":{"@id":"https:\/\/grand-raid-bcvs.ch\/#\/schema\/logo\/image\/"},"sameAs":["https:\/\/www.facebook.com\/GrandRaidBCVS\/","https:\/\/www.instagram.com\/grandraidbcvs\/","https:\/\/www.youtube.com\/channel\/UCtKP5pcz1AnR-OvepCmevqw\/videos"]}]}},"_links":{"self":[{"href":"https:\/\/grand-raid-bcvs.ch\/en\/wp-json\/wp\/v2\/pages\/15590","targetHints":{"allow":["GET"]}}],"collection":[{"href":"https:\/\/grand-raid-bcvs.ch\/en\/wp-json\/wp\/v2\/pages"}],"about":[{"href":"https:\/\/grand-raid-bcvs.ch\/en\/wp-json\/wp\/v2\/types\/page"}],"author":[{"embeddable":true,"href":"https:\/\/grand-raid-bcvs.ch\/en\/wp-json\/wp\/v2\/users\/1"}],"replies":[{"embeddable":true,"href":"https:\/\/grand-raid-bcvs.ch\/en\/wp-json\/wp\/v2\/comments?post=15590"}],"version-history":[{"count":2,"href":"https:\/\/grand-raid-bcvs.ch\/en\/wp-json\/wp\/v2\/pages\/15590\/revisions"}],"predecessor-version":[{"id":15592,"href":"https:\/\/grand-raid-bcvs.ch\/en\/wp-json\/wp\/v2\/pages\/15590\/revisions\/15592"}],"wp:attachment":[{"href":"https:\/\/grand-raid-bcvs.ch\/en\/wp-json\/wp\/v2\/media?parent=15590"}],"curies":[{"name":"wp","href":"https:\/\/api.w.org\/{rel}","templated":true}]}}