{"id":15597,"date":"2025-05-26T11:57:59","date_gmt":"2025-05-26T09:57:59","guid":{"rendered":"https:\/\/grand-raid-bcvs.ch\/mentions-legales\/"},"modified":"2025-05-26T11:58:01","modified_gmt":"2025-05-26T09:58:01","slug":"mentions-legales","status":"publish","type":"page","link":"https:\/\/grand-raid-bcvs.ch\/en\/mentions-legales\/","title":{"rendered":"Mentions l\u00e9gales"},"content":{"rendered":"<p>[et_pb_section fb_built=&#8221;1&#8243; _builder_version=&#8221;4.16&#8243; global_colors_info=&#8221;{}&#8221;][et_pb_row _builder_version=&#8221;4.16&#8243; background_size=&#8221;initial&#8221; background_position=&#8221;top_left&#8221; background_repeat=&#8221;repeat&#8221; global_colors_info=&#8221;{}&#8221;][et_pb_column type=&#8221;4_4&#8243; _builder_version=&#8221;4.16&#8243; custom_padding=&#8221;|||&#8221; global_colors_info=&#8221;{}&#8221; custom_padding__hover=&#8221;|||&#8221;][et_pb_text _builder_version=&#8221;4.27.4&#8243; _module_preset=&#8221;default&#8221; hover_enabled=&#8221;0&#8243; global_colors_info=&#8221;{}&#8221; sticky_enabled=&#8221;0&#8243;]<\/p>\n<h1>Mentions l\u00e9gales<\/h1>\n<p>[\/et_pb_text][\/et_pb_column][\/et_pb_row][et_pb_row _builder_version=&#8221;4.27.4&#8243; _module_preset=&#8221;default&#8221; global_colors_info=&#8221;{}&#8221;][et_pb_column type=&#8221;4_4&#8243; _builder_version=&#8221;4.27.4&#8243; _module_preset=&#8221;default&#8221; global_colors_info=&#8221;{}&#8221;][et_pb_text _builder_version=&#8221;4.27.4&#8243; _module_preset=&#8221;default&#8221; hover_enabled=&#8221;0&#8243; global_colors_info=&#8221;{}&#8221; sticky_enabled=&#8221;0&#8243;]<\/p>\n<h2>1. Responsabilit\u00e9 globale et \u00e9dition<\/h2>\n<p><strong>Grand Raid BCVS<\/strong><br \/>Route du Moulin 44<br \/>3977 Granges, Suisse<\/p>\n<p>T\u00e9l. : <a href=\"tel:+41272030010\">+41 27 203 00 10<\/a> <\/p>\n<p>Mail : <a href=\"mailto:info@grand-raid-bcvs.ch\">info@grand-raid-bcvs.ch<\/a><\/p>\n<h2>2. H\u00e9bergeur du Site<\/h2>\n<p><strong>Infomaniak Network SA<\/strong><br \/>Rue Eug\u00e8ne Marziano 25<br \/>1227 Carouge, Suisse<\/p>\n<p>T\u00e9l. <a href=\"tel:+41228203540\">+41 22 820 35 40<\/a><\/p>\n<p>&nbsp;<\/p>\n<h2>3. Conception et mise en \u0153uvre technique<\/h2>\n<p>Alpsoft SA<br \/>Rue Pr\u00e9-Fleuri 2c<br \/>1950 Sion, Suisse<\/p>\n<p>Mail : <a href=\"mailto:info@alpsoft.ch\">info@alpsoft.ch<\/a><\/p>\n<p>T\u00e9l. <a href=\"tel:+41273225952\">+41 27 322 59 52<\/a><\/p>\n<p>&nbsp;<\/p>\n<h2>4. Propri\u00e9t\u00e9 intellectuelle<\/h2>\n<p>Tous les contenus pr\u00e9sents sur le Site, y compris mais sans s\u2019y limiter, les textes, images, graphiques, logos, vid\u00e9os, ic\u00f4nes et \u00e9l\u00e9ments audiovisuels, sont la propri\u00e9t\u00e9 exclusive du Grand Raid BCVS ou de leurs d\u00e9tenteurs de droits respectifs, sauf indication contraire. Toute utilisation non autoris\u00e9e de ces contenus est strictement interdite. <\/p>\n<h2>5. Renvois et liens<\/h2>\n<p>Le Site peut contenir des liens vers des sites externes. Le Grand Raid BCVS n\u2019assume aucune responsabilit\u00e9 pour le contenu ou les pratiques de confidentialit\u00e9 de ces sites tiers. <\/p>\n<h2>6. Limitation de responsabilit\u00e9<\/h2>\n<p>Le Grand Raid BCVS s\u2019efforce de fournir des informations pr\u00e9cises et \u00e0 jour sur son site web, mais ne peut garantir l\u2019exactitude, l\u2019exhaustivit\u00e9 ou la pertinence de ces informations. En cons\u00e9quence, le Grand Raid BCVS d\u00e9cline toute responsabilit\u00e9 pour les dommages directs, indirects, cons\u00e9cutifs ou autres d\u00e9coulant de l\u2019utilisation ou de l\u2019impossibilit\u00e9 d\u2019utilisation du site. <\/p>\n<p>Le Grand Raid BCVS s\u2019engage \u00e0 s\u00e9curiser au mieux le Site, cependant sa responsabilit\u00e9 ne pourra \u00eatre mise en cause si des donn\u00e9es ind\u00e9sirables sont import\u00e9es et install\u00e9es sur son site \u00e0 son insu.<\/p>\n<h2>7. Droit applicable<\/h2>\n<p>Le site est r\u00e9gi par le droit suisse. En cas de litige, le for juridique est \u00e9tabli \u00e0 Sion, en Suisse. <\/p>\n<p>&nbsp;<\/p>\n<p><em> Derni\u00e8re mise \u00e0 jour : Avril 2025<\/em><\/p>\n<p>&nbsp;<\/p>\n<p>[\/et_pb_text][\/et_pb_column][\/et_pb_row][\/et_pb_section]<\/p>\n","protected":false},"excerpt":{"rendered":"<p>Mentions l\u00e9gales1. Responsabilit\u00e9 globale et \u00e9dition Grand Raid BCVSRoute du Moulin 443977 Granges, Suisse T\u00e9l. : +41 27 203 00 10 Mail : info@grand-raid-bcvs.ch 2. H\u00e9bergeur du Site Infomaniak Network SARue Eug\u00e8ne Marziano 251227 Carouge, Suisse T\u00e9l. +41 22 820 35 40 &nbsp; 3. Conception et mise en \u0153uvre technique Alpsoft SARue Pr\u00e9-Fleuri 2c1950 Sion, [&hellip;]<\/p>\n","protected":false},"author":1,"featured_media":0,"parent":0,"menu_order":0,"comment_status":"closed","ping_status":"closed","template":"","meta":{"_et_pb_use_builder":"on","_et_pb_old_content":"","_et_gb_content_width":"","_monsterinsights_skip_tracking":false,"_monsterinsights_sitenote_active":false,"_monsterinsights_sitenote_note":"","_monsterinsights_sitenote_category":0,"footnotes":""},"class_list":["post-15597","page","type-page","status-publish","hentry"],"yoast_head":"<!-- This site is optimized with the Yoast SEO plugin v27.3 - https:\/\/yoast.com\/product\/yoast-seo-wordpress\/ -->\n<title>Mentions l\u00e9gales - Grand Raid BCVS<\/title>\n<meta name=\"robots\" content=\"index, follow, max-snippet:-1, max-image-preview:large, max-video-preview:-1\" \/>\n<link rel=\"canonical\" href=\"https:\/\/grand-raid-bcvs.ch\/en\/mentions-legales\/\" \/>\n<meta property=\"og:locale\" content=\"en_US\" \/>\n<meta property=\"og:type\" content=\"article\" \/>\n<meta property=\"og:title\" content=\"Mentions l\u00e9gales - Grand Raid BCVS\" \/>\n<meta property=\"og:description\" content=\"Mentions l\u00e9gales1. Responsabilit\u00e9 globale et \u00e9dition Grand Raid BCVSRoute du Moulin 443977 Granges, Suisse T\u00e9l. : +41 27 203 00 10 Mail : info@grand-raid-bcvs.ch 2. H\u00e9bergeur du Site Infomaniak Network SARue Eug\u00e8ne Marziano 251227 Carouge, Suisse T\u00e9l. +41 22 820 35 40 &nbsp; 3. Conception et mise en \u0153uvre technique Alpsoft SARue Pr\u00e9-Fleuri 2c1950 Sion, [&hellip;]\" \/>\n<meta property=\"og:url\" content=\"https:\/\/grand-raid-bcvs.ch\/en\/mentions-legales\/\" \/>\n<meta property=\"og:site_name\" content=\"Grand Raid BCVS\" \/>\n<meta property=\"article:publisher\" content=\"https:\/\/www.facebook.com\/GrandRaidBCVS\/\" \/>\n<meta property=\"article:modified_time\" content=\"2025-05-26T09:58:01+00:00\" \/>\n<meta name=\"twitter:card\" content=\"summary_large_image\" \/>\n<meta name=\"twitter:label1\" content=\"Est. reading time\" \/>\n\t<meta name=\"twitter:data1\" content=\"2 minutes\" \/>\n<script type=\"application\/ld+json\" class=\"yoast-schema-graph\">{\"@context\":\"https:\\\/\\\/schema.org\",\"@graph\":[{\"@type\":\"WebPage\",\"@id\":\"https:\\\/\\\/grand-raid-bcvs.ch\\\/en\\\/mentions-legales\\\/\",\"url\":\"https:\\\/\\\/grand-raid-bcvs.ch\\\/en\\\/mentions-legales\\\/\",\"name\":\"Mentions l\u00e9gales - Grand Raid BCVS\",\"isPartOf\":{\"@id\":\"https:\\\/\\\/grand-raid-bcvs.ch\\\/#website\"},\"datePublished\":\"2025-05-26T09:57:59+00:00\",\"dateModified\":\"2025-05-26T09:58:01+00:00\",\"breadcrumb\":{\"@id\":\"https:\\\/\\\/grand-raid-bcvs.ch\\\/en\\\/mentions-legales\\\/#breadcrumb\"},\"inLanguage\":\"en-US\",\"potentialAction\":[{\"@type\":\"ReadAction\",\"target\":[\"https:\\\/\\\/grand-raid-bcvs.ch\\\/en\\\/mentions-legales\\\/\"]}]},{\"@type\":\"BreadcrumbList\",\"@id\":\"https:\\\/\\\/grand-raid-bcvs.ch\\\/en\\\/mentions-legales\\\/#breadcrumb\",\"itemListElement\":[{\"@type\":\"ListItem\",\"position\":1,\"name\":\"Accueil\",\"item\":\"https:\\\/\\\/grand-raid-bcvs.ch\\\/en\\\/home\\\/\"},{\"@type\":\"ListItem\",\"position\":2,\"name\":\"Mentions l\u00e9gales\"}]},{\"@type\":\"WebSite\",\"@id\":\"https:\\\/\\\/grand-raid-bcvs.ch\\\/#website\",\"url\":\"https:\\\/\\\/grand-raid-bcvs.ch\\\/\",\"name\":\"Grand Raid BCVS\",\"description\":\"Site officiel du Grand-Raid BCVs\",\"publisher\":{\"@id\":\"https:\\\/\\\/grand-raid-bcvs.ch\\\/#organization\"},\"potentialAction\":[{\"@type\":\"SearchAction\",\"target\":{\"@type\":\"EntryPoint\",\"urlTemplate\":\"https:\\\/\\\/grand-raid-bcvs.ch\\\/?s={search_term_string}\"},\"query-input\":{\"@type\":\"PropertyValueSpecification\",\"valueRequired\":true,\"valueName\":\"search_term_string\"}}],\"inLanguage\":\"en-US\"},{\"@type\":\"Organization\",\"@id\":\"https:\\\/\\\/grand-raid-bcvs.ch\\\/#organization\",\"name\":\"Grand Raid BCVS\",\"url\":\"https:\\\/\\\/grand-raid-bcvs.ch\\\/\",\"logo\":{\"@type\":\"ImageObject\",\"inLanguage\":\"en-US\",\"@id\":\"https:\\\/\\\/grand-raid-bcvs.ch\\\/#\\\/schema\\\/logo\\\/image\\\/\",\"url\":\"https:\\\/\\\/grand-raid-bcvs.ch\\\/wp-content\\\/uploads\\\/2019\\\/04\\\/GRBCVS.png\",\"contentUrl\":\"https:\\\/\\\/grand-raid-bcvs.ch\\\/wp-content\\\/uploads\\\/2019\\\/04\\\/GRBCVS.png\",\"width\":350,\"height\":319,\"caption\":\"Grand Raid BCVS\"},\"image\":{\"@id\":\"https:\\\/\\\/grand-raid-bcvs.ch\\\/#\\\/schema\\\/logo\\\/image\\\/\"},\"sameAs\":[\"https:\\\/\\\/www.facebook.com\\\/GrandRaidBCVS\\\/\",\"https:\\\/\\\/www.instagram.com\\\/grandraidbcvs\\\/\",\"https:\\\/\\\/www.youtube.com\\\/channel\\\/UCtKP5pcz1AnR-OvepCmevqw\\\/videos\"]}]}<\/script>\n<!-- \/ Yoast SEO plugin. -->","yoast_head_json":{"title":"Mentions l\u00e9gales - Grand Raid BCVS","robots":{"index":"index","follow":"follow","max-snippet":"max-snippet:-1","max-image-preview":"max-image-preview:large","max-video-preview":"max-video-preview:-1"},"canonical":"https:\/\/grand-raid-bcvs.ch\/en\/mentions-legales\/","og_locale":"en_US","og_type":"article","og_title":"Mentions l\u00e9gales - Grand Raid BCVS","og_description":"Mentions l\u00e9gales1. Responsabilit\u00e9 globale et \u00e9dition Grand Raid BCVSRoute du Moulin 443977 Granges, Suisse T\u00e9l. : +41 27 203 00 10 Mail : info@grand-raid-bcvs.ch 2. H\u00e9bergeur du Site Infomaniak Network SARue Eug\u00e8ne Marziano 251227 Carouge, Suisse T\u00e9l. +41 22 820 35 40 &nbsp; 3. Conception et mise en \u0153uvre technique Alpsoft SARue Pr\u00e9-Fleuri 2c1950 Sion, [&hellip;]","og_url":"https:\/\/grand-raid-bcvs.ch\/en\/mentions-legales\/","og_site_name":"Grand Raid BCVS","article_publisher":"https:\/\/www.facebook.com\/GrandRaidBCVS\/","article_modified_time":"2025-05-26T09:58:01+00:00","twitter_card":"summary_large_image","twitter_misc":{"Est. reading time":"2 minutes"},"schema":{"@context":"https:\/\/schema.org","@graph":[{"@type":"WebPage","@id":"https:\/\/grand-raid-bcvs.ch\/en\/mentions-legales\/","url":"https:\/\/grand-raid-bcvs.ch\/en\/mentions-legales\/","name":"Mentions l\u00e9gales - Grand Raid BCVS","isPartOf":{"@id":"https:\/\/grand-raid-bcvs.ch\/#website"},"datePublished":"2025-05-26T09:57:59+00:00","dateModified":"2025-05-26T09:58:01+00:00","breadcrumb":{"@id":"https:\/\/grand-raid-bcvs.ch\/en\/mentions-legales\/#breadcrumb"},"inLanguage":"en-US","potentialAction":[{"@type":"ReadAction","target":["https:\/\/grand-raid-bcvs.ch\/en\/mentions-legales\/"]}]},{"@type":"BreadcrumbList","@id":"https:\/\/grand-raid-bcvs.ch\/en\/mentions-legales\/#breadcrumb","itemListElement":[{"@type":"ListItem","position":1,"name":"Accueil","item":"https:\/\/grand-raid-bcvs.ch\/en\/home\/"},{"@type":"ListItem","position":2,"name":"Mentions l\u00e9gales"}]},{"@type":"WebSite","@id":"https:\/\/grand-raid-bcvs.ch\/#website","url":"https:\/\/grand-raid-bcvs.ch\/","name":"Grand Raid BCVS","description":"Site officiel du Grand-Raid BCVs","publisher":{"@id":"https:\/\/grand-raid-bcvs.ch\/#organization"},"potentialAction":[{"@type":"SearchAction","target":{"@type":"EntryPoint","urlTemplate":"https:\/\/grand-raid-bcvs.ch\/?s={search_term_string}"},"query-input":{"@type":"PropertyValueSpecification","valueRequired":true,"valueName":"search_term_string"}}],"inLanguage":"en-US"},{"@type":"Organization","@id":"https:\/\/grand-raid-bcvs.ch\/#organization","name":"Grand Raid BCVS","url":"https:\/\/grand-raid-bcvs.ch\/","logo":{"@type":"ImageObject","inLanguage":"en-US","@id":"https:\/\/grand-raid-bcvs.ch\/#\/schema\/logo\/image\/","url":"https:\/\/grand-raid-bcvs.ch\/wp-content\/uploads\/2019\/04\/GRBCVS.png","contentUrl":"https:\/\/grand-raid-bcvs.ch\/wp-content\/uploads\/2019\/04\/GRBCVS.png","width":350,"height":319,"caption":"Grand Raid BCVS"},"image":{"@id":"https:\/\/grand-raid-bcvs.ch\/#\/schema\/logo\/image\/"},"sameAs":["https:\/\/www.facebook.com\/GrandRaidBCVS\/","https:\/\/www.instagram.com\/grandraidbcvs\/","https:\/\/www.youtube.com\/channel\/UCtKP5pcz1AnR-OvepCmevqw\/videos"]}]}},"_links":{"self":[{"href":"https:\/\/grand-raid-bcvs.ch\/en\/wp-json\/wp\/v2\/pages\/15597","targetHints":{"allow":["GET"]}}],"collection":[{"href":"https:\/\/grand-raid-bcvs.ch\/en\/wp-json\/wp\/v2\/pages"}],"about":[{"href":"https:\/\/grand-raid-bcvs.ch\/en\/wp-json\/wp\/v2\/types\/page"}],"author":[{"embeddable":true,"href":"https:\/\/grand-raid-bcvs.ch\/en\/wp-json\/wp\/v2\/users\/1"}],"replies":[{"embeddable":true,"href":"https:\/\/grand-raid-bcvs.ch\/en\/wp-json\/wp\/v2\/comments?post=15597"}],"version-history":[{"count":2,"href":"https:\/\/grand-raid-bcvs.ch\/en\/wp-json\/wp\/v2\/pages\/15597\/revisions"}],"predecessor-version":[{"id":15599,"href":"https:\/\/grand-raid-bcvs.ch\/en\/wp-json\/wp\/v2\/pages\/15597\/revisions\/15599"}],"wp:attachment":[{"href":"https:\/\/grand-raid-bcvs.ch\/en\/wp-json\/wp\/v2\/media?parent=15597"}],"curies":[{"name":"wp","href":"https:\/\/api.w.org\/{rel}","templated":true}]}}