{"id":15609,"date":"2025-05-26T12:08:39","date_gmt":"2025-05-26T10:08:39","guid":{"rendered":"https:\/\/grand-raid-bcvs.ch\/conditions-generales-de-vente\/"},"modified":"2025-05-26T12:08:42","modified_gmt":"2025-05-26T10:08:42","slug":"conditions-generales-de-vente","status":"publish","type":"page","link":"https:\/\/grand-raid-bcvs.ch\/en\/conditions-generales-de-vente\/","title":{"rendered":"Conditions g\u00e9n\u00e9rales de vente"},"content":{"rendered":"<p>[et_pb_section fb_built=&#8221;1&#8243; _builder_version=&#8221;4.16&#8243; global_colors_info=&#8221;{}&#8221;][et_pb_row _builder_version=&#8221;4.16&#8243; background_size=&#8221;initial&#8221; background_position=&#8221;top_left&#8221; background_repeat=&#8221;repeat&#8221; global_colors_info=&#8221;{}&#8221;][et_pb_column type=&#8221;4_4&#8243; _builder_version=&#8221;4.16&#8243; custom_padding=&#8221;|||&#8221; global_colors_info=&#8221;{}&#8221; custom_padding__hover=&#8221;|||&#8221;][et_pb_text _builder_version=&#8221;4.27.4&#8243; _module_preset=&#8221;default&#8221; hover_enabled=&#8221;0&#8243; global_colors_info=&#8221;{}&#8221; sticky_enabled=&#8221;0&#8243;]<\/p>\n<h1>Conditions g\u00e9n\u00e9rales de vente<\/h1>\n<p>[\/et_pb_text][\/et_pb_column][\/et_pb_row][et_pb_row _builder_version=&#8221;4.27.4&#8243; _module_preset=&#8221;default&#8221; global_colors_info=&#8221;{}&#8221;][et_pb_column type=&#8221;4_4&#8243; _builder_version=&#8221;4.27.4&#8243; _module_preset=&#8221;default&#8221; global_colors_info=&#8221;{}&#8221;][et_pb_text _builder_version=&#8221;4.27.4&#8243; _module_preset=&#8221;default&#8221; hover_enabled=&#8221;0&#8243; global_colors_info=&#8221;{}&#8221; sticky_enabled=&#8221;0&#8243;]<\/p>\n<p>Les pr\u00e9sentes conditions g\u00e9n\u00e9rales de vente (\u00ab Conditions \u00bb) r\u00e9gissent la vente de produits textiles et autres accessoires \u00e0 l\u2019effigie du Grand Raid BCVS et sont vendus uniquement par le Grand Raid BCVS. En passant une commande sur notre Site, vous acceptez ces Conditions. Veuillez les lire attentivement avant de passer votre commande.  <\/p>\n<p>[\/et_pb_text][\/et_pb_column][\/et_pb_row][et_pb_row _builder_version=&#8221;4.27.4&#8243; _module_preset=&#8221;default&#8221; global_colors_info=&#8221;{}&#8221;][et_pb_column type=&#8221;4_4&#8243; _builder_version=&#8221;4.27.4&#8243; _module_preset=&#8221;default&#8221; global_colors_info=&#8221;{}&#8221;][et_pb_text _builder_version=&#8221;4.27.4&#8243; _module_preset=&#8221;default&#8221; hover_enabled=&#8221;0&#8243; global_colors_info=&#8221;{}&#8221; sticky_enabled=&#8221;0&#8243;]<\/p>\n<h2>1. Produits<\/h2>\n<p>Les produits propos\u00e9s \u00e0 la vente sur notre site web sont des produits textiles et autres accessoires \u00e0 l\u2019effigie du Grand Raid BCVS. Les descriptions, les images des produits et l\u2019\u00e9tat des stocks sont fournis \u00e0 titre indicatif et peuvent diff\u00e9rer du produit r\u00e9el. <\/p>\n<h2>2. P\u00e9rim\u00e8tre de vente et livraison \u00e0 l\u2019\u00e9tranger<\/h2>\n<p>Les commandes pass\u00e9es sur notre site web sont limit\u00e9es au territoire suisse. Si, vous souhaitez organiser une livraison \u00e0 l\u2019\u00e9tranger, veuillez contacter notre secr\u00e9tariat au num\u00e9ro suivant <a href=\"tel:+41272030010\">+41 27 203 00 10<\/a> ou adresser un e-mail \u00e0 <a href=\"mailto:info@grand-raid-bcvs.ch\">info@grand-raid-bcvs.ch<\/a>. Veuillez noter que les modalit\u00e9s et les frais de livraison pour les commandes \u00e0 l\u2019\u00e9tranger peuvent diff\u00e9rer de celles applicables en Suisse.  <\/p>\n<h2>3. Donn\u00e9es de l\u2019utilisateur<\/h2>\n<p>Pour passer commande sur notre boutique en ligne, vous devrez fournir des informations personnelles telles que votre nom, votre adresse, votre adresse \u00e9lectronique et votre num\u00e9ro de t\u00e9l\u00e9phone. Ces informations sont n\u00e9cessaires pour le traitement de votre commande et la livraison de vos produits. Nous nous engageons \u00e0 prot\u00e9ger la confidentialit\u00e9 de vos donn\u00e9es et \u00e0 les utiliser conform\u00e9ment \u00e0 notre Politique de Confidentialit\u00e9. Vous \u00eates responsable de maintenir la confidentialit\u00e9 de vos informations de compte et de vous assurer qu\u2019elles sont \u00e0 jour et exactes.   <\/p>\n<h2>4. Commande<\/h2>\n<p>En passant une commande, vous acceptez d\u2019acheter les produits s\u00e9lectionn\u00e9s au prix indiqu\u00e9, ainsi que les frais de livraison applicables.<\/p>\n<h2>5. Prix et paiement<\/h2>\n<p>Les prix des produits sont indiqu\u00e9s en francs suisses (CHF) et incluent toutes les taxes (TTC).<\/p>\n<p>Des frais suppl\u00e9mentaires s\u2019appliquent pour les livraisons \u00e0 l\u2019\u00e9tranger.<br \/>Le paiement peut \u00eatre effectu\u00e9 en ligne via les m\u00e9thodes de paiement disponibles sur notre boutique.<\/p>\n<h2>6. Livraison<\/h2>\n<p>Le d\u00e9lai de livraison est g\u00e9n\u00e9ralement de 2 semaines \u00e0 compter de la date de commande. Ce d\u00e9lai peut varier en fonction de la disponibilit\u00e9 des produits et des conditions de livraison. <\/p>\n<p>La livraison est effectu\u00e9e \u00e0 l\u2019adresse que vous avez indiqu\u00e9e lors de la commande. Vous \u00eates responsable de fournir une adresse de livraison correcte et accessible. <\/p>\n<h2>7. Annulation des commandes et droit de retour<\/h2>\n<p>Les cas d\u2019inex\u00e9cution du contrat sont soumis au r\u00e9gime l\u00e9gal suisse.<\/p>\n<p>Nous rendons le client attentif qu\u2019une fois valid\u00e9e, la commande ne pourra pas \u00eatre annul\u00e9e.<\/p>\n<p>Le client a l\u2019obligation de contr\u00f4ler les articles re\u00e7us \u00e0 la r\u00e9ception. En cas de non-conformit\u00e9 de la commande, le client doit aviser le \u00ab Grand Raid BCVS \u00bb sans d\u00e9lais par e-mail \u00e0 <a href=\"mailto:info@grand-raid-bcvs.ch\">info@grand-raid-bcvs.ch<\/a> ou par t\u00e9l\u00e9phone au <a href=\"tel:+41272030010\">+ 41 27 203 00 10<\/a>. L\u2019\u00e9ventuel retour des articles sera organis\u00e9 par le \u00ab Grand Raid BCVS \u00bb qui indiquera au client la proc\u00e9dure \u00e0 suivre.  <\/p>\n<h2>8. Protection des donn\u00e9es<\/h2>\n<p>Les donn\u00e9es personnelles collect\u00e9es lors de votre commande et de la passation de commande sont trait\u00e9es conform\u00e9ment \u00e0 notre Politique de Confidentialit\u00e9.<\/p>\n<h2>9. Droit applicable<\/h2>\n<p>Les pr\u00e9sentes conditions de vente sont soumises exclusivement au droit suisse. En utilisant le service de vente en ligne, les clients du Site s\u2019engagent \u00e0 respecter toutes les dispositions utiles du droit f\u00e9d\u00e9ral et du droit cantonal ainsi que les pr\u00e9sentes conditions de vente. <\/p>\n<p>Ils sont notamment rendus attentifs au fait qu\u2019en vertu de la loi, les personnes de moins de 18 ans ne peuvent acc\u00e9der au service de vente en ligne.<\/p>\n<h2>10. Coordonn\u00e9es<\/h2>\n<p>Pour contacter le Service Clients :<\/p>\n<p>Par mail : <a href=\"mailto:info@grand-raid-bcvs.ch\">info@grand-raid-bcvs.ch<\/a><\/p>\n<p>Par t\u00e9l\u00e9phone : <a href=\"tel:+41272030010\">+41 27 203 00 10<\/a><\/p>\n<p>&nbsp;<\/p>\n<p><em>Derni\u00e8re mise \u00e0 jour : avril 2025<\/em><\/p>\n<p>[\/et_pb_text][\/et_pb_column][\/et_pb_row][\/et_pb_section]<\/p>\n","protected":false},"excerpt":{"rendered":"<p>Conditions g\u00e9n\u00e9rales de venteLes pr\u00e9sentes conditions g\u00e9n\u00e9rales de vente (\u00ab Conditions \u00bb) r\u00e9gissent la vente de produits textiles et autres accessoires \u00e0 l\u2019effigie du Grand Raid BCVS et sont vendus uniquement par le Grand Raid BCVS. En passant une commande sur notre Site, vous acceptez ces Conditions. Veuillez les lire attentivement avant de passer votre [&hellip;]<\/p>\n","protected":false},"author":1,"featured_media":0,"parent":0,"menu_order":0,"comment_status":"closed","ping_status":"closed","template":"","meta":{"_et_pb_use_builder":"on","_et_pb_old_content":"","_et_gb_content_width":"","_monsterinsights_skip_tracking":false,"_monsterinsights_sitenote_active":false,"_monsterinsights_sitenote_note":"","_monsterinsights_sitenote_category":0,"footnotes":""},"class_list":["post-15609","page","type-page","status-publish","hentry"],"yoast_head":"<!-- This site is optimized with the Yoast SEO plugin v27.3 - https:\/\/yoast.com\/product\/yoast-seo-wordpress\/ -->\n<title>Conditions g\u00e9n\u00e9rales de vente - Grand Raid BCVS<\/title>\n<meta name=\"robots\" content=\"index, follow, max-snippet:-1, max-image-preview:large, max-video-preview:-1\" \/>\n<link rel=\"canonical\" href=\"https:\/\/grand-raid-bcvs.ch\/en\/conditions-generales-de-vente\/\" \/>\n<meta property=\"og:locale\" content=\"en_US\" \/>\n<meta property=\"og:type\" content=\"article\" \/>\n<meta property=\"og:title\" content=\"Conditions g\u00e9n\u00e9rales de vente - Grand Raid BCVS\" \/>\n<meta property=\"og:description\" content=\"Conditions g\u00e9n\u00e9rales de venteLes pr\u00e9sentes conditions g\u00e9n\u00e9rales de vente (\u00ab Conditions \u00bb) r\u00e9gissent la vente de produits textiles et autres accessoires \u00e0 l\u2019effigie du Grand Raid BCVS et sont vendus uniquement par le Grand Raid BCVS. En passant une commande sur notre Site, vous acceptez ces Conditions. Veuillez les lire attentivement avant de passer votre [&hellip;]\" \/>\n<meta property=\"og:url\" content=\"https:\/\/grand-raid-bcvs.ch\/en\/conditions-generales-de-vente\/\" \/>\n<meta property=\"og:site_name\" content=\"Grand Raid BCVS\" \/>\n<meta property=\"article:publisher\" content=\"https:\/\/www.facebook.com\/GrandRaidBCVS\/\" \/>\n<meta property=\"article:modified_time\" content=\"2025-05-26T10:08:42+00:00\" \/>\n<meta name=\"twitter:card\" content=\"summary_large_image\" \/>\n<meta name=\"twitter:label1\" content=\"Est. reading time\" \/>\n\t<meta name=\"twitter:data1\" content=\"4 minutes\" \/>\n<script type=\"application\/ld+json\" class=\"yoast-schema-graph\">{\"@context\":\"https:\\\/\\\/schema.org\",\"@graph\":[{\"@type\":\"WebPage\",\"@id\":\"https:\\\/\\\/grand-raid-bcvs.ch\\\/en\\\/conditions-generales-de-vente\\\/\",\"url\":\"https:\\\/\\\/grand-raid-bcvs.ch\\\/en\\\/conditions-generales-de-vente\\\/\",\"name\":\"Conditions g\u00e9n\u00e9rales de vente - Grand Raid BCVS\",\"isPartOf\":{\"@id\":\"https:\\\/\\\/grand-raid-bcvs.ch\\\/#website\"},\"datePublished\":\"2025-05-26T10:08:39+00:00\",\"dateModified\":\"2025-05-26T10:08:42+00:00\",\"breadcrumb\":{\"@id\":\"https:\\\/\\\/grand-raid-bcvs.ch\\\/en\\\/conditions-generales-de-vente\\\/#breadcrumb\"},\"inLanguage\":\"en-US\",\"potentialAction\":[{\"@type\":\"ReadAction\",\"target\":[\"https:\\\/\\\/grand-raid-bcvs.ch\\\/en\\\/conditions-generales-de-vente\\\/\"]}]},{\"@type\":\"BreadcrumbList\",\"@id\":\"https:\\\/\\\/grand-raid-bcvs.ch\\\/en\\\/conditions-generales-de-vente\\\/#breadcrumb\",\"itemListElement\":[{\"@type\":\"ListItem\",\"position\":1,\"name\":\"Accueil\",\"item\":\"https:\\\/\\\/grand-raid-bcvs.ch\\\/en\\\/home\\\/\"},{\"@type\":\"ListItem\",\"position\":2,\"name\":\"Conditions g\u00e9n\u00e9rales de vente\"}]},{\"@type\":\"WebSite\",\"@id\":\"https:\\\/\\\/grand-raid-bcvs.ch\\\/#website\",\"url\":\"https:\\\/\\\/grand-raid-bcvs.ch\\\/\",\"name\":\"Grand Raid BCVS\",\"description\":\"Site officiel du Grand-Raid BCVs\",\"publisher\":{\"@id\":\"https:\\\/\\\/grand-raid-bcvs.ch\\\/#organization\"},\"potentialAction\":[{\"@type\":\"SearchAction\",\"target\":{\"@type\":\"EntryPoint\",\"urlTemplate\":\"https:\\\/\\\/grand-raid-bcvs.ch\\\/?s={search_term_string}\"},\"query-input\":{\"@type\":\"PropertyValueSpecification\",\"valueRequired\":true,\"valueName\":\"search_term_string\"}}],\"inLanguage\":\"en-US\"},{\"@type\":\"Organization\",\"@id\":\"https:\\\/\\\/grand-raid-bcvs.ch\\\/#organization\",\"name\":\"Grand Raid BCVS\",\"url\":\"https:\\\/\\\/grand-raid-bcvs.ch\\\/\",\"logo\":{\"@type\":\"ImageObject\",\"inLanguage\":\"en-US\",\"@id\":\"https:\\\/\\\/grand-raid-bcvs.ch\\\/#\\\/schema\\\/logo\\\/image\\\/\",\"url\":\"https:\\\/\\\/grand-raid-bcvs.ch\\\/wp-content\\\/uploads\\\/2019\\\/04\\\/GRBCVS.png\",\"contentUrl\":\"https:\\\/\\\/grand-raid-bcvs.ch\\\/wp-content\\\/uploads\\\/2019\\\/04\\\/GRBCVS.png\",\"width\":350,\"height\":319,\"caption\":\"Grand Raid BCVS\"},\"image\":{\"@id\":\"https:\\\/\\\/grand-raid-bcvs.ch\\\/#\\\/schema\\\/logo\\\/image\\\/\"},\"sameAs\":[\"https:\\\/\\\/www.facebook.com\\\/GrandRaidBCVS\\\/\",\"https:\\\/\\\/www.instagram.com\\\/grandraidbcvs\\\/\",\"https:\\\/\\\/www.youtube.com\\\/channel\\\/UCtKP5pcz1AnR-OvepCmevqw\\\/videos\"]}]}<\/script>\n<!-- \/ Yoast SEO plugin. -->","yoast_head_json":{"title":"Conditions g\u00e9n\u00e9rales de vente - Grand Raid BCVS","robots":{"index":"index","follow":"follow","max-snippet":"max-snippet:-1","max-image-preview":"max-image-preview:large","max-video-preview":"max-video-preview:-1"},"canonical":"https:\/\/grand-raid-bcvs.ch\/en\/conditions-generales-de-vente\/","og_locale":"en_US","og_type":"article","og_title":"Conditions g\u00e9n\u00e9rales de vente - Grand Raid BCVS","og_description":"Conditions g\u00e9n\u00e9rales de venteLes pr\u00e9sentes conditions g\u00e9n\u00e9rales de vente (\u00ab Conditions \u00bb) r\u00e9gissent la vente de produits textiles et autres accessoires \u00e0 l\u2019effigie du Grand Raid BCVS et sont vendus uniquement par le Grand Raid BCVS. En passant une commande sur notre Site, vous acceptez ces Conditions. Veuillez les lire attentivement avant de passer votre [&hellip;]","og_url":"https:\/\/grand-raid-bcvs.ch\/en\/conditions-generales-de-vente\/","og_site_name":"Grand Raid BCVS","article_publisher":"https:\/\/www.facebook.com\/GrandRaidBCVS\/","article_modified_time":"2025-05-26T10:08:42+00:00","twitter_card":"summary_large_image","twitter_misc":{"Est. reading time":"4 minutes"},"schema":{"@context":"https:\/\/schema.org","@graph":[{"@type":"WebPage","@id":"https:\/\/grand-raid-bcvs.ch\/en\/conditions-generales-de-vente\/","url":"https:\/\/grand-raid-bcvs.ch\/en\/conditions-generales-de-vente\/","name":"Conditions g\u00e9n\u00e9rales de vente - Grand Raid BCVS","isPartOf":{"@id":"https:\/\/grand-raid-bcvs.ch\/#website"},"datePublished":"2025-05-26T10:08:39+00:00","dateModified":"2025-05-26T10:08:42+00:00","breadcrumb":{"@id":"https:\/\/grand-raid-bcvs.ch\/en\/conditions-generales-de-vente\/#breadcrumb"},"inLanguage":"en-US","potentialAction":[{"@type":"ReadAction","target":["https:\/\/grand-raid-bcvs.ch\/en\/conditions-generales-de-vente\/"]}]},{"@type":"BreadcrumbList","@id":"https:\/\/grand-raid-bcvs.ch\/en\/conditions-generales-de-vente\/#breadcrumb","itemListElement":[{"@type":"ListItem","position":1,"name":"Accueil","item":"https:\/\/grand-raid-bcvs.ch\/en\/home\/"},{"@type":"ListItem","position":2,"name":"Conditions g\u00e9n\u00e9rales de vente"}]},{"@type":"WebSite","@id":"https:\/\/grand-raid-bcvs.ch\/#website","url":"https:\/\/grand-raid-bcvs.ch\/","name":"Grand Raid BCVS","description":"Site officiel du Grand-Raid BCVs","publisher":{"@id":"https:\/\/grand-raid-bcvs.ch\/#organization"},"potentialAction":[{"@type":"SearchAction","target":{"@type":"EntryPoint","urlTemplate":"https:\/\/grand-raid-bcvs.ch\/?s={search_term_string}"},"query-input":{"@type":"PropertyValueSpecification","valueRequired":true,"valueName":"search_term_string"}}],"inLanguage":"en-US"},{"@type":"Organization","@id":"https:\/\/grand-raid-bcvs.ch\/#organization","name":"Grand Raid BCVS","url":"https:\/\/grand-raid-bcvs.ch\/","logo":{"@type":"ImageObject","inLanguage":"en-US","@id":"https:\/\/grand-raid-bcvs.ch\/#\/schema\/logo\/image\/","url":"https:\/\/grand-raid-bcvs.ch\/wp-content\/uploads\/2019\/04\/GRBCVS.png","contentUrl":"https:\/\/grand-raid-bcvs.ch\/wp-content\/uploads\/2019\/04\/GRBCVS.png","width":350,"height":319,"caption":"Grand Raid BCVS"},"image":{"@id":"https:\/\/grand-raid-bcvs.ch\/#\/schema\/logo\/image\/"},"sameAs":["https:\/\/www.facebook.com\/GrandRaidBCVS\/","https:\/\/www.instagram.com\/grandraidbcvs\/","https:\/\/www.youtube.com\/channel\/UCtKP5pcz1AnR-OvepCmevqw\/videos"]}]}},"_links":{"self":[{"href":"https:\/\/grand-raid-bcvs.ch\/en\/wp-json\/wp\/v2\/pages\/15609","targetHints":{"allow":["GET"]}}],"collection":[{"href":"https:\/\/grand-raid-bcvs.ch\/en\/wp-json\/wp\/v2\/pages"}],"about":[{"href":"https:\/\/grand-raid-bcvs.ch\/en\/wp-json\/wp\/v2\/types\/page"}],"author":[{"embeddable":true,"href":"https:\/\/grand-raid-bcvs.ch\/en\/wp-json\/wp\/v2\/users\/1"}],"replies":[{"embeddable":true,"href":"https:\/\/grand-raid-bcvs.ch\/en\/wp-json\/wp\/v2\/comments?post=15609"}],"version-history":[{"count":2,"href":"https:\/\/grand-raid-bcvs.ch\/en\/wp-json\/wp\/v2\/pages\/15609\/revisions"}],"predecessor-version":[{"id":15611,"href":"https:\/\/grand-raid-bcvs.ch\/en\/wp-json\/wp\/v2\/pages\/15609\/revisions\/15611"}],"wp:attachment":[{"href":"https:\/\/grand-raid-bcvs.ch\/en\/wp-json\/wp\/v2\/media?parent=15609"}],"curies":[{"name":"wp","href":"https:\/\/api.w.org\/{rel}","templated":true}]}}